{"id":1884,"date":"2023-08-04T15:42:25","date_gmt":"2023-08-04T15:42:25","guid":{"rendered":"http:\/\/localhost\/lawmaster\/?page_id=1884"},"modified":"2025-09-03T20:29:34","modified_gmt":"2025-09-03T17:29:34","slug":"urunlerimiz","status":"publish","type":"page","link":"https:\/\/www.basarreklam.com\/index.php\/urunlerimiz\/","title":{"rendered":"\u00dcr\u00fcnlerimiz"},"content":{"rendered":"\t\t<div data-elementor-type=\"wp-page\" data-elementor-id=\"1884\" class=\"elementor elementor-1884\" data-elementor-post-type=\"page\">\n\t\t\t\t<div class=\"elementor-element elementor-element-b7392c1 e-flex e-con-boxed e-con e-parent\" data-id=\"b7392c1\" data-element_type=\"container\">\n\t\t\t\t\t<div class=\"e-con-inner\">\n\t\t\t\t<div class=\"elementor-element elementor-element-4479e84 elementor-widget elementor-widget-tts\" data-id=\"4479e84\" data-element_type=\"widget\" data-widget_type=\"tts.default\">\n\t\t\t\t<div class=\"elementor-widget-container\">\n\t\t\t\t\t\t\t\t\t\t<!-- title center -->\n\t\t\t\t\t<div class=\"tts text-center\">\n\t\t\t\t\t\t<div class=\"ttin\">\n\n\t\t\t\t\t\t\t<!-- icon position -->\n\t\t\t\t\t\t\t\t\t\t\t\t\t\t\n\t\t\t\t\t\t\t<!-- image -->\n\t\t\t\t\t\t\t\t\t\t\t\t\t\t<!-- icon -->\n\t\t\t\t\t\t\t\t\t\t\t\t\t\t\n\t\t\t\t\t\t\t<!-- bar -->\n\t\t\t\t\t\t\t\t\t\t\t\t\t\t<!-- circle bar -->\n\t\t\t\t\t\t\t\n\t\t\t\t\t\t\t\t\n\t\t\t\t\t\t\t<!-- end icon position -->\n\t\t\t\t\t\t\t\t\t\t\t\t\t\n\t\t\t\t\t\t\t<!-- title top -->\n\t\t\t\t\t\t\t\n\n\t\t\t\t\t\t\t<!-- icon position -->\n\t\t\t\t\t\t\t\t\n\t\t\t\t\t\t\t<!-- end icon position -->\n\t\t\t\t\t\t\t\n\t\t\t\t\t\t\t<!-- title middle -->\n\t\t\t\t\t\t\t\t\t\t\t\t\t\t\t<h2 class=\"txbdstitle sttwo hlight\">\u00dcr\u00fcnlerimiz<\/h2>\n\t\t\t\t\t\t\t\t\t\t\t\t\t\t<!-- title bottom -->\n\t\t\t\t\t\t\t\n\t\t\t\t\t\t\t\t\n\t\t\t\t\t\t\t\n\t\t\t\t\t\t\t<!-- content -->\n\t\t\t\t\t\t\t\t\t\t\t\t\t\t\n\t\t\t\t\t\t<\/div>\n\t\t\t\t\t\t\t<!-- inner title -->\n\t\t\t\t\t\t\t\t\t\t\t\t\t\n\t\t\t\t\t<\/div>\n\n\t\t\t\t\t\t\t\t<\/div>\n\t\t\t\t<\/div>\n\t\t\t\t\t<\/div>\n\t\t\t\t<\/div>\n\t\t\t\t<section class=\"elementor-section elementor-top-section elementor-element elementor-element-3d6bc39 elementor-section-boxed elementor-section-height-default elementor-section-height-default\" data-id=\"3d6bc39\" data-element_type=\"section\">\n\t\t\t\t\t\t<div class=\"elementor-container elementor-column-gap-default\">\n\t\t\t\t\t<div class=\"elementor-column elementor-col-100 elementor-top-column elementor-element elementor-element-0998cb0\" data-id=\"0998cb0\" data-element_type=\"column\">\n\t\t\t<div class=\"elementor-widget-wrap elementor-element-populated\">\n\t\t\t\t\t\t<section class=\"elementor-section elementor-inner-section elementor-element elementor-element-01c6ac6 elementor-section-boxed elementor-section-height-default elementor-section-height-default\" data-id=\"01c6ac6\" data-element_type=\"section\">\n\t\t\t\t\t\t<div class=\"elementor-container elementor-column-gap-default\">\n\t\t\t\t\t<div class=\"elementor-column elementor-col-25 elementor-inner-column elementor-element elementor-element-e7ed65d\" data-id=\"e7ed65d\" data-element_type=\"column\">\n\t\t\t<div class=\"elementor-widget-wrap elementor-element-populated\">\n\t\t\t\t\t\t<div class=\"elementor-element elementor-element-dcd9887 elementor-widget elementor-widget-witrservice\" data-id=\"dcd9887\" data-element_type=\"widget\" data-widget_type=\"witrservice.default\">\n\t\t\t\t<div class=\"elementor-widget-container\">\n\t\t\t\t\t\t\t<div class=\"txbdsva allcostyle boxsh txbdmb30 text-left  \">\r\n\t\t\t<div class=\"thbdsvthumb\">\r\n\t\t\t\t<img fetchpriority=\"high\" decoding=\"async\" width=\"1024\" height=\"1024\" src=\"https:\/\/www.basarreklam.com\/wp-content\/uploads\/2025\/08\/WhatsApp-Gorsel-2025-08-31-saat-10.39.27_2f0b7de3-1-1.jpg\" class=\"attachment-large size-large wp-image-25011\" alt=\"\" srcset=\"https:\/\/www.basarreklam.com\/wp-content\/uploads\/2025\/08\/WhatsApp-Gorsel-2025-08-31-saat-10.39.27_2f0b7de3-1-1.jpg 1024w, https:\/\/www.basarreklam.com\/wp-content\/uploads\/2025\/08\/WhatsApp-Gorsel-2025-08-31-saat-10.39.27_2f0b7de3-1-1-300x300.jpg 300w, https:\/\/www.basarreklam.com\/wp-content\/uploads\/2025\/08\/WhatsApp-Gorsel-2025-08-31-saat-10.39.27_2f0b7de3-1-1-150x150.jpg 150w, https:\/\/www.basarreklam.com\/wp-content\/uploads\/2025\/08\/WhatsApp-Gorsel-2025-08-31-saat-10.39.27_2f0b7de3-1-1-768x768.jpg 768w, https:\/\/www.basarreklam.com\/wp-content\/uploads\/2025\/08\/WhatsApp-Gorsel-2025-08-31-saat-10.39.27_2f0b7de3-1-1-70x70.jpg 70w, https:\/\/www.basarreklam.com\/wp-content\/uploads\/2025\/08\/WhatsApp-Gorsel-2025-08-31-saat-10.39.27_2f0b7de3-1-1-600x600.jpg 600w, https:\/\/www.basarreklam.com\/wp-content\/uploads\/2025\/08\/WhatsApp-Gorsel-2025-08-31-saat-10.39.27_2f0b7de3-1-1-100x100.jpg 100w\" sizes=\"(max-width: 1024px) 100vw, 1024px\" \/>\t\t\t<\/div>\r\n\t\t\t<div class=\"txbdsi boxtexrelative  iconsabsconpd sselect\">\r\n\t\t\t\t<!-- overlay icon -->\r\n\t\t\t\t\t\t\t\t<!-- image icon -->\r\n\t\t\t\t\t\t\t\t\r\n\t\t\t\t<div class=\"txbdcon\">\r\n\t\t\t\t\t\t\t\t\t<h2 class=\"txbdsvtitle txstcolor hlight\">LEVHA \u00dcR\u00dcNLER<\/h2>\r\n\t\t\t\t\t\t\t\t\t<p>Al\u00fcminyum Kompozit, Akrilik Pleksi, Polikarbon, Dekota (Forex), Ayna Pleksi, Aynal\u0131 Dekota <\/p>\r\n\t\t\t\t\t\t\r\n\t\t\t\t\t<div class=\"txbdsvbtn txbdbtnicon\">\r\n\t\t\t\t\t<!-- button -->\t\r\n\t\t\t\t\t\t\t\t\t\t\t<a class=\"btnallt btnall 1\" href=\"https:\/\/www.basarreklam.com\/index.php\/levhalar\/\" >\u0130ncele <i class=\"icofont icofont-double-right\"><\/i> <\/a>\r\n\t\t\t\t\t\t\t\t\t\t\r\n\t\t\t\t\t<\/div>\r\n\t\t\t\t<\/div>\t\t\t\t\r\n\t\t\t<\/div>\r\n\t\t\r\n\t\t<\/div>\t\t\t\t<\/div>\n\t\t\t\t<\/div>\n\t\t\t\t\t<\/div>\n\t\t<\/div>\n\t\t\t\t<div class=\"elementor-column elementor-col-25 elementor-inner-column elementor-element elementor-element-7bb4748\" data-id=\"7bb4748\" data-element_type=\"column\">\n\t\t\t<div class=\"elementor-widget-wrap elementor-element-populated\">\n\t\t\t\t\t\t<div class=\"elementor-element elementor-element-efe8809 elementor-widget elementor-widget-witrservice\" data-id=\"efe8809\" data-element_type=\"widget\" data-widget_type=\"witrservice.default\">\n\t\t\t\t<div class=\"elementor-widget-container\">\n\t\t\t\t\t\t\t<div class=\"txbdsva allcostyle boxsh txbdmb30 text-left  \">\r\n\t\t\t<div class=\"thbdsvthumb\">\r\n\t\t\t\t<img decoding=\"async\" width=\"670\" height=\"600\" src=\"https:\/\/www.basarreklam.com\/wp-content\/uploads\/2025\/08\/641_2_1.jpg\" class=\"attachment-large size-large wp-image-23925\" alt=\"\" srcset=\"https:\/\/www.basarreklam.com\/wp-content\/uploads\/2025\/08\/641_2_1.jpg 670w, https:\/\/www.basarreklam.com\/wp-content\/uploads\/2025\/08\/641_2_1-300x269.jpg 300w, https:\/\/www.basarreklam.com\/wp-content\/uploads\/2025\/08\/641_2_1-390x350.jpg 390w, https:\/\/www.basarreklam.com\/wp-content\/uploads\/2025\/08\/641_2_1-600x537.jpg 600w\" sizes=\"(max-width: 670px) 100vw, 670px\" \/>\t\t\t<\/div>\r\n\t\t\t<div class=\"txbdsi boxtexrelative  iconsabsconpd sselect\">\r\n\t\t\t\t<!-- overlay icon -->\r\n\t\t\t\t\t\t\t\t<!-- image icon -->\r\n\t\t\t\t\t\t\t\t\r\n\t\t\t\t<div class=\"txbdcon\">\r\n\t\t\t\t\t\t\t\t\t<h2 class=\"txbdsvtitle txstcolor hlight\">FOLYOLAR<\/h2>\r\n\t\t\t\t\t\t\t\t\t<p>Dijital Bask\u0131, Renkli Kesim, Cam Filmi, Kumlama, Varak, Yald\u0131z, One Way, Carbon, Cast, L\u00fcmen, Reflektif <\/p>\r\n\t\t\t\t\t\t\r\n\t\t\t\t\t<div class=\"txbdsvbtn txbdbtnicon\">\r\n\t\t\t\t\t<!-- button -->\t\r\n\t\t\t\t\t\t\t\t\t\t\t<a class=\"btnallt btnall 1\" href=\"https:\/\/www.basarreklam.com\/index.php\/folyolar\/\" >\u0130ncele <i class=\"icofont icofont-double-right\"><\/i> <\/a>\r\n\t\t\t\t\t\t\t\t\t\t\r\n\t\t\t\t\t<\/div>\r\n\t\t\t\t<\/div>\t\t\t\t\r\n\t\t\t<\/div>\r\n\t\t\r\n\t\t<\/div>\t\t\t\t<\/div>\n\t\t\t\t<\/div>\n\t\t\t\t\t<\/div>\n\t\t<\/div>\n\t\t\t\t<div class=\"elementor-column elementor-col-25 elementor-inner-column elementor-element elementor-element-8fd9c43\" data-id=\"8fd9c43\" data-element_type=\"column\">\n\t\t\t<div class=\"elementor-widget-wrap elementor-element-populated\">\n\t\t\t\t\t\t<div class=\"elementor-element elementor-element-3bcdbeb elementor-widget elementor-widget-witrservice\" data-id=\"3bcdbeb\" data-element_type=\"widget\" data-widget_type=\"witrservice.default\">\n\t\t\t\t<div class=\"elementor-widget-container\">\n\t\t\t\t\t\t\t<div class=\"txbdsva allcostyle boxsh txbdmb30 text-left  \">\r\n\t\t\t<div class=\"thbdsvthumb\">\r\n\t\t\t\t<img decoding=\"async\" width=\"1024\" height=\"1024\" src=\"https:\/\/www.basarreklam.com\/wp-content\/uploads\/2025\/08\/WhatsApp-Gorsel-2025-08-31-saat-12.31.12_7e03c6bb-1.jpg\" class=\"attachment-large size-large wp-image-25019\" alt=\"\" srcset=\"https:\/\/www.basarreklam.com\/wp-content\/uploads\/2025\/08\/WhatsApp-Gorsel-2025-08-31-saat-12.31.12_7e03c6bb-1.jpg 1024w, https:\/\/www.basarreklam.com\/wp-content\/uploads\/2025\/08\/WhatsApp-Gorsel-2025-08-31-saat-12.31.12_7e03c6bb-1-300x300.jpg 300w, https:\/\/www.basarreklam.com\/wp-content\/uploads\/2025\/08\/WhatsApp-Gorsel-2025-08-31-saat-12.31.12_7e03c6bb-1-150x150.jpg 150w, https:\/\/www.basarreklam.com\/wp-content\/uploads\/2025\/08\/WhatsApp-Gorsel-2025-08-31-saat-12.31.12_7e03c6bb-1-768x768.jpg 768w, https:\/\/www.basarreklam.com\/wp-content\/uploads\/2025\/08\/WhatsApp-Gorsel-2025-08-31-saat-12.31.12_7e03c6bb-1-70x70.jpg 70w, https:\/\/www.basarreklam.com\/wp-content\/uploads\/2025\/08\/WhatsApp-Gorsel-2025-08-31-saat-12.31.12_7e03c6bb-1-600x600.jpg 600w, https:\/\/www.basarreklam.com\/wp-content\/uploads\/2025\/08\/WhatsApp-Gorsel-2025-08-31-saat-12.31.12_7e03c6bb-1-100x100.jpg 100w\" sizes=\"(max-width: 1024px) 100vw, 1024px\" \/>\t\t\t<\/div>\r\n\t\t\t<div class=\"txbdsi boxtexrelative  iconsabsconpd sselect\">\r\n\t\t\t\t<!-- overlay icon -->\r\n\t\t\t\t\t\t\t\t<!-- image icon -->\r\n\t\t\t\t\t\t\t\t\r\n\t\t\t\t<div class=\"txbdcon\">\r\n\t\t\t\t\t\t\t\t\t<h2 class=\"txbdsvtitle txstcolor hlight\">BRANDALAR<\/h2>\r\n\t\t\t\t\t\t\t\t\t<p>D\u00f6kme, Lamine, Backlite, Mesh, Reflektif, Blockout, Billboard vinyl <\/p>\r\n\t\t\t\t\t\t\r\n\t\t\t\t\t<div class=\"txbdsvbtn txbdbtnicon\">\r\n\t\t\t\t\t<!-- button -->\t\r\n\t\t\t\t\t\t\t\t\t\t\t<a class=\"btnallt btnall 1\" href=\"https:\/\/www.basarreklam.com\/index.php\/brandalar\/\" >\u0130ncele <i class=\"icofont icofont-double-right\"><\/i> <\/a>\r\n\t\t\t\t\t\t\t\t\t\t\r\n\t\t\t\t\t<\/div>\r\n\t\t\t\t<\/div>\t\t\t\t\r\n\t\t\t<\/div>\r\n\t\t\r\n\t\t<\/div>\t\t\t\t<\/div>\n\t\t\t\t<\/div>\n\t\t\t\t\t<\/div>\n\t\t<\/div>\n\t\t\t\t<div class=\"elementor-column elementor-col-25 elementor-inner-column elementor-element elementor-element-9362c64\" data-id=\"9362c64\" data-element_type=\"column\">\n\t\t\t<div class=\"elementor-widget-wrap elementor-element-populated\">\n\t\t\t\t\t\t<div class=\"elementor-element elementor-element-b21d7a3 elementor-widget elementor-widget-witrservice\" data-id=\"b21d7a3\" data-element_type=\"widget\" data-widget_type=\"witrservice.default\">\n\t\t\t\t<div class=\"elementor-widget-container\">\n\t\t\t\t\t\t\t<div class=\"txbdsva allcostyle boxsh txbdmb30 text-left  \">\r\n\t\t\t<div class=\"thbdsvthumb\">\r\n\t\t\t\t<img loading=\"lazy\" decoding=\"async\" width=\"1024\" height=\"1024\" src=\"https:\/\/www.basarreklam.com\/wp-content\/uploads\/2025\/08\/WhatsApp-Gorsel-2025-08-31-saat-12.32.42_5ab50cb6-1024x1024.jpg\" class=\"attachment-large size-large wp-image-25029\" alt=\"\" srcset=\"https:\/\/www.basarreklam.com\/wp-content\/uploads\/2025\/08\/WhatsApp-Gorsel-2025-08-31-saat-12.32.42_5ab50cb6-1024x1024.jpg 1024w, https:\/\/www.basarreklam.com\/wp-content\/uploads\/2025\/08\/WhatsApp-Gorsel-2025-08-31-saat-12.32.42_5ab50cb6-300x300.jpg 300w, https:\/\/www.basarreklam.com\/wp-content\/uploads\/2025\/08\/WhatsApp-Gorsel-2025-08-31-saat-12.32.42_5ab50cb6-150x150.jpg 150w, https:\/\/www.basarreklam.com\/wp-content\/uploads\/2025\/08\/WhatsApp-Gorsel-2025-08-31-saat-12.32.42_5ab50cb6-768x768.jpg 768w, https:\/\/www.basarreklam.com\/wp-content\/uploads\/2025\/08\/WhatsApp-Gorsel-2025-08-31-saat-12.32.42_5ab50cb6-70x70.jpg 70w, https:\/\/www.basarreklam.com\/wp-content\/uploads\/2025\/08\/WhatsApp-Gorsel-2025-08-31-saat-12.32.42_5ab50cb6-600x600.jpg 600w, https:\/\/www.basarreklam.com\/wp-content\/uploads\/2025\/08\/WhatsApp-Gorsel-2025-08-31-saat-12.32.42_5ab50cb6-100x100.jpg 100w, https:\/\/www.basarreklam.com\/wp-content\/uploads\/2025\/08\/WhatsApp-Gorsel-2025-08-31-saat-12.32.42_5ab50cb6.jpg 1080w\" sizes=\"(max-width: 1024px) 100vw, 1024px\" \/>\t\t\t<\/div>\r\n\t\t\t<div class=\"txbdsi boxtexrelative  iconsabsconpd sselect\">\r\n\t\t\t\t<!-- overlay icon -->\r\n\t\t\t\t\t\t\t\t<!-- image icon -->\r\n\t\t\t\t\t\t\t\t\r\n\t\t\t\t<div class=\"txbdcon\">\r\n\t\t\t\t\t\t\t\t\t<h2 class=\"txbdsvtitle txstcolor hlight\">DISPLAY \u00dcR\u00dcNLER<\/h2>\r\n\t\t\t\t\t\t\t\t\t<p>\u00c7er\u00e7eve, Tan\u0131t\u0131m Stand\u0131, Y\u00f6nlendirme, Duba <\/p>\r\n\t\t\t\t\t\t\r\n\t\t\t\t\t<div class=\"txbdsvbtn txbdbtnicon\">\r\n\t\t\t\t\t<!-- button -->\t\r\n\t\t\t\t\t\t\t\t\t\t\t<a class=\"btnallt btnall 1\" href=\"https:\/\/www.basarreklam.com\/index.php\/display-urunler\/\" >\u0130ncele <i class=\"icofont icofont-double-right\"><\/i> <\/a>\r\n\t\t\t\t\t\t\t\t\t\t\r\n\t\t\t\t\t<\/div>\r\n\t\t\t\t<\/div>\t\t\t\t\r\n\t\t\t<\/div>\r\n\t\t\r\n\t\t<\/div>\t\t\t\t<\/div>\n\t\t\t\t<\/div>\n\t\t\t\t\t<\/div>\n\t\t<\/div>\n\t\t\t\t\t<\/div>\n\t\t<\/section>\n\t\t\t\t\t<\/div>\n\t\t<\/div>\n\t\t\t\t\t<\/div>\n\t\t<\/section>\n\t\t\t\t<section class=\"elementor-section elementor-top-section elementor-element elementor-element-198b16f elementor-section-boxed elementor-section-height-default elementor-section-height-default\" data-id=\"198b16f\" data-element_type=\"section\">\n\t\t\t\t\t\t<div class=\"elementor-container elementor-column-gap-default\">\n\t\t\t\t\t<div class=\"elementor-column elementor-col-100 elementor-top-column elementor-element elementor-element-d043683\" data-id=\"d043683\" data-element_type=\"column\">\n\t\t\t<div class=\"elementor-widget-wrap elementor-element-populated\">\n\t\t\t\t\t\t<section class=\"elementor-section elementor-inner-section elementor-element elementor-element-2ce275c elementor-section-boxed elementor-section-height-default elementor-section-height-default\" data-id=\"2ce275c\" data-element_type=\"section\">\n\t\t\t\t\t\t<div class=\"elementor-container elementor-column-gap-default\">\n\t\t\t\t\t<div class=\"elementor-column elementor-col-25 elementor-inner-column elementor-element elementor-element-252039b\" data-id=\"252039b\" data-element_type=\"column\">\n\t\t\t<div class=\"elementor-widget-wrap elementor-element-populated\">\n\t\t\t\t\t\t<div class=\"elementor-element elementor-element-1d5ade2 elementor-widget elementor-widget-witrservice\" data-id=\"1d5ade2\" data-element_type=\"widget\" data-widget_type=\"witrservice.default\">\n\t\t\t\t<div class=\"elementor-widget-container\">\n\t\t\t\t\t\t\t<div class=\"txbdsva allcostyle boxsh txbdmb30 text-left  \">\r\n\t\t\t<div class=\"thbdsvthumb\">\r\n\t\t\t\t<img loading=\"lazy\" decoding=\"async\" width=\"333\" height=\"333\" src=\"https:\/\/www.basarreklam.com\/wp-content\/uploads\/2025\/08\/WhatsApp-Gorsel-2025-08-31-saat-21.25.27_333622d2-e1756664785239.jpg\" class=\"attachment-large size-large wp-image-25035\" alt=\"\" srcset=\"https:\/\/www.basarreklam.com\/wp-content\/uploads\/2025\/08\/WhatsApp-Gorsel-2025-08-31-saat-21.25.27_333622d2-e1756664785239.jpg 333w, https:\/\/www.basarreklam.com\/wp-content\/uploads\/2025\/08\/WhatsApp-Gorsel-2025-08-31-saat-21.25.27_333622d2-e1756664785239-300x300.jpg 300w, https:\/\/www.basarreklam.com\/wp-content\/uploads\/2025\/08\/WhatsApp-Gorsel-2025-08-31-saat-21.25.27_333622d2-e1756664785239-150x150.jpg 150w, https:\/\/www.basarreklam.com\/wp-content\/uploads\/2025\/08\/WhatsApp-Gorsel-2025-08-31-saat-21.25.27_333622d2-e1756664785239-70x70.jpg 70w, https:\/\/www.basarreklam.com\/wp-content\/uploads\/2025\/08\/WhatsApp-Gorsel-2025-08-31-saat-21.25.27_333622d2-e1756664785239-100x100.jpg 100w\" sizes=\"(max-width: 333px) 100vw, 333px\" \/>\t\t\t<\/div>\r\n\t\t\t<div class=\"txbdsi boxtexrelative  iconsabsconpd sselect\">\r\n\t\t\t\t<!-- overlay icon -->\r\n\t\t\t\t\t\t\t\t<!-- image icon -->\r\n\t\t\t\t\t\t\t\t\r\n\t\t\t\t<div class=\"txbdcon\">\r\n\t\t\t\t\t\t\t\t\t<h2 class=\"txbdsvtitle txstcolor hlight\">LED GRUBU<\/h2>\r\n\t\t\t\t\t\t\t\t\t<p>Mod\u00fcl Led, Logo projekt\u00f6r\u00fc Lightbox Barled, Mini mod\u00fcl Led, \u0130\u00e7 ve D\u0131\u015f Mekan Adapt\u00f6r <\/p>\r\n\t\t\t\t\t\t\r\n\t\t\t\t\t<div class=\"txbdsvbtn txbdbtnicon\">\r\n\t\t\t\t\t<!-- button -->\t\r\n\t\t\t\t\t\t\t\t\t\t\t<a class=\"btnallt btnall 1\" href=\"https:\/\/www.basarreklam.com\/index.php\/ledampul\/\" >\u0130ncele <i class=\"icofont icofont-double-right\"><\/i> <\/a>\r\n\t\t\t\t\t\t\t\t\t\t\r\n\t\t\t\t\t<\/div>\r\n\t\t\t\t<\/div>\t\t\t\t\r\n\t\t\t<\/div>\r\n\t\t\r\n\t\t<\/div>\t\t\t\t<\/div>\n\t\t\t\t<\/div>\n\t\t\t\t\t<\/div>\n\t\t<\/div>\n\t\t\t\t<div class=\"elementor-column elementor-col-25 elementor-inner-column elementor-element elementor-element-5af504c\" data-id=\"5af504c\" data-element_type=\"column\">\n\t\t\t<div class=\"elementor-widget-wrap elementor-element-populated\">\n\t\t\t\t\t\t<div class=\"elementor-element elementor-element-de2f3b3 elementor-widget elementor-widget-witrservice\" data-id=\"de2f3b3\" data-element_type=\"widget\" data-widget_type=\"witrservice.default\">\n\t\t\t\t<div class=\"elementor-widget-container\">\n\t\t\t\t\t\t\t<div class=\"txbdsva allcostyle boxsh txbdmb30 text-left  \">\r\n\t\t\t<div class=\"thbdsvthumb\">\r\n\t\t\t\t<img loading=\"lazy\" decoding=\"async\" width=\"900\" height=\"900\" src=\"https:\/\/www.basarreklam.com\/wp-content\/uploads\/2025\/08\/bantlar-e1755713920742-1-1-1.jpg\" class=\"attachment-large size-large wp-image-25056\" alt=\"\" srcset=\"https:\/\/www.basarreklam.com\/wp-content\/uploads\/2025\/08\/bantlar-e1755713920742-1-1-1.jpg 900w, https:\/\/www.basarreklam.com\/wp-content\/uploads\/2025\/08\/bantlar-e1755713920742-1-1-1-300x300.jpg 300w, https:\/\/www.basarreklam.com\/wp-content\/uploads\/2025\/08\/bantlar-e1755713920742-1-1-1-150x150.jpg 150w, https:\/\/www.basarreklam.com\/wp-content\/uploads\/2025\/08\/bantlar-e1755713920742-1-1-1-768x768.jpg 768w, https:\/\/www.basarreklam.com\/wp-content\/uploads\/2025\/08\/bantlar-e1755713920742-1-1-1-70x70.jpg 70w, https:\/\/www.basarreklam.com\/wp-content\/uploads\/2025\/08\/bantlar-e1755713920742-1-1-1-600x600.jpg 600w, https:\/\/www.basarreklam.com\/wp-content\/uploads\/2025\/08\/bantlar-e1755713920742-1-1-1-100x100.jpg 100w\" sizes=\"(max-width: 900px) 100vw, 900px\" \/>\t\t\t<\/div>\r\n\t\t\t<div class=\"txbdsi boxtexrelative  iconsabsconpd sselect\">\r\n\t\t\t\t<!-- overlay icon -->\r\n\t\t\t\t\t\t\t\t<!-- image icon -->\r\n\t\t\t\t\t\t\t\t\r\n\t\t\t\t<div class=\"txbdcon\">\r\n\t\t\t\t\t\t\t\t\t<h2 class=\"txbdsvtitle txstcolor hlight\">YAPI\u015eTIRICILAR<\/h2>\r\n\t\t\t\t\t\t\t\t\t<p>\u00c7ift Tarafl\u0131 Bant, Branda Ekleme Band\u0131, Kloroform, Silikon <\/p>\r\n\t\t\t\t\t\t\r\n\t\t\t\t\t<div class=\"txbdsvbtn txbdbtnicon\">\r\n\t\t\t\t\t<!-- button -->\t\r\n\t\t\t\t\t\t\t\t\t\t\t<a class=\"btnallt btnall 1\" href=\"https:\/\/www.basarreklam.com\/index.php\/yapistiricilar\/\" >\u0130ncele <i class=\"icofont icofont-double-right\"><\/i> <\/a>\r\n\t\t\t\t\t\t\t\t\t\t\r\n\t\t\t\t\t<\/div>\r\n\t\t\t\t<\/div>\t\t\t\t\r\n\t\t\t<\/div>\r\n\t\t\r\n\t\t<\/div>\t\t\t\t<\/div>\n\t\t\t\t<\/div>\n\t\t\t\t\t<\/div>\n\t\t<\/div>\n\t\t\t\t<div class=\"elementor-column elementor-col-25 elementor-inner-column elementor-element elementor-element-c9674c9\" data-id=\"c9674c9\" data-element_type=\"column\">\n\t\t\t<div class=\"elementor-widget-wrap elementor-element-populated\">\n\t\t\t\t\t\t<div class=\"elementor-element elementor-element-96ab690 elementor-widget elementor-widget-witrservice\" data-id=\"96ab690\" data-element_type=\"widget\" data-widget_type=\"witrservice.default\">\n\t\t\t\t<div class=\"elementor-widget-container\">\n\t\t\t\t\t\t\t<div class=\"txbdsva allcostyle boxsh txbdmb30 text-left  \">\r\n\t\t\t<div class=\"thbdsvthumb\">\r\n\t\t\t\t<img loading=\"lazy\" decoding=\"async\" width=\"800\" height=\"800\" src=\"https:\/\/www.basarreklam.com\/wp-content\/uploads\/2025\/08\/14304-KECELI-0-1-500x500-1-1.jpg\" class=\"attachment-large size-large wp-image-25063\" alt=\"\" srcset=\"https:\/\/www.basarreklam.com\/wp-content\/uploads\/2025\/08\/14304-KECELI-0-1-500x500-1-1.jpg 800w, https:\/\/www.basarreklam.com\/wp-content\/uploads\/2025\/08\/14304-KECELI-0-1-500x500-1-1-300x300.jpg 300w, https:\/\/www.basarreklam.com\/wp-content\/uploads\/2025\/08\/14304-KECELI-0-1-500x500-1-1-150x150.jpg 150w, https:\/\/www.basarreklam.com\/wp-content\/uploads\/2025\/08\/14304-KECELI-0-1-500x500-1-1-768x768.jpg 768w, https:\/\/www.basarreklam.com\/wp-content\/uploads\/2025\/08\/14304-KECELI-0-1-500x500-1-1-70x70.jpg 70w, https:\/\/www.basarreklam.com\/wp-content\/uploads\/2025\/08\/14304-KECELI-0-1-500x500-1-1-600x600.jpg 600w, https:\/\/www.basarreklam.com\/wp-content\/uploads\/2025\/08\/14304-KECELI-0-1-500x500-1-1-100x100.jpg 100w\" sizes=\"(max-width: 800px) 100vw, 800px\" \/>\t\t\t<\/div>\r\n\t\t\t<div class=\"txbdsi boxtexrelative  iconsabsconpd sselect\">\r\n\t\t\t\t<!-- overlay icon -->\r\n\t\t\t\t\t\t\t\t<!-- image icon -->\r\n\t\t\t\t\t\t\t\t\r\n\t\t\t\t<div class=\"txbdcon\">\r\n\t\t\t\t\t\t\t\t\t<h2 class=\"txbdsvtitle txstcolor hlight\">YARDIMCI \u00dcR\u00dcNLER<\/h2>\r\n\t\t\t\t\t\t\t\t\t<p>Ragle, H\u0131zl\u0131 Yap\u0131\u015ft\u0131r\u0131c\u0131, Germe Pensesi, Ku\u015f g\u00f6z\u00fc Makinas\u0131 <\/p>\r\n\t\t\t\t\t\t\r\n\t\t\t\t\t<div class=\"txbdsvbtn txbdbtnicon\">\r\n\t\t\t\t\t<!-- button -->\t\r\n\t\t\t\t\t\t\t\t\t\t\t<a class=\"btnallt btnall 1\" href=\"https:\/\/www.basarreklam.com\/index.php\/yardimciurunler\/\" >\u0130ncele <i class=\"icofont icofont-double-right\"><\/i> <\/a>\r\n\t\t\t\t\t\t\t\t\t\t\r\n\t\t\t\t\t<\/div>\r\n\t\t\t\t<\/div>\t\t\t\t\r\n\t\t\t<\/div>\r\n\t\t\r\n\t\t<\/div>\t\t\t\t<\/div>\n\t\t\t\t<\/div>\n\t\t\t\t\t<\/div>\n\t\t<\/div>\n\t\t\t\t<div class=\"elementor-column elementor-col-25 elementor-inner-column elementor-element elementor-element-850bd5b\" data-id=\"850bd5b\" data-element_type=\"column\">\n\t\t\t<div class=\"elementor-widget-wrap elementor-element-populated\">\n\t\t\t\t\t\t<div class=\"elementor-element elementor-element-68cbd4f elementor-widget elementor-widget-witrservice\" data-id=\"68cbd4f\" data-element_type=\"widget\" data-widget_type=\"witrservice.default\">\n\t\t\t\t<div class=\"elementor-widget-container\">\n\t\t\t\t\t\t\t<div class=\"txbdsva allcostyle boxsh txbdmb30 text-left  \">\r\n\t\t\t<div class=\"thbdsvthumb\">\r\n\t\t\t\t<img loading=\"lazy\" decoding=\"async\" width=\"1024\" height=\"1024\" src=\"https:\/\/www.basarreklam.com\/wp-content\/uploads\/2025\/08\/337165996_1079619876759548_6073956587190422910_n-1-1024x1024.jpg\" class=\"attachment-large size-large wp-image-25069\" alt=\"\" srcset=\"https:\/\/www.basarreklam.com\/wp-content\/uploads\/2025\/08\/337165996_1079619876759548_6073956587190422910_n-1-1024x1024.jpg 1024w, https:\/\/www.basarreklam.com\/wp-content\/uploads\/2025\/08\/337165996_1079619876759548_6073956587190422910_n-1-300x300.jpg 300w, https:\/\/www.basarreklam.com\/wp-content\/uploads\/2025\/08\/337165996_1079619876759548_6073956587190422910_n-1-150x150.jpg 150w, https:\/\/www.basarreklam.com\/wp-content\/uploads\/2025\/08\/337165996_1079619876759548_6073956587190422910_n-1-768x768.jpg 768w, https:\/\/www.basarreklam.com\/wp-content\/uploads\/2025\/08\/337165996_1079619876759548_6073956587190422910_n-1-70x70.jpg 70w, https:\/\/www.basarreklam.com\/wp-content\/uploads\/2025\/08\/337165996_1079619876759548_6073956587190422910_n-1-600x600.jpg 600w, https:\/\/www.basarreklam.com\/wp-content\/uploads\/2025\/08\/337165996_1079619876759548_6073956587190422910_n-1-100x100.jpg 100w, https:\/\/www.basarreklam.com\/wp-content\/uploads\/2025\/08\/337165996_1079619876759548_6073956587190422910_n-1.jpg 1080w\" sizes=\"(max-width: 1024px) 100vw, 1024px\" \/>\t\t\t<\/div>\r\n\t\t\t<div class=\"txbdsi boxtexrelative  iconsabsconpd sselect\">\r\n\t\t\t\t<!-- overlay icon -->\r\n\t\t\t\t\t\t\t\t<!-- image icon -->\r\n\t\t\t\t\t\t\t\t\r\n\t\t\t\t<div class=\"txbdcon\">\r\n\t\t\t\t\t\t\t\t\t<h2 class=\"txbdsvtitle txstcolor hlight\">Al\u00fcminyum Profiller<\/h2>\r\n\t\t\t\t\t\t\t\t\t<p>Kompozit birle\u015ftirme, K\u00f6\u015febentler, Lightbox Profiller <\/p>\r\n\t\t\t\t\t\t\r\n\t\t\t\t\t<div class=\"txbdsvbtn txbdbtnicon\">\r\n\t\t\t\t\t<!-- button -->\t\r\n\t\t\t\t\t\t\t\t\t\t\t<a class=\"btnallt btnall 1\" href=\"https:\/\/www.basarreklam.com\/index.php\/aliminyumurunler\/\" >\u0130ncele <i class=\"icofont icofont-double-right\"><\/i> <\/a>\r\n\t\t\t\t\t\t\t\t\t\t\r\n\t\t\t\t\t<\/div>\r\n\t\t\t\t<\/div>\t\t\t\t\r\n\t\t\t<\/div>\r\n\t\t\r\n\t\t<\/div>\t\t\t\t<\/div>\n\t\t\t\t<\/div>\n\t\t\t\t\t<\/div>\n\t\t<\/div>\n\t\t\t\t\t<\/div>\n\t\t<\/section>\n\t\t\t\t\t<\/div>\n\t\t<\/div>\n\t\t\t\t\t<\/div>\n\t\t<\/section>\n\t\t\t\t<\/div>\n\t\t","protected":false},"excerpt":{"rendered":"<p>\u00dcr\u00fcnlerimiz LEVHA \u00dcR\u00dcNLER Al\u00fcminyum Kompozit, Akrilik Pleksi, Polikarbon, Dekota (Forex), Ayna Pleksi, Aynal\u0131 Dekota \u0130ncele FOLYOLAR Dijital Bask\u0131, Renkli Kesim, Cam Filmi, Kumlama, Varak, Yald\u0131z, One Way, Carbon, Cast, L\u00fcmen, Reflektif \u0130ncele BRANDALAR D\u00f6kme, Lamine, Backlite, Mesh, Reflektif, Blockout, Billboard vinyl \u0130ncele DISPLAY \u00dcR\u00dcNLER \u00c7er\u00e7eve, Tan\u0131t\u0131m Stand\u0131, Y\u00f6nlendirme, Duba \u0130ncele LED GRUBU Mod\u00fcl Led, Logo [&hellip;]<\/p>\n","protected":false},"author":1,"featured_media":0,"parent":0,"menu_order":0,"comment_status":"closed","ping_status":"closed","template":"template-home.php","meta":{"footnotes":""},"class_list":["post-1884","page","type-page","status-publish","hentry"],"_links":{"self":[{"href":"https:\/\/www.basarreklam.com\/index.php\/wp-json\/wp\/v2\/pages\/1884","targetHints":{"allow":["GET"]}}],"collection":[{"href":"https:\/\/www.basarreklam.com\/index.php\/wp-json\/wp\/v2\/pages"}],"about":[{"href":"https:\/\/www.basarreklam.com\/index.php\/wp-json\/wp\/v2\/types\/page"}],"author":[{"embeddable":true,"href":"https:\/\/www.basarreklam.com\/index.php\/wp-json\/wp\/v2\/users\/1"}],"replies":[{"embeddable":true,"href":"https:\/\/www.basarreklam.com\/index.php\/wp-json\/wp\/v2\/comments?post=1884"}],"version-history":[{"count":0,"href":"https:\/\/www.basarreklam.com\/index.php\/wp-json\/wp\/v2\/pages\/1884\/revisions"}],"wp:attachment":[{"href":"https:\/\/www.basarreklam.com\/index.php\/wp-json\/wp\/v2\/media?parent=1884"}],"curies":[{"name":"wp","href":"https:\/\/api.w.org\/{rel}","templated":true}]}}