{"id":23991,"date":"2025-08-20T21:51:01","date_gmt":"2025-08-20T18:51:01","guid":{"rendered":"https:\/\/www.basarreklam.com\/?page_id=23991"},"modified":"2025-08-31T23:22:45","modified_gmt":"2025-08-31T20:22:45","slug":"display-urunler","status":"publish","type":"page","link":"https:\/\/www.basarreklam.com\/index.php\/display-urunler\/","title":{"rendered":"Display \u00dcr\u00fcnler"},"content":{"rendered":"\t\t<div data-elementor-type=\"wp-page\" data-elementor-id=\"23991\" class=\"elementor elementor-23991\" data-elementor-post-type=\"page\">\n\t\t\t\t<div class=\"elementor-element elementor-element-188b42b e-flex e-con-boxed e-con e-parent\" data-id=\"188b42b\" data-element_type=\"container\">\n\t\t\t\t\t<div class=\"e-con-inner\">\n\t\t\t\t<div class=\"elementor-element elementor-element-61721cf elementor-widget elementor-widget-tts\" data-id=\"61721cf\" data-element_type=\"widget\" data-widget_type=\"tts.default\">\n\t\t\t\t<div class=\"elementor-widget-container\">\n\t\t\t\t\t\t\t\t\t\t<!-- title center -->\n\t\t\t\t\t<div class=\"tts text-center\">\n\t\t\t\t\t\t<div class=\"ttin\">\n\n\t\t\t\t\t\t\t<!-- icon position -->\n\t\t\t\t\t\t\t\t\t\t\t\t\t\t\n\t\t\t\t\t\t\t<!-- image -->\n\t\t\t\t\t\t\t\t\t\t\t\t\t\t\t<div class=\"ttit\">\t\t\t\t\t\t\t\t\n\t\t\t\t\t\t\t\t\t<img decoding=\"async\" width=\"146\" height=\"146\" src=\"https:\/\/www.basarreklam.com\/wp-content\/uploads\/2023\/09\/gp_title_shap.png\" class=\"attachment-large size-large wp-image-22619\" alt=\"\" srcset=\"https:\/\/www.basarreklam.com\/wp-content\/uploads\/2023\/09\/gp_title_shap.png 146w, https:\/\/www.basarreklam.com\/wp-content\/uploads\/2023\/09\/gp_title_shap-100x100.png 100w, https:\/\/www.basarreklam.com\/wp-content\/uploads\/2023\/09\/gp_title_shap-70x70.png 70w\" sizes=\"(max-width: 146px) 100vw, 146px\" \/>\t\t\t\t\t\t\t\t\t\t\t\t\t\t\t\t\n\t\t\t\t\t\t\t\t<\/div>\n\t\t\t\t\t\t\t\t\t\t\t\t\t\t<!-- icon -->\n\t\t\t\t\t\t\t\t\t\t\t\t\t\t\n\t\t\t\t\t\t\t<!-- bar -->\n\t\t\t\t\t\t\t\t\t\t\t\t\t\t<!-- circle bar -->\n\t\t\t\t\t\t\t\n\t\t\t\t\t\t\t\t\n\t\t\t\t\t\t\t<!-- end icon position -->\n\t\t\t\t\t\t\t\t\t\t\t\t\t\n\t\t\t\t\t\t\t<!-- title top -->\n\t\t\t\t\t\t\t\n\n\t\t\t\t\t\t\t<!-- icon position -->\n\t\t\t\t\t\t\t\t\n\t\t\t\t\t\t\t<!-- end icon position -->\n\t\t\t\t\t\t\t\n\t\t\t\t\t\t\t<!-- title middle -->\n\t\t\t\t\t\t\t\t\t\t\t\t\t\t\t<h2 class=\"txbdstitle sttwo hlight\">Display \u00dcr\u00fcnler<\/h2>\n\t\t\t\t\t\t\t\t\t\t\t\t\t\t<!-- title bottom -->\n\t\t\t\t\t\t\t\n\t\t\t\t\t\t\t\t\n\t\t\t\t\t\t\t\n\t\t\t\t\t\t\t<!-- content -->\n\t\t\t\t\t\t\t\t\t\t\t\t\t\t\n\t\t\t\t\t\t<\/div>\n\t\t\t\t\t\t\t<!-- inner title -->\n\t\t\t\t\t\t\t\t\t\t\t\t\t\n\t\t\t\t\t<\/div>\n\n\t\t\t\t\t\t\t\t<\/div>\n\t\t\t\t<\/div>\n\t\t\t\t\t<\/div>\n\t\t\t\t<\/div>\n\t\t\t\t<section class=\"elementor-section elementor-top-section elementor-element elementor-element-f03687a elementor-section-boxed elementor-section-height-default elementor-section-height-default\" data-id=\"f03687a\" data-element_type=\"section\">\n\t\t\t\t\t\t<div class=\"elementor-container elementor-column-gap-default\">\n\t\t\t\t\t<div class=\"elementor-column elementor-col-100 elementor-top-column elementor-element elementor-element-5fe3dd8\" data-id=\"5fe3dd8\" data-element_type=\"column\">\n\t\t\t<div class=\"elementor-widget-wrap elementor-element-populated\">\n\t\t\t\t\t\t<section class=\"elementor-section elementor-inner-section elementor-element elementor-element-f46f40b elementor-section-boxed elementor-section-height-default elementor-section-height-default\" data-id=\"f46f40b\" data-element_type=\"section\">\n\t\t\t\t\t\t<div class=\"elementor-container elementor-column-gap-default\">\n\t\t\t\t\t<div class=\"elementor-column elementor-col-25 elementor-inner-column elementor-element elementor-element-ef2fc48\" data-id=\"ef2fc48\" data-element_type=\"column\">\n\t\t\t<div class=\"elementor-widget-wrap elementor-element-populated\">\n\t\t\t\t\t\t<div class=\"elementor-element elementor-element-a096d97 elementor-widget elementor-widget-witrservice\" data-id=\"a096d97\" data-element_type=\"widget\" data-widget_type=\"witrservice.default\">\n\t\t\t\t<div class=\"elementor-widget-container\">\n\t\t\t\t\t\t\t<div class=\"txbdsva allcostyle boxsh txbdmb30 text-left  \">\r\n\t\t\t<div class=\"thbdsvthumb\">\r\n\t\t\t\t<img fetchpriority=\"high\" decoding=\"async\" width=\"225\" height=\"225\" src=\"https:\/\/www.basarreklam.com\/wp-content\/uploads\/2025\/08\/WhatsApp-Gorsel-2025-08-31-saat-22.29.19_3b724520.jpg\" class=\"attachment-large size-large wp-image-25182\" alt=\"\" srcset=\"https:\/\/www.basarreklam.com\/wp-content\/uploads\/2025\/08\/WhatsApp-Gorsel-2025-08-31-saat-22.29.19_3b724520.jpg 225w, https:\/\/www.basarreklam.com\/wp-content\/uploads\/2025\/08\/WhatsApp-Gorsel-2025-08-31-saat-22.29.19_3b724520-150x150.jpg 150w, https:\/\/www.basarreklam.com\/wp-content\/uploads\/2025\/08\/WhatsApp-Gorsel-2025-08-31-saat-22.29.19_3b724520-70x70.jpg 70w, https:\/\/www.basarreklam.com\/wp-content\/uploads\/2025\/08\/WhatsApp-Gorsel-2025-08-31-saat-22.29.19_3b724520-100x100.jpg 100w\" sizes=\"(max-width: 225px) 100vw, 225px\" \/>\t\t\t<\/div>\r\n\t\t\t<div class=\"txbdsi boxtexrelative  iconsabsconpd sselect\">\r\n\t\t\t\t<!-- overlay icon -->\r\n\t\t\t\t\t\t\t\t<!-- image icon -->\r\n\t\t\t\t\t\t\t\t\r\n\t\t\t\t<div class=\"txbdcon\">\r\n\t\t\t\t\t\t\t\t\t<h2 class=\"txbdsvtitle txstcolor hlight\">Opti \u00c7er\u00e7eveler<\/h2>\r\n\t\t\t\t\t\t\t\t\t<p>Modern tasar\u0131m\u0131 ve sa\u011flam yap\u0131s\u0131yla poster, afi\u015f ve g\u00f6rselleri \u015f\u0131k bir \u015fekilde sergileyen estetik \u00e7er\u00e7eve \u00e7\u00f6z\u00fcm\u00fc <\/p>\r\n\t\t\t\t\t\t\r\n\t\t\t\t\t<div class=\"txbdsvbtn txbdbtnicon\">\r\n\t\t\t\t\t<!-- button -->\t\r\n\t\t\t\t\t\t\t\t\t\t\r\n\t\t\t\t\t<\/div>\r\n\t\t\t\t<\/div>\t\t\t\t\r\n\t\t\t<\/div>\r\n\t\t\r\n\t\t<\/div>\t\t\t\t<\/div>\n\t\t\t\t<\/div>\n\t\t\t\t\t<\/div>\n\t\t<\/div>\n\t\t\t\t<div class=\"elementor-column elementor-col-25 elementor-inner-column elementor-element elementor-element-dd91ff2\" data-id=\"dd91ff2\" data-element_type=\"column\">\n\t\t\t<div class=\"elementor-widget-wrap elementor-element-populated\">\n\t\t\t\t\t\t<div class=\"elementor-element elementor-element-e0650b3 elementor-widget elementor-widget-witrservice\" data-id=\"e0650b3\" data-element_type=\"widget\" data-widget_type=\"witrservice.default\">\n\t\t\t\t<div class=\"elementor-widget-container\">\n\t\t\t\t\t\t\t<div class=\"txbdsva allcostyle boxsh txbdmb30 text-left  \">\r\n\t\t\t<div class=\"thbdsvthumb\">\r\n\t\t\t\t<img decoding=\"async\" width=\"1024\" height=\"1024\" src=\"https:\/\/www.basarreklam.com\/wp-content\/uploads\/2025\/08\/WhatsApp-Gorsel-2025-08-31-saat-22.31.06_3a1a8ece-1-1024x1024.jpg\" class=\"attachment-large size-large wp-image-25186\" alt=\"\" srcset=\"https:\/\/www.basarreklam.com\/wp-content\/uploads\/2025\/08\/WhatsApp-Gorsel-2025-08-31-saat-22.31.06_3a1a8ece-1-1024x1024.jpg 1024w, https:\/\/www.basarreklam.com\/wp-content\/uploads\/2025\/08\/WhatsApp-Gorsel-2025-08-31-saat-22.31.06_3a1a8ece-1-300x300.jpg 300w, https:\/\/www.basarreklam.com\/wp-content\/uploads\/2025\/08\/WhatsApp-Gorsel-2025-08-31-saat-22.31.06_3a1a8ece-1-150x150.jpg 150w, https:\/\/www.basarreklam.com\/wp-content\/uploads\/2025\/08\/WhatsApp-Gorsel-2025-08-31-saat-22.31.06_3a1a8ece-1-768x768.jpg 768w, https:\/\/www.basarreklam.com\/wp-content\/uploads\/2025\/08\/WhatsApp-Gorsel-2025-08-31-saat-22.31.06_3a1a8ece-1-70x70.jpg 70w, https:\/\/www.basarreklam.com\/wp-content\/uploads\/2025\/08\/WhatsApp-Gorsel-2025-08-31-saat-22.31.06_3a1a8ece-1-600x600.jpg 600w, https:\/\/www.basarreklam.com\/wp-content\/uploads\/2025\/08\/WhatsApp-Gorsel-2025-08-31-saat-22.31.06_3a1a8ece-1-100x100.jpg 100w, https:\/\/www.basarreklam.com\/wp-content\/uploads\/2025\/08\/WhatsApp-Gorsel-2025-08-31-saat-22.31.06_3a1a8ece-1.jpg 1080w\" sizes=\"(max-width: 1024px) 100vw, 1024px\" \/>\t\t\t<\/div>\r\n\t\t\t<div class=\"txbdsi boxtexrelative  iconsabsconpd sselect\">\r\n\t\t\t\t<!-- overlay icon -->\r\n\t\t\t\t\t\t\t\t<!-- image icon -->\r\n\t\t\t\t\t\t\t\t\r\n\t\t\t\t<div class=\"txbdcon\">\r\n\t\t\t\t\t\t\t\t\t<h2 class=\"txbdsvtitle txstcolor hlight\">\u00d6r\u00fcmcek Stand<\/h2>\r\n\t\t\t\t\t\t\t\t\t<p>Hafif, ta\u015f\u0131nabilir ve kolay kurulum \u00f6zellikleriyle afi\u015f ve reklam g\u00f6rsellerinizi h\u0131zl\u0131ca sergileyen etkili stand \u00e7\u00f6z\u00fcm\u00fc <\/p>\r\n\t\t\t\t\t\t\r\n\t\t\t\t\t<div class=\"txbdsvbtn txbdbtnicon\">\r\n\t\t\t\t\t<!-- button -->\t\r\n\t\t\t\t\t\t\t\t\t\t\r\n\t\t\t\t\t<\/div>\r\n\t\t\t\t<\/div>\t\t\t\t\r\n\t\t\t<\/div>\r\n\t\t\r\n\t\t<\/div>\t\t\t\t<\/div>\n\t\t\t\t<\/div>\n\t\t\t\t\t<\/div>\n\t\t<\/div>\n\t\t\t\t<div class=\"elementor-column elementor-col-25 elementor-inner-column elementor-element elementor-element-e4b0ec6\" data-id=\"e4b0ec6\" data-element_type=\"column\">\n\t\t\t<div class=\"elementor-widget-wrap elementor-element-populated\">\n\t\t\t\t\t\t<div class=\"elementor-element elementor-element-effa75b elementor-widget elementor-widget-witrservice\" data-id=\"effa75b\" data-element_type=\"widget\" data-widget_type=\"witrservice.default\">\n\t\t\t\t<div class=\"elementor-widget-container\">\n\t\t\t\t\t\t\t<div class=\"txbdsva allcostyle boxsh txbdmb30 text-left  \">\r\n\t\t\t<div class=\"thbdsvthumb\">\r\n\t\t\t\t<img loading=\"lazy\" decoding=\"async\" width=\"375\" height=\"375\" src=\"https:\/\/www.basarreklam.com\/wp-content\/uploads\/2025\/08\/WhatsApp-Gorsel-2025-08-31-saat-23.10.57_366ab5bf.jpg\" class=\"attachment-large size-large wp-image-25223\" alt=\"\" srcset=\"https:\/\/www.basarreklam.com\/wp-content\/uploads\/2025\/08\/WhatsApp-Gorsel-2025-08-31-saat-23.10.57_366ab5bf.jpg 375w, https:\/\/www.basarreklam.com\/wp-content\/uploads\/2025\/08\/WhatsApp-Gorsel-2025-08-31-saat-23.10.57_366ab5bf-300x300.jpg 300w, https:\/\/www.basarreklam.com\/wp-content\/uploads\/2025\/08\/WhatsApp-Gorsel-2025-08-31-saat-23.10.57_366ab5bf-150x150.jpg 150w, https:\/\/www.basarreklam.com\/wp-content\/uploads\/2025\/08\/WhatsApp-Gorsel-2025-08-31-saat-23.10.57_366ab5bf-70x70.jpg 70w, https:\/\/www.basarreklam.com\/wp-content\/uploads\/2025\/08\/WhatsApp-Gorsel-2025-08-31-saat-23.10.57_366ab5bf-100x100.jpg 100w\" sizes=\"(max-width: 375px) 100vw, 375px\" \/>\t\t\t<\/div>\r\n\t\t\t<div class=\"txbdsi boxtexrelative  iconsabsconpd sselect\">\r\n\t\t\t\t<!-- overlay icon -->\r\n\t\t\t\t\t\t\t\t<!-- image icon -->\r\n\t\t\t\t\t\t\t\t\r\n\t\t\t\t<div class=\"txbdcon\">\r\n\t\t\t\t\t\t\t\t\t<h2 class=\"txbdsvtitle txstcolor hlight\">Men\u00fc Stand\u0131<\/h2>\r\n\t\t\t\t\t\t\t\t\t<p>Restoran ve kafelerde men\u00fclerinizi d\u00fczenli, \u015f\u0131k ve dikkat \u00e7ekici \u015fekilde sunman\u0131z\u0131 sa\u011flayan kullan\u0131\u015fl\u0131 bir \u00fcr\u00fcnd\u00fcr <\/p>\r\n\t\t\t\t\t\t\r\n\t\t\t\t\t<div class=\"txbdsvbtn txbdbtnicon\">\r\n\t\t\t\t\t<!-- button -->\t\r\n\t\t\t\t\t\t\t\t\t\t\r\n\t\t\t\t\t<\/div>\r\n\t\t\t\t<\/div>\t\t\t\t\r\n\t\t\t<\/div>\r\n\t\t\r\n\t\t<\/div>\t\t\t\t<\/div>\n\t\t\t\t<\/div>\n\t\t\t\t\t<\/div>\n\t\t<\/div>\n\t\t\t\t<div class=\"elementor-column elementor-col-25 elementor-inner-column elementor-element elementor-element-e2985a8\" data-id=\"e2985a8\" data-element_type=\"column\">\n\t\t\t<div class=\"elementor-widget-wrap elementor-element-populated\">\n\t\t\t\t\t\t<div class=\"elementor-element elementor-element-496b69f elementor-widget elementor-widget-witrservice\" data-id=\"496b69f\" data-element_type=\"widget\" data-widget_type=\"witrservice.default\">\n\t\t\t\t<div class=\"elementor-widget-container\">\n\t\t\t\t\t\t\t<div class=\"txbdsva allcostyle boxsh txbdmb30 text-left  \">\r\n\t\t\t<div class=\"thbdsvthumb\">\r\n\t\t\t\t<img loading=\"lazy\" decoding=\"async\" width=\"1024\" height=\"1024\" src=\"https:\/\/www.basarreklam.com\/wp-content\/uploads\/2025\/08\/kaygan_zemin_1-1-1024x1024.jpg\" class=\"attachment-large size-large wp-image-25227\" alt=\"\" srcset=\"https:\/\/www.basarreklam.com\/wp-content\/uploads\/2025\/08\/kaygan_zemin_1-1-1024x1024.jpg 1024w, https:\/\/www.basarreklam.com\/wp-content\/uploads\/2025\/08\/kaygan_zemin_1-1-300x300.jpg 300w, https:\/\/www.basarreklam.com\/wp-content\/uploads\/2025\/08\/kaygan_zemin_1-1-150x150.jpg 150w, https:\/\/www.basarreklam.com\/wp-content\/uploads\/2025\/08\/kaygan_zemin_1-1-768x768.jpg 768w, https:\/\/www.basarreklam.com\/wp-content\/uploads\/2025\/08\/kaygan_zemin_1-1-70x70.jpg 70w, https:\/\/www.basarreklam.com\/wp-content\/uploads\/2025\/08\/kaygan_zemin_1-1-600x600.jpg 600w, https:\/\/www.basarreklam.com\/wp-content\/uploads\/2025\/08\/kaygan_zemin_1-1-100x100.jpg 100w, https:\/\/www.basarreklam.com\/wp-content\/uploads\/2025\/08\/kaygan_zemin_1-1.jpg 1200w\" sizes=\"(max-width: 1024px) 100vw, 1024px\" \/>\t\t\t<\/div>\r\n\t\t\t<div class=\"txbdsi boxtexrelative  iconsabsconpd sselect\">\r\n\t\t\t\t<!-- overlay icon -->\r\n\t\t\t\t\t\t\t\t<!-- image icon -->\r\n\t\t\t\t\t\t\t\t\r\n\t\t\t\t<div class=\"txbdcon\">\r\n\t\t\t\t\t\t\t\t\t<h2 class=\"txbdsvtitle txstcolor hlight\">Kaygan Zemin Levhas\u0131<\/h2>\r\n\t\t\t\t\t\t\t\t\t<p>Islak ve kaygan zeminlerde g\u00fcvenli\u011fi art\u0131ran uyar\u0131 levhas\u0131. Dayan\u0131kl\u0131 malzemesi, parlak renk se\u00e7enekleri ve bask\u0131l\u0131\/bask\u0131s\u0131z se\u00e7enekleriyle hem g\u00f6r\u00fcn\u00fcr hem pratiktir. \u0130\u015f yerleri ve kamusal alanlar i\u00e7in ideal \u00e7\u00f6z\u00fcm. <\/p>\r\n\t\t\t\t\t\t\r\n\t\t\t\t\t<div class=\"txbdsvbtn txbdbtnicon\">\r\n\t\t\t\t\t<!-- button -->\t\r\n\t\t\t\t\t\t\t\t\t\t\r\n\t\t\t\t\t<\/div>\r\n\t\t\t\t<\/div>\t\t\t\t\r\n\t\t\t<\/div>\r\n\t\t\r\n\t\t<\/div>\t\t\t\t<\/div>\n\t\t\t\t<\/div>\n\t\t\t\t\t<\/div>\n\t\t<\/div>\n\t\t\t\t\t<\/div>\n\t\t<\/section>\n\t\t\t\t\t<\/div>\n\t\t<\/div>\n\t\t\t\t\t<\/div>\n\t\t<\/section>\n\t\t\t\t<section class=\"elementor-section elementor-top-section elementor-element elementor-element-13d4693 elementor-section-boxed elementor-section-height-default elementor-section-height-default\" data-id=\"13d4693\" data-element_type=\"section\">\n\t\t\t\t\t\t<div class=\"elementor-container elementor-column-gap-default\">\n\t\t\t\t\t<div class=\"elementor-column elementor-col-100 elementor-top-column elementor-element elementor-element-7d7e721\" data-id=\"7d7e721\" data-element_type=\"column\">\n\t\t\t<div class=\"elementor-widget-wrap elementor-element-populated\">\n\t\t\t\t\t\t<section class=\"elementor-section elementor-inner-section elementor-element elementor-element-67b8021 elementor-section-boxed elementor-section-height-default elementor-section-height-default\" data-id=\"67b8021\" data-element_type=\"section\">\n\t\t\t\t\t\t<div class=\"elementor-container elementor-column-gap-default\">\n\t\t\t\t\t<div class=\"elementor-column elementor-col-25 elementor-inner-column elementor-element elementor-element-c04ea7b\" data-id=\"c04ea7b\" data-element_type=\"column\">\n\t\t\t<div class=\"elementor-widget-wrap elementor-element-populated\">\n\t\t\t\t\t\t<div class=\"elementor-element elementor-element-1c6fe95 elementor-widget elementor-widget-witrservice\" data-id=\"1c6fe95\" data-element_type=\"widget\" data-widget_type=\"witrservice.default\">\n\t\t\t\t<div class=\"elementor-widget-container\">\n\t\t\t\t\t\t\t<div class=\"txbdsva allcostyle boxsh txbdmb30 text-left  \">\r\n\t\t\t<div class=\"thbdsvthumb\">\r\n\t\t\t\t<img loading=\"lazy\" decoding=\"async\" width=\"683\" height=\"1024\" src=\"https:\/\/www.basarreklam.com\/wp-content\/uploads\/2025\/08\/kod-2-1-683x1024.jpg\" class=\"attachment-large size-large wp-image-25193\" alt=\"\" srcset=\"https:\/\/www.basarreklam.com\/wp-content\/uploads\/2025\/08\/kod-2-1-683x1024.jpg 683w, https:\/\/www.basarreklam.com\/wp-content\/uploads\/2025\/08\/kod-2-1-200x300.jpg 200w, https:\/\/www.basarreklam.com\/wp-content\/uploads\/2025\/08\/kod-2-1-768x1152.jpg 768w, https:\/\/www.basarreklam.com\/wp-content\/uploads\/2025\/08\/kod-2-1-1024x1536.jpg 1024w, https:\/\/www.basarreklam.com\/wp-content\/uploads\/2025\/08\/kod-2-1-600x900.jpg 600w, https:\/\/www.basarreklam.com\/wp-content\/uploads\/2025\/08\/kod-2-1.jpg 1200w\" sizes=\"(max-width: 683px) 100vw, 683px\" \/>\t\t\t<\/div>\r\n\t\t\t<div class=\"txbdsi boxtexrelative  iconsabsconpd sselect\">\r\n\t\t\t\t<!-- overlay icon -->\r\n\t\t\t\t\t\t\t\t<!-- image icon -->\r\n\t\t\t\t\t\t\t\t\r\n\t\t\t\t<div class=\"txbdcon\">\r\n\t\t\t\t\t\t\t\t\t<h2 class=\"txbdsvtitle txstcolor hlight\">B\u00fcy\u00fck Duba Beyaz<\/h2>\r\n\t\t\t\t\t\t\t\t\t<p>Y\u00fcksek g\u00f6r\u00fcn\u00fcrl\u00fck ve dayan\u0131kl\u0131l\u0131k sunan, reklam ve y\u00f6nlendirme ama\u00e7l\u0131 ideal beyaz duba \u00e7\u00f6z\u00fcm\u00fc. Mekanlarda g\u00fcvenli ve etkili kullan\u0131m sa\u011flar <\/p>\r\n\t\t\t\t\t\t\r\n\t\t\t\t\t<div class=\"txbdsvbtn txbdbtnicon\">\r\n\t\t\t\t\t<!-- button -->\t\r\n\t\t\t\t\t\t\t\t\t\t\r\n\t\t\t\t\t<\/div>\r\n\t\t\t\t<\/div>\t\t\t\t\r\n\t\t\t<\/div>\r\n\t\t\r\n\t\t<\/div>\t\t\t\t<\/div>\n\t\t\t\t<\/div>\n\t\t\t\t\t<\/div>\n\t\t<\/div>\n\t\t\t\t<div class=\"elementor-column elementor-col-25 elementor-inner-column elementor-element elementor-element-9deac2c\" data-id=\"9deac2c\" data-element_type=\"column\">\n\t\t\t<div class=\"elementor-widget-wrap elementor-element-populated\">\n\t\t\t\t\t\t<div class=\"elementor-element elementor-element-8391122 elementor-widget elementor-widget-witrservice\" data-id=\"8391122\" data-element_type=\"widget\" data-widget_type=\"witrservice.default\">\n\t\t\t\t<div class=\"elementor-widget-container\">\n\t\t\t\t\t\t\t<div class=\"txbdsva allcostyle boxsh txbdmb30 text-left  \">\r\n\t\t\t<div class=\"thbdsvthumb\">\r\n\t\t\t\t<img loading=\"lazy\" decoding=\"async\" width=\"683\" height=\"1024\" src=\"https:\/\/www.basarreklam.com\/wp-content\/uploads\/2025\/08\/kod-4-gri-1-683x1024.jpg\" class=\"attachment-large size-large wp-image-25197\" alt=\"\" srcset=\"https:\/\/www.basarreklam.com\/wp-content\/uploads\/2025\/08\/kod-4-gri-1-683x1024.jpg 683w, https:\/\/www.basarreklam.com\/wp-content\/uploads\/2025\/08\/kod-4-gri-1-200x300.jpg 200w, https:\/\/www.basarreklam.com\/wp-content\/uploads\/2025\/08\/kod-4-gri-1-768x1152.jpg 768w, https:\/\/www.basarreklam.com\/wp-content\/uploads\/2025\/08\/kod-4-gri-1-1024x1536.jpg 1024w, https:\/\/www.basarreklam.com\/wp-content\/uploads\/2025\/08\/kod-4-gri-1-600x900.jpg 600w, https:\/\/www.basarreklam.com\/wp-content\/uploads\/2025\/08\/kod-4-gri-1.jpg 1200w\" sizes=\"(max-width: 683px) 100vw, 683px\" \/>\t\t\t<\/div>\r\n\t\t\t<div class=\"txbdsi boxtexrelative  iconsabsconpd sselect\">\r\n\t\t\t\t<!-- overlay icon -->\r\n\t\t\t\t\t\t\t\t<!-- image icon -->\r\n\t\t\t\t\t\t\t\t\r\n\t\t\t\t<div class=\"txbdcon\">\r\n\t\t\t\t\t\t\t\t\t<h2 class=\"txbdsvtitle txstcolor hlight\">A Tabela Gri<\/h2>\r\n\t\t\t\t\t\t\t\t\t<p>41X74 Reklam alan\u0131 ve Boy olarak 105 cm <\/p>\r\n\t\t\t\t\t\t\r\n\t\t\t\t\t<div class=\"txbdsvbtn txbdbtnicon\">\r\n\t\t\t\t\t<!-- button -->\t\r\n\t\t\t\t\t\t\t\t\t\t\r\n\t\t\t\t\t<\/div>\r\n\t\t\t\t<\/div>\t\t\t\t\r\n\t\t\t<\/div>\r\n\t\t\r\n\t\t<\/div>\t\t\t\t<\/div>\n\t\t\t\t<\/div>\n\t\t\t\t\t<\/div>\n\t\t<\/div>\n\t\t\t\t<div class=\"elementor-column elementor-col-25 elementor-inner-column elementor-element elementor-element-dfc4588\" data-id=\"dfc4588\" data-element_type=\"column\">\n\t\t\t<div class=\"elementor-widget-wrap elementor-element-populated\">\n\t\t\t\t\t\t<div class=\"elementor-element elementor-element-d4a4d42 elementor-widget elementor-widget-witrservice\" data-id=\"d4a4d42\" data-element_type=\"widget\" data-widget_type=\"witrservice.default\">\n\t\t\t\t<div class=\"elementor-widget-container\">\n\t\t\t\t\t\t\t<div class=\"txbdsva allcostyle boxsh txbdmb30 text-left  \">\r\n\t\t\t<div class=\"thbdsvthumb\">\r\n\t\t\t\t<img loading=\"lazy\" decoding=\"async\" width=\"683\" height=\"1024\" src=\"https:\/\/www.basarreklam.com\/wp-content\/uploads\/2025\/08\/kod-6-gri-1-683x1024.jpg\" class=\"attachment-large size-large wp-image-25204\" alt=\"\" srcset=\"https:\/\/www.basarreklam.com\/wp-content\/uploads\/2025\/08\/kod-6-gri-1-683x1024.jpg 683w, https:\/\/www.basarreklam.com\/wp-content\/uploads\/2025\/08\/kod-6-gri-1-200x300.jpg 200w, https:\/\/www.basarreklam.com\/wp-content\/uploads\/2025\/08\/kod-6-gri-1-768x1152.jpg 768w, https:\/\/www.basarreklam.com\/wp-content\/uploads\/2025\/08\/kod-6-gri-1-1024x1536.jpg 1024w, https:\/\/www.basarreklam.com\/wp-content\/uploads\/2025\/08\/kod-6-gri-1-600x900.jpg 600w, https:\/\/www.basarreklam.com\/wp-content\/uploads\/2025\/08\/kod-6-gri-1.jpg 1200w\" sizes=\"(max-width: 683px) 100vw, 683px\" \/>\t\t\t<\/div>\r\n\t\t\t<div class=\"txbdsi boxtexrelative  iconsabsconpd sselect\">\r\n\t\t\t\t<!-- overlay icon -->\r\n\t\t\t\t\t\t\t\t<!-- image icon -->\r\n\t\t\t\t\t\t\t\t\r\n\t\t\t\t<div class=\"txbdcon\">\r\n\t\t\t\t\t\t\t\t\t<h2 class=\"txbdsvtitle txstcolor hlight\">\u015eirin Tabela Gri<\/h2>\r\n\t\t\t\t\t\t\t\t\t<p>Sevimli tasar\u0131m\u0131 ve dayan\u0131kl\u0131 yap\u0131s\u0131yla i\u00e7 ve d\u0131\u015f mekanlarda reklam ve y\u00f6nlendirme \u00e7\u00f6z\u00fcmlerine estetik bir dokunu\u015f katar <\/p>\r\n\t\t\t\t\t\t\r\n\t\t\t\t\t<div class=\"txbdsvbtn txbdbtnicon\">\r\n\t\t\t\t\t<!-- button -->\t\r\n\t\t\t\t\t\t\t\t\t\t\r\n\t\t\t\t\t<\/div>\r\n\t\t\t\t<\/div>\t\t\t\t\r\n\t\t\t<\/div>\r\n\t\t\r\n\t\t<\/div>\t\t\t\t<\/div>\n\t\t\t\t<\/div>\n\t\t\t\t\t<\/div>\n\t\t<\/div>\n\t\t\t\t<div class=\"elementor-column elementor-col-25 elementor-inner-column elementor-element elementor-element-f7ec1b9\" data-id=\"f7ec1b9\" data-element_type=\"column\">\n\t\t\t<div class=\"elementor-widget-wrap elementor-element-populated\">\n\t\t\t\t\t\t<div class=\"elementor-element elementor-element-e88fb0e elementor-widget elementor-widget-witrservice\" data-id=\"e88fb0e\" data-element_type=\"widget\" data-widget_type=\"witrservice.default\">\n\t\t\t\t<div class=\"elementor-widget-container\">\n\t\t\t\t\t\t\t<div class=\"txbdsva allcostyle boxsh txbdmb30 text-left  \">\r\n\t\t\t<div class=\"thbdsvthumb\">\r\n\t\t\t\t<img loading=\"lazy\" decoding=\"async\" width=\"683\" height=\"1024\" src=\"https:\/\/www.basarreklam.com\/wp-content\/uploads\/2025\/08\/kod-11-gri-1-683x1024.jpg\" class=\"attachment-large size-large wp-image-25205\" alt=\"\" srcset=\"https:\/\/www.basarreklam.com\/wp-content\/uploads\/2025\/08\/kod-11-gri-1-683x1024.jpg 683w, https:\/\/www.basarreklam.com\/wp-content\/uploads\/2025\/08\/kod-11-gri-1-200x300.jpg 200w, https:\/\/www.basarreklam.com\/wp-content\/uploads\/2025\/08\/kod-11-gri-1-768x1152.jpg 768w, https:\/\/www.basarreklam.com\/wp-content\/uploads\/2025\/08\/kod-11-gri-1-1024x1536.jpg 1024w, https:\/\/www.basarreklam.com\/wp-content\/uploads\/2025\/08\/kod-11-gri-1-600x900.jpg 600w, https:\/\/www.basarreklam.com\/wp-content\/uploads\/2025\/08\/kod-11-gri-1.jpg 1200w\" sizes=\"(max-width: 683px) 100vw, 683px\" \/>\t\t\t<\/div>\r\n\t\t\t<div class=\"txbdsi boxtexrelative  iconsabsconpd sselect\">\r\n\t\t\t\t<!-- overlay icon -->\r\n\t\t\t\t\t\t\t\t<!-- image icon -->\r\n\t\t\t\t\t\t\t\t\r\n\t\t\t\t<div class=\"txbdcon\">\r\n\t\t\t\t\t\t\t\t\t<h2 class=\"txbdsvtitle txstcolor hlight\">A\u00e7 Kapa A Tabela Gri<\/h2>\r\n\t\t\t\t\t\t\t\t\t<p>Kolay a\u00e7\u0131l\u0131p kapanabilen, ta\u015f\u0131nabilir tasar\u0131m\u0131yla y\u00f6nlendirme ve reklam \u00e7\u00f6z\u00fcmlerinde pratik ve \u015f\u0131k kullan\u0131m sunar <\/p>\r\n\t\t\t\t\t\t\r\n\t\t\t\t\t<div class=\"txbdsvbtn txbdbtnicon\">\r\n\t\t\t\t\t<!-- button -->\t\r\n\t\t\t\t\t\t\t\t\t\t\r\n\t\t\t\t\t<\/div>\r\n\t\t\t\t<\/div>\t\t\t\t\r\n\t\t\t<\/div>\r\n\t\t\r\n\t\t<\/div>\t\t\t\t<\/div>\n\t\t\t\t<\/div>\n\t\t\t\t\t<\/div>\n\t\t<\/div>\n\t\t\t\t\t<\/div>\n\t\t<\/section>\n\t\t\t\t\t<\/div>\n\t\t<\/div>\n\t\t\t\t\t<\/div>\n\t\t<\/section>\n\t\t\t\t<\/div>\n\t\t","protected":false},"excerpt":{"rendered":"<p>Display \u00dcr\u00fcnler Opti \u00c7er\u00e7eveler Modern tasar\u0131m\u0131 ve sa\u011flam yap\u0131s\u0131yla poster, afi\u015f ve g\u00f6rselleri \u015f\u0131k bir \u015fekilde sergileyen estetik \u00e7er\u00e7eve \u00e7\u00f6z\u00fcm\u00fc \u00d6r\u00fcmcek Stand Hafif, ta\u015f\u0131nabilir ve kolay kurulum \u00f6zellikleriyle afi\u015f ve reklam g\u00f6rsellerinizi h\u0131zl\u0131ca sergileyen etkili stand \u00e7\u00f6z\u00fcm\u00fc Men\u00fc Stand\u0131 Restoran ve kafelerde men\u00fclerinizi d\u00fczenli, \u015f\u0131k ve dikkat \u00e7ekici \u015fekilde sunman\u0131z\u0131 sa\u011flayan kullan\u0131\u015fl\u0131 bir \u00fcr\u00fcnd\u00fcr Kaygan [&hellip;]<\/p>\n","protected":false},"author":1,"featured_media":0,"parent":0,"menu_order":0,"comment_status":"closed","ping_status":"closed","template":"","meta":{"footnotes":""},"class_list":["post-23991","page","type-page","status-publish","hentry"],"_links":{"self":[{"href":"https:\/\/www.basarreklam.com\/index.php\/wp-json\/wp\/v2\/pages\/23991","targetHints":{"allow":["GET"]}}],"collection":[{"href":"https:\/\/www.basarreklam.com\/index.php\/wp-json\/wp\/v2\/pages"}],"about":[{"href":"https:\/\/www.basarreklam.com\/index.php\/wp-json\/wp\/v2\/types\/page"}],"author":[{"embeddable":true,"href":"https:\/\/www.basarreklam.com\/index.php\/wp-json\/wp\/v2\/users\/1"}],"replies":[{"embeddable":true,"href":"https:\/\/www.basarreklam.com\/index.php\/wp-json\/wp\/v2\/comments?post=23991"}],"version-history":[{"count":0,"href":"https:\/\/www.basarreklam.com\/index.php\/wp-json\/wp\/v2\/pages\/23991\/revisions"}],"wp:attachment":[{"href":"https:\/\/www.basarreklam.com\/index.php\/wp-json\/wp\/v2\/media?parent=23991"}],"curies":[{"name":"wp","href":"https:\/\/api.w.org\/{rel}","templated":true}]}}