{"id":24207,"date":"2025-08-22T19:09:18","date_gmt":"2025-08-22T16:09:18","guid":{"rendered":"https:\/\/www.basarreklam.com\/?page_id=24207"},"modified":"2025-09-02T20:49:18","modified_gmt":"2025-09-02T17:49:18","slug":"levhalar","status":"publish","type":"page","link":"https:\/\/www.basarreklam.com\/index.php\/levhalar\/","title":{"rendered":"Levhalar"},"content":{"rendered":"\t\t<div data-elementor-type=\"wp-page\" data-elementor-id=\"24207\" class=\"elementor elementor-24207\" data-elementor-post-type=\"page\">\n\t\t\t\t<div class=\"elementor-element elementor-element-188b42b e-flex e-con-boxed e-con e-parent\" data-id=\"188b42b\" data-element_type=\"container\">\n\t\t\t\t\t<div class=\"e-con-inner\">\n\t\t\t\t<div class=\"elementor-element elementor-element-61721cf elementor-widget elementor-widget-tts\" data-id=\"61721cf\" data-element_type=\"widget\" data-widget_type=\"tts.default\">\n\t\t\t\t<div class=\"elementor-widget-container\">\n\t\t\t\t\t\t\t\t\t\t<!-- title center -->\n\t\t\t\t\t<div class=\"tts text-center\">\n\t\t\t\t\t\t<div class=\"ttin\">\n\n\t\t\t\t\t\t\t<!-- icon position -->\n\t\t\t\t\t\t\t\t\t\t\t\t\t\t\n\t\t\t\t\t\t\t<!-- image -->\n\t\t\t\t\t\t\t\t\t\t\t\t\t\t\t<div class=\"ttit\">\t\t\t\t\t\t\t\t\n\t\t\t\t\t\t\t\t\t<img decoding=\"async\" width=\"146\" height=\"146\" src=\"https:\/\/www.basarreklam.com\/wp-content\/uploads\/2023\/09\/gp_title_shap.png\" class=\"attachment-large size-large wp-image-22619\" alt=\"\" srcset=\"https:\/\/www.basarreklam.com\/wp-content\/uploads\/2023\/09\/gp_title_shap.png 146w, https:\/\/www.basarreklam.com\/wp-content\/uploads\/2023\/09\/gp_title_shap-100x100.png 100w, https:\/\/www.basarreklam.com\/wp-content\/uploads\/2023\/09\/gp_title_shap-70x70.png 70w\" sizes=\"(max-width: 146px) 100vw, 146px\" \/>\t\t\t\t\t\t\t\t\t\t\t\t\t\t\t\t\n\t\t\t\t\t\t\t\t<\/div>\n\t\t\t\t\t\t\t\t\t\t\t\t\t\t<!-- icon -->\n\t\t\t\t\t\t\t\t\t\t\t\t\t\t\n\t\t\t\t\t\t\t<!-- bar -->\n\t\t\t\t\t\t\t\t\t\t\t\t\t\t<!-- circle bar -->\n\t\t\t\t\t\t\t\n\t\t\t\t\t\t\t\t\n\t\t\t\t\t\t\t<!-- end icon position -->\n\t\t\t\t\t\t\t\t\t\t\t\t\t\n\t\t\t\t\t\t\t<!-- title top -->\n\t\t\t\t\t\t\t\n\n\t\t\t\t\t\t\t<!-- icon position -->\n\t\t\t\t\t\t\t\t\n\t\t\t\t\t\t\t<!-- end icon position -->\n\t\t\t\t\t\t\t\n\t\t\t\t\t\t\t<!-- title middle -->\n\t\t\t\t\t\t\t\t\t\t\t\t\t\t\t<h2 class=\"txbdstitle sttwo hlight\">Levha <span>\u00dcr\u00fcnleri<\/span> <\/h2>\n\t\t\t\t\t\t\t\t\t\t\t\t\t\t<!-- title bottom -->\n\t\t\t\t\t\t\t\n\t\t\t\t\t\t\t\t\n\t\t\t\t\t\t\t\n\t\t\t\t\t\t\t<!-- content -->\n\t\t\t\t\t\t\t\t\t\t\t\t\t\t\n\t\t\t\t\t\t<\/div>\n\t\t\t\t\t\t\t<!-- inner title -->\n\t\t\t\t\t\t\t\t\t\t\t\t\t\n\t\t\t\t\t<\/div>\n\n\t\t\t\t\t\t\t\t<\/div>\n\t\t\t\t<\/div>\n\t\t\t\t\t<\/div>\n\t\t\t\t<\/div>\n\t\t\t\t<section class=\"elementor-section elementor-top-section elementor-element elementor-element-f03687a elementor-section-boxed elementor-section-height-default elementor-section-height-default\" data-id=\"f03687a\" data-element_type=\"section\">\n\t\t\t\t\t\t<div class=\"elementor-container elementor-column-gap-default\">\n\t\t\t\t\t<div class=\"elementor-column elementor-col-100 elementor-top-column elementor-element elementor-element-5fe3dd8\" data-id=\"5fe3dd8\" data-element_type=\"column\">\n\t\t\t<div class=\"elementor-widget-wrap elementor-element-populated\">\n\t\t\t\t\t\t<section class=\"elementor-section elementor-inner-section elementor-element elementor-element-f46f40b elementor-section-boxed elementor-section-height-default elementor-section-height-default\" data-id=\"f46f40b\" data-element_type=\"section\">\n\t\t\t\t\t\t<div class=\"elementor-container elementor-column-gap-default\">\n\t\t\t\t\t<div class=\"elementor-column elementor-col-25 elementor-inner-column elementor-element elementor-element-ef2fc48\" data-id=\"ef2fc48\" data-element_type=\"column\">\n\t\t\t<div class=\"elementor-widget-wrap elementor-element-populated\">\n\t\t\t\t\t\t<div class=\"elementor-element elementor-element-a096d97 elementor-widget elementor-widget-witrservice\" data-id=\"a096d97\" data-element_type=\"widget\" data-widget_type=\"witrservice.default\">\n\t\t\t\t<div class=\"elementor-widget-container\">\n\t\t\t\t\t\t\t<div class=\"txbdsva allcostyle boxsh txbdmb30 text-left  \">\r\n\t\t\t<div class=\"thbdsvthumb\">\r\n\t\t\t\t<img fetchpriority=\"high\" decoding=\"async\" width=\"450\" height=\"414\" src=\"https:\/\/www.basarreklam.com\/wp-content\/uploads\/2025\/08\/cekmeakrilik.jpg\" class=\"attachment-large size-large wp-image-23924\" alt=\"\" srcset=\"https:\/\/www.basarreklam.com\/wp-content\/uploads\/2025\/08\/cekmeakrilik.jpg 450w, https:\/\/www.basarreklam.com\/wp-content\/uploads\/2025\/08\/cekmeakrilik-300x276.jpg 300w\" sizes=\"(max-width: 450px) 100vw, 450px\" \/>\t\t\t<\/div>\r\n\t\t\t<div class=\"txbdsi boxtexrelative  iconsabsconpd sselect\">\r\n\t\t\t\t<!-- overlay icon -->\r\n\t\t\t\t\t\t\t\t<!-- image icon -->\r\n\t\t\t\t\t\t\t\t\r\n\t\t\t\t<div class=\"txbdcon\">\r\n\t\t\t\t\t\t\t\t\t<h2 class=\"txbdsvtitle txstcolor hlight\">Akrilik (Pleksi) Levha<\/h2>\r\n\t\t\t\t\t\t\t\t\t<p>Geni\u015f renk ve kal\u0131nl\u0131k yelpazesiyle arad\u0131\u011f\u0131n\u0131z \u00e7\u00f6z\u00fcme ula\u015fmak art\u0131k \u00e7ok daha kolay. Renk kodu bilgisi i\u00e7in l\u00fctfen inceleyiniz <\/p>\r\n\t\t\t\t\t\t\r\n\t\t\t\t\t<div class=\"txbdsvbtn txbdbtnicon\">\r\n\t\t\t\t\t<!-- button -->\t\r\n\t\t\t\t\t\t\t\t\t\t\t<a class=\"btnallt btnall 1\" href=\"https:\/\/www.basarreklam.com\/index.php\/akrilik-pleksi-levha\/\" >Renk Kartelas\u0131 <i class=\"icofont icofont-double-right\"><\/i> <\/a>\r\n\t\t\t\t\t\t\t\t\t\t\r\n\t\t\t\t\t<\/div>\r\n\t\t\t\t<\/div>\t\t\t\t\r\n\t\t\t<\/div>\r\n\t\t\r\n\t\t<\/div>\t\t\t\t<\/div>\n\t\t\t\t<\/div>\n\t\t\t\t\t<\/div>\n\t\t<\/div>\n\t\t\t\t<div class=\"elementor-column elementor-col-25 elementor-inner-column elementor-element elementor-element-0429471\" data-id=\"0429471\" data-element_type=\"column\">\n\t\t\t<div class=\"elementor-widget-wrap elementor-element-populated\">\n\t\t\t\t\t\t<div class=\"elementor-element elementor-element-7f57b2a elementor-widget elementor-widget-witrservice\" data-id=\"7f57b2a\" data-element_type=\"widget\" data-widget_type=\"witrservice.default\">\n\t\t\t\t<div class=\"elementor-widget-container\">\n\t\t\t\t\t\t\t<div class=\"txbdsva allcostyle boxsh txbdmb30 text-left  \">\r\n\t\t\t<div class=\"thbdsvthumb\">\r\n\t\t\t\t<img decoding=\"async\" width=\"800\" height=\"709\" src=\"https:\/\/www.basarreklam.com\/wp-content\/uploads\/2025\/08\/WhatsApp-Gorsel-2025-08-31-saat-10.39.40_91ac1e7f-e1756626024534.jpg\" class=\"attachment-large size-large wp-image-24901\" alt=\"\" srcset=\"https:\/\/www.basarreklam.com\/wp-content\/uploads\/2025\/08\/WhatsApp-Gorsel-2025-08-31-saat-10.39.40_91ac1e7f-e1756626024534.jpg 800w, https:\/\/www.basarreklam.com\/wp-content\/uploads\/2025\/08\/WhatsApp-Gorsel-2025-08-31-saat-10.39.40_91ac1e7f-e1756626024534-300x266.jpg 300w, https:\/\/www.basarreklam.com\/wp-content\/uploads\/2025\/08\/WhatsApp-Gorsel-2025-08-31-saat-10.39.40_91ac1e7f-e1756626024534-768x681.jpg 768w, https:\/\/www.basarreklam.com\/wp-content\/uploads\/2025\/08\/WhatsApp-Gorsel-2025-08-31-saat-10.39.40_91ac1e7f-e1756626024534-600x532.jpg 600w\" sizes=\"(max-width: 800px) 100vw, 800px\" \/>\t\t\t<\/div>\r\n\t\t\t<div class=\"txbdsi boxtexrelative  iconsabsconpd sselect\">\r\n\t\t\t\t<!-- overlay icon -->\r\n\t\t\t\t\t\t\t\t<!-- image icon -->\r\n\t\t\t\t\t\t\t\t\r\n\t\t\t\t<div class=\"txbdcon\">\r\n\t\t\t\t\t\t\t\t\t<h2 class=\"txbdsvtitle txstcolor hlight\">Al\u00fcminyum Kompozit Paneller<\/h2>\r\n\t\t\t\t\t\t\t\t\t<p>Premium \u00fcr\u00fcnlerden ekonomik serilere, fiyat-performans \u00e7\u00f6z\u00fcmlerinden \u00f6zel se\u00e7eneklere kadar; 2, 3 ve 4 mm kal\u0131nl\u0131klar ile 0.20\u20130.50 mm aras\u0131 al\u00fcminyum y\u00fczey alternatiflerinde geni\u015f bir \u00fcr\u00fcn yelpazesi sunuyoruz <\/p>\r\n\t\t\t\t\t\t\r\n\t\t\t\t\t<div class=\"txbdsvbtn txbdbtnicon\">\r\n\t\t\t\t\t<!-- button -->\t\r\n\t\t\t\t\t\t\t\t\t\t\t<a class=\"btnallt btnall 1\" href=\"https:\/\/www.basarreklam.com\/index.php\/aluminyum-kompozit-paneller\/\" >Renk Kartelas\u0131 <i class=\"icofont icofont-double-right\"><\/i> <\/a>\r\n\t\t\t\t\t\t\t\t\t\t\r\n\t\t\t\t\t<\/div>\r\n\t\t\t\t<\/div>\t\t\t\t\r\n\t\t\t<\/div>\r\n\t\t\r\n\t\t<\/div>\t\t\t\t<\/div>\n\t\t\t\t<\/div>\n\t\t\t\t\t<\/div>\n\t\t<\/div>\n\t\t\t\t<div class=\"elementor-column elementor-col-25 elementor-inner-column elementor-element elementor-element-dd91ff2\" data-id=\"dd91ff2\" data-element_type=\"column\">\n\t\t\t<div class=\"elementor-widget-wrap elementor-element-populated\">\n\t\t\t\t\t\t<div class=\"elementor-element elementor-element-e0650b3 elementor-widget elementor-widget-witrservice\" data-id=\"e0650b3\" data-element_type=\"widget\" data-widget_type=\"witrservice.default\">\n\t\t\t\t<div class=\"elementor-widget-container\">\n\t\t\t\t\t\t\t<div class=\"txbdsva allcostyle boxsh txbdmb30 text-left  \">\r\n\t\t\t<div class=\"thbdsvthumb\">\r\n\t\t\t\t<img loading=\"lazy\" decoding=\"async\" width=\"1000\" height=\"900\" src=\"https:\/\/www.basarreklam.com\/wp-content\/uploads\/2025\/08\/slogan-1.jpg\" class=\"attachment-large size-large wp-image-24891\" alt=\"\" srcset=\"https:\/\/www.basarreklam.com\/wp-content\/uploads\/2025\/08\/slogan-1.jpg 1000w, https:\/\/www.basarreklam.com\/wp-content\/uploads\/2025\/08\/slogan-1-300x270.jpg 300w, https:\/\/www.basarreklam.com\/wp-content\/uploads\/2025\/08\/slogan-1-768x691.jpg 768w, https:\/\/www.basarreklam.com\/wp-content\/uploads\/2025\/08\/slogan-1-390x350.jpg 390w, https:\/\/www.basarreklam.com\/wp-content\/uploads\/2025\/08\/slogan-1-600x540.jpg 600w\" sizes=\"(max-width: 1000px) 100vw, 1000px\" \/>\t\t\t<\/div>\r\n\t\t\t<div class=\"txbdsi boxtexrelative  iconsabsconpd sselect\">\r\n\t\t\t\t<!-- overlay icon -->\r\n\t\t\t\t\t\t\t\t<!-- image icon -->\r\n\t\t\t\t\t\t\t\t\r\n\t\t\t\t<div class=\"txbdcon\">\r\n\t\t\t\t\t\t\t\t\t<h2 class=\"txbdsvtitle txstcolor hlight\">PVC Foam Levha (Dekota, Foreks)<\/h2>\r\n\t\t\t\t\t\t\t\t\t<p>Her kal\u0131nl\u0131\u011f\u0131 mevcut olan, siyah beyaz ve k\u0131rm\u0131z\u0131 renk se\u00e7enekleriyle i\u00e7eri\u011findeki  y\u00fcksek pvc oran\u0131yla uygulama s\u0131ras\u0131nda olu\u015fabilecek hatalar\u0131 minimuma indirir; z\u0131mbalama ve vidalama esnas\u0131nda ise adeta \u00e7elik sa\u011flaml\u0131\u011f\u0131nda performans g\u00f6sterir <\/p>\r\n\t\t\t\t\t\t\r\n\t\t\t\t\t<div class=\"txbdsvbtn txbdbtnicon\">\r\n\t\t\t\t\t<!-- button -->\t\r\n\t\t\t\t\t\t\t\t\t\t\r\n\t\t\t\t\t<\/div>\r\n\t\t\t\t<\/div>\t\t\t\t\r\n\t\t\t<\/div>\r\n\t\t\r\n\t\t<\/div>\t\t\t\t<\/div>\n\t\t\t\t<\/div>\n\t\t\t\t\t<\/div>\n\t\t<\/div>\n\t\t\t\t<div class=\"elementor-column elementor-col-25 elementor-inner-column elementor-element elementor-element-665cf5b\" data-id=\"665cf5b\" data-element_type=\"column\">\n\t\t\t<div class=\"elementor-widget-wrap elementor-element-populated\">\n\t\t\t\t\t\t<div class=\"elementor-element elementor-element-75f865a elementor-widget elementor-widget-witrservice\" data-id=\"75f865a\" data-element_type=\"widget\" data-widget_type=\"witrservice.default\">\n\t\t\t\t<div class=\"elementor-widget-container\">\n\t\t\t\t\t\t\t<div class=\"txbdsva allcostyle boxsh txbdmb30 text-left  \">\r\n\t\t\t<div class=\"thbdsvthumb\">\r\n\t\t\t\t<img loading=\"lazy\" decoding=\"async\" width=\"600\" height=\"513\" src=\"https:\/\/www.basarreklam.com\/wp-content\/uploads\/2025\/08\/WhatsApp-Gorsel-2025-08-31-saat-10.43.29_f1357255-e1756626423869.jpg\" class=\"attachment-large size-large wp-image-24910\" alt=\"\" srcset=\"https:\/\/www.basarreklam.com\/wp-content\/uploads\/2025\/08\/WhatsApp-Gorsel-2025-08-31-saat-10.43.29_f1357255-e1756626423869.jpg 600w, https:\/\/www.basarreklam.com\/wp-content\/uploads\/2025\/08\/WhatsApp-Gorsel-2025-08-31-saat-10.43.29_f1357255-e1756626423869-300x257.jpg 300w\" sizes=\"(max-width: 600px) 100vw, 600px\" \/>\t\t\t<\/div>\r\n\t\t\t<div class=\"txbdsi boxtexrelative  iconsabsconpd sselect\">\r\n\t\t\t\t<!-- overlay icon -->\r\n\t\t\t\t\t\t\t\t<!-- image icon -->\r\n\t\t\t\t\t\t\t\t\r\n\t\t\t\t<div class=\"txbdcon\">\r\n\t\t\t\t\t\t\t\t\t<h2 class=\"txbdsvtitle txstcolor hlight\">Oluklu Polikarbon Levhalar<\/h2>\r\n\t\t\t\t\t\t\t\t\t<p>4, 6 ve 8 mm \u00f6l\u00e7\u00fclerde ve beyaz, \u015feffaf, f\u00fcme renk se\u00e7enekleriyle ihtiyac\u0131n\u0131za uygun geni\u015f \u00fcr\u00fcn \u00e7e\u015fitlerimiz bulunmaktad\u0131r <\/p>\r\n\t\t\t\t\t\t\r\n\t\t\t\t\t<div class=\"txbdsvbtn txbdbtnicon\">\r\n\t\t\t\t\t<!-- button -->\t\r\n\t\t\t\t\t\t\t\t\t\t\r\n\t\t\t\t\t<\/div>\r\n\t\t\t\t<\/div>\t\t\t\t\r\n\t\t\t<\/div>\r\n\t\t\r\n\t\t<\/div>\t\t\t\t<\/div>\n\t\t\t\t<\/div>\n\t\t\t\t\t<\/div>\n\t\t<\/div>\n\t\t\t\t\t<\/div>\n\t\t<\/section>\n\t\t\t\t\t<\/div>\n\t\t<\/div>\n\t\t\t\t\t<\/div>\n\t\t<\/section>\n\t\t\t\t<section class=\"elementor-section elementor-top-section elementor-element elementor-element-cc62f26 elementor-section-boxed elementor-section-height-default elementor-section-height-default\" data-id=\"cc62f26\" data-element_type=\"section\">\n\t\t\t\t\t\t<div class=\"elementor-container elementor-column-gap-default\">\n\t\t\t\t\t<div class=\"elementor-column elementor-col-100 elementor-top-column elementor-element elementor-element-ed2e095\" data-id=\"ed2e095\" data-element_type=\"column\">\n\t\t\t<div class=\"elementor-widget-wrap elementor-element-populated\">\n\t\t\t\t\t\t<section class=\"elementor-section elementor-inner-section elementor-element elementor-element-7e8612b elementor-section-boxed elementor-section-height-default elementor-section-height-default\" data-id=\"7e8612b\" data-element_type=\"section\">\n\t\t\t\t\t\t<div class=\"elementor-container elementor-column-gap-default\">\n\t\t\t\t\t<div class=\"elementor-column elementor-col-25 elementor-inner-column elementor-element elementor-element-11e93d0\" data-id=\"11e93d0\" data-element_type=\"column\">\n\t\t\t<div class=\"elementor-widget-wrap elementor-element-populated\">\n\t\t\t\t\t\t<div class=\"elementor-element elementor-element-b91ceba elementor-widget elementor-widget-witrservice\" data-id=\"b91ceba\" data-element_type=\"widget\" data-widget_type=\"witrservice.default\">\n\t\t\t\t<div class=\"elementor-widget-container\">\n\t\t\t\t\t\t\t<div class=\"txbdsva allcostyle boxsh txbdmb30 text-left  \">\r\n\t\t\t<div class=\"thbdsvthumb\">\r\n\t\t\t\t<img loading=\"lazy\" decoding=\"async\" width=\"960\" height=\"960\" src=\"https:\/\/www.basarreklam.com\/wp-content\/uploads\/2025\/09\/sssWhatsApp-Gorsel-2025-09-01-saat-21.38.19_c3b51530.jpg\" class=\"attachment-large size-large wp-image-25929\" alt=\"\" srcset=\"https:\/\/www.basarreklam.com\/wp-content\/uploads\/2025\/09\/sssWhatsApp-Gorsel-2025-09-01-saat-21.38.19_c3b51530.jpg 960w, https:\/\/www.basarreklam.com\/wp-content\/uploads\/2025\/09\/sssWhatsApp-Gorsel-2025-09-01-saat-21.38.19_c3b51530-300x300.jpg 300w, https:\/\/www.basarreklam.com\/wp-content\/uploads\/2025\/09\/sssWhatsApp-Gorsel-2025-09-01-saat-21.38.19_c3b51530-150x150.jpg 150w, https:\/\/www.basarreklam.com\/wp-content\/uploads\/2025\/09\/sssWhatsApp-Gorsel-2025-09-01-saat-21.38.19_c3b51530-768x768.jpg 768w, https:\/\/www.basarreklam.com\/wp-content\/uploads\/2025\/09\/sssWhatsApp-Gorsel-2025-09-01-saat-21.38.19_c3b51530-70x70.jpg 70w, https:\/\/www.basarreklam.com\/wp-content\/uploads\/2025\/09\/sssWhatsApp-Gorsel-2025-09-01-saat-21.38.19_c3b51530-600x600.jpg 600w, https:\/\/www.basarreklam.com\/wp-content\/uploads\/2025\/09\/sssWhatsApp-Gorsel-2025-09-01-saat-21.38.19_c3b51530-100x100.jpg 100w\" sizes=\"(max-width: 960px) 100vw, 960px\" \/>\t\t\t<\/div>\r\n\t\t\t<div class=\"txbdsi boxtexrelative  iconsabsconpd sselect\">\r\n\t\t\t\t<!-- overlay icon -->\r\n\t\t\t\t\t\t\t\t<!-- image icon -->\r\n\t\t\t\t\t\t\t\t\r\n\t\t\t\t<div class=\"txbdcon\">\r\n\t\t\t\t\t\t\t\t\t<h2 class=\"txbdsvtitle txstcolor hlight\">Ayna Akrilik (Pleksi) Levha<\/h2>\r\n\t\t\t\t\t\t\t\t\t<p>0.85 mm, 1.5 mm ve 2 mm kal\u0131nl\u0131k se\u00e7enekleriyle; alt\u0131n, bronz, g\u00fcm\u00fc\u015f ve f\u00fcme renklerde, yap\u0131\u015fkanl\u0131 veya yap\u0131\u015fkans\u0131z olarak bir\u00e7ok farkl\u0131 alternatif ile hizmetinizdeyiz <\/p>\r\n\t\t\t\t\t\t\r\n\t\t\t\t\t<div class=\"txbdsvbtn txbdbtnicon\">\r\n\t\t\t\t\t<!-- button -->\t\r\n\t\t\t\t\t\t\t\t\t\t\r\n\t\t\t\t\t<\/div>\r\n\t\t\t\t<\/div>\t\t\t\t\r\n\t\t\t<\/div>\r\n\t\t\r\n\t\t<\/div>\t\t\t\t<\/div>\n\t\t\t\t<\/div>\n\t\t\t\t\t<\/div>\n\t\t<\/div>\n\t\t\t\t<div class=\"elementor-column elementor-col-25 elementor-inner-column elementor-element elementor-element-b4f6bc3\" data-id=\"b4f6bc3\" data-element_type=\"column\">\n\t\t\t<div class=\"elementor-widget-wrap\">\n\t\t\t\t\t\t\t<\/div>\n\t\t<\/div>\n\t\t\t\t<div class=\"elementor-column elementor-col-25 elementor-inner-column elementor-element elementor-element-8a1c3ef\" data-id=\"8a1c3ef\" data-element_type=\"column\">\n\t\t\t<div class=\"elementor-widget-wrap\">\n\t\t\t\t\t\t\t<\/div>\n\t\t<\/div>\n\t\t\t\t<div class=\"elementor-column elementor-col-25 elementor-inner-column elementor-element elementor-element-11f17b0\" data-id=\"11f17b0\" data-element_type=\"column\">\n\t\t\t<div class=\"elementor-widget-wrap\">\n\t\t\t\t\t\t\t<\/div>\n\t\t<\/div>\n\t\t\t\t\t<\/div>\n\t\t<\/section>\n\t\t\t\t\t<\/div>\n\t\t<\/div>\n\t\t\t\t\t<\/div>\n\t\t<\/section>\n\t\t\t\t<\/div>\n\t\t","protected":false},"excerpt":{"rendered":"<p>Levha \u00dcr\u00fcnleri Akrilik (Pleksi) Levha Geni\u015f renk ve kal\u0131nl\u0131k yelpazesiyle arad\u0131\u011f\u0131n\u0131z \u00e7\u00f6z\u00fcme ula\u015fmak art\u0131k \u00e7ok daha kolay. Renk kodu bilgisi i\u00e7in l\u00fctfen inceleyiniz Renk Kartelas\u0131 Al\u00fcminyum Kompozit Paneller Premium \u00fcr\u00fcnlerden ekonomik serilere, fiyat-performans \u00e7\u00f6z\u00fcmlerinden \u00f6zel se\u00e7eneklere kadar; 2, 3 ve 4 mm kal\u0131nl\u0131klar ile 0.20\u20130.50 mm aras\u0131 al\u00fcminyum y\u00fczey alternatiflerinde geni\u015f bir \u00fcr\u00fcn yelpazesi sunuyoruz [&hellip;]<\/p>\n","protected":false},"author":1,"featured_media":0,"parent":0,"menu_order":0,"comment_status":"closed","ping_status":"closed","template":"","meta":{"footnotes":""},"class_list":["post-24207","page","type-page","status-publish","hentry"],"_links":{"self":[{"href":"https:\/\/www.basarreklam.com\/index.php\/wp-json\/wp\/v2\/pages\/24207","targetHints":{"allow":["GET"]}}],"collection":[{"href":"https:\/\/www.basarreklam.com\/index.php\/wp-json\/wp\/v2\/pages"}],"about":[{"href":"https:\/\/www.basarreklam.com\/index.php\/wp-json\/wp\/v2\/types\/page"}],"author":[{"embeddable":true,"href":"https:\/\/www.basarreklam.com\/index.php\/wp-json\/wp\/v2\/users\/1"}],"replies":[{"embeddable":true,"href":"https:\/\/www.basarreklam.com\/index.php\/wp-json\/wp\/v2\/comments?post=24207"}],"version-history":[{"count":0,"href":"https:\/\/www.basarreklam.com\/index.php\/wp-json\/wp\/v2\/pages\/24207\/revisions"}],"wp:attachment":[{"href":"https:\/\/www.basarreklam.com\/index.php\/wp-json\/wp\/v2\/media?parent=24207"}],"curies":[{"name":"wp","href":"https:\/\/api.w.org\/{rel}","templated":true}]}}