{"id":24299,"date":"2025-08-22T20:44:49","date_gmt":"2025-08-22T17:44:49","guid":{"rendered":"https:\/\/www.basarreklam.com\/?page_id=24299"},"modified":"2025-09-02T21:25:56","modified_gmt":"2025-09-02T18:25:56","slug":"ledampul","status":"publish","type":"page","link":"https:\/\/www.basarreklam.com\/index.php\/ledampul\/","title":{"rendered":"Led Ampul"},"content":{"rendered":"\t\t<div data-elementor-type=\"wp-page\" data-elementor-id=\"24299\" class=\"elementor elementor-24299\" data-elementor-post-type=\"page\">\n\t\t\t\t<div class=\"elementor-element elementor-element-188b42b e-flex e-con-boxed e-con e-parent\" data-id=\"188b42b\" data-element_type=\"container\">\n\t\t\t\t\t<div class=\"e-con-inner\">\n\t\t\t\t<div class=\"elementor-element elementor-element-61721cf elementor-widget elementor-widget-tts\" data-id=\"61721cf\" data-element_type=\"widget\" data-widget_type=\"tts.default\">\n\t\t\t\t<div class=\"elementor-widget-container\">\n\t\t\t\t\t\t\t\t\t\t<!-- title center -->\n\t\t\t\t\t<div class=\"tts text-center\">\n\t\t\t\t\t\t<div class=\"ttin\">\n\n\t\t\t\t\t\t\t<!-- icon position -->\n\t\t\t\t\t\t\t\t\t\t\t\t\t\t\n\t\t\t\t\t\t\t<!-- image -->\n\t\t\t\t\t\t\t\t\t\t\t\t\t\t<!-- icon -->\n\t\t\t\t\t\t\t\t\t\t\t\t\t\t\n\t\t\t\t\t\t\t<!-- bar -->\n\t\t\t\t\t\t\t\t\t\t\t\t\t\t<!-- circle bar -->\n\t\t\t\t\t\t\t\n\t\t\t\t\t\t\t\t\n\t\t\t\t\t\t\t<!-- end icon position -->\n\t\t\t\t\t\t\t\t\t\t\t\t\t\n\t\t\t\t\t\t\t<!-- title top -->\n\t\t\t\t\t\t\t\n\n\t\t\t\t\t\t\t<!-- icon position -->\n\t\t\t\t\t\t\t\t\n\t\t\t\t\t\t\t<!-- end icon position -->\n\t\t\t\t\t\t\t\n\t\t\t\t\t\t\t<!-- title middle -->\n\t\t\t\t\t\t\t\t\t\t\t\t\t\t\t<h2 class=\"txbdstitle sttwo hlight\">Led Grubu<\/h2>\n\t\t\t\t\t\t\t\t\t\t\t\t\t\t<!-- title bottom -->\n\t\t\t\t\t\t\t\n\t\t\t\t\t\t\t\t\n\t\t\t\t\t\t\t\n\t\t\t\t\t\t\t<!-- content -->\n\t\t\t\t\t\t\t\t\t\t\t\t\t\t\n\t\t\t\t\t\t<\/div>\n\t\t\t\t\t\t\t<!-- inner title -->\n\t\t\t\t\t\t\t\t\t\t\t\t\t\n\t\t\t\t\t<\/div>\n\n\t\t\t\t\t\t\t\t<\/div>\n\t\t\t\t<\/div>\n\t\t\t\t\t<\/div>\n\t\t\t\t<\/div>\n\t\t\t\t<section class=\"elementor-section elementor-top-section elementor-element elementor-element-f03687a elementor-section-boxed elementor-section-height-default elementor-section-height-default\" data-id=\"f03687a\" data-element_type=\"section\">\n\t\t\t\t\t\t<div class=\"elementor-container elementor-column-gap-default\">\n\t\t\t\t\t<div class=\"elementor-column elementor-col-100 elementor-top-column elementor-element elementor-element-5fe3dd8\" data-id=\"5fe3dd8\" data-element_type=\"column\">\n\t\t\t<div class=\"elementor-widget-wrap elementor-element-populated\">\n\t\t\t\t\t\t<section class=\"elementor-section elementor-inner-section elementor-element elementor-element-f46f40b elementor-section-boxed elementor-section-height-default elementor-section-height-default\" data-id=\"f46f40b\" data-element_type=\"section\">\n\t\t\t\t\t\t<div class=\"elementor-container elementor-column-gap-default\">\n\t\t\t\t\t<div class=\"elementor-column elementor-col-33 elementor-inner-column elementor-element elementor-element-ef2fc48\" data-id=\"ef2fc48\" data-element_type=\"column\">\n\t\t\t<div class=\"elementor-widget-wrap elementor-element-populated\">\n\t\t\t\t\t\t<div class=\"elementor-element elementor-element-a096d97 elementor-widget elementor-widget-witrservice\" data-id=\"a096d97\" data-element_type=\"widget\" data-widget_type=\"witrservice.default\">\n\t\t\t\t<div class=\"elementor-widget-container\">\n\t\t\t\t\t\t\t<div class=\"txbdsva allcostyle boxsh txbdmb30 text-left  \">\r\n\t\t\t<div class=\"thbdsvthumb\">\r\n\t\t\t\t<img fetchpriority=\"high\" decoding=\"async\" width=\"1024\" height=\"682\" src=\"https:\/\/www.basarreklam.com\/wp-content\/uploads\/2025\/09\/wWhatsApp-Gorsel-2025-09-01-saat-21.52.17_4b888df4-1024x682.jpg\" class=\"attachment-large size-large wp-image-26025\" alt=\"\" srcset=\"https:\/\/www.basarreklam.com\/wp-content\/uploads\/2025\/09\/wWhatsApp-Gorsel-2025-09-01-saat-21.52.17_4b888df4-1024x682.jpg 1024w, https:\/\/www.basarreklam.com\/wp-content\/uploads\/2025\/09\/wWhatsApp-Gorsel-2025-09-01-saat-21.52.17_4b888df4-300x200.jpg 300w, https:\/\/www.basarreklam.com\/wp-content\/uploads\/2025\/09\/wWhatsApp-Gorsel-2025-09-01-saat-21.52.17_4b888df4-768x512.jpg 768w, https:\/\/www.basarreklam.com\/wp-content\/uploads\/2025\/09\/wWhatsApp-Gorsel-2025-09-01-saat-21.52.17_4b888df4-1536x1023.jpg 1536w, https:\/\/www.basarreklam.com\/wp-content\/uploads\/2025\/09\/wWhatsApp-Gorsel-2025-09-01-saat-21.52.17_4b888df4-600x400.jpg 600w, https:\/\/www.basarreklam.com\/wp-content\/uploads\/2025\/09\/wWhatsApp-Gorsel-2025-09-01-saat-21.52.17_4b888df4.jpg 1600w\" sizes=\"(max-width: 1024px) 100vw, 1024px\" \/>\t\t\t<\/div>\r\n\t\t\t<div class=\"txbdsi boxtexrelative  iconsabsconpd sselect\">\r\n\t\t\t\t<!-- overlay icon -->\r\n\t\t\t\t\t\t\t\t<!-- image icon -->\r\n\t\t\t\t\t\t\t\t\r\n\t\t\t\t<div class=\"txbdcon\">\r\n\t\t\t\t\t\t\t\t\t<h2 class=\"txbdsvtitle txstcolor hlight\">Ya\u011fmur Korumal\u0131 G\u00fc\u00e7 Kaynaklar\u0131<\/h2>\r\n\t\t\t\t\t\t\t\t\t<p>Suyla temas\u0131ndan endi\u015fe ettirmeyen, her amperde mevcut olan\u00a0adapt\u00f6r. <\/p>\r\n\t\t\t\t\t\t\r\n\t\t\t\t\t<div class=\"txbdsvbtn txbdbtnicon\">\r\n\t\t\t\t\t<!-- button -->\t\r\n\t\t\t\t\t\t\t\t\t\t\r\n\t\t\t\t\t<\/div>\r\n\t\t\t\t<\/div>\t\t\t\t\r\n\t\t\t<\/div>\r\n\t\t\r\n\t\t<\/div>\t\t\t\t<\/div>\n\t\t\t\t<\/div>\n\t\t\t\t\t<\/div>\n\t\t<\/div>\n\t\t\t\t<div class=\"elementor-column elementor-col-33 elementor-inner-column elementor-element elementor-element-dd91ff2\" data-id=\"dd91ff2\" data-element_type=\"column\">\n\t\t\t<div class=\"elementor-widget-wrap elementor-element-populated\">\n\t\t\t\t\t\t<div class=\"elementor-element elementor-element-e0650b3 elementor-widget elementor-widget-witrservice\" data-id=\"e0650b3\" data-element_type=\"widget\" data-widget_type=\"witrservice.default\">\n\t\t\t\t<div class=\"elementor-widget-container\">\n\t\t\t\t\t\t\t<div class=\"txbdsva allcostyle boxsh txbdmb30 text-left  \">\r\n\t\t\t<div class=\"thbdsvthumb\">\r\n\t\t\t\t<img decoding=\"async\" width=\"1024\" height=\"682\" src=\"https:\/\/www.basarreklam.com\/wp-content\/uploads\/2025\/09\/WhatsApp-Gorsel-2025-09-01-saat-21.52.58_4997c009-1024x682.jpg\" class=\"attachment-large size-large wp-image-25990\" alt=\"\" srcset=\"https:\/\/www.basarreklam.com\/wp-content\/uploads\/2025\/09\/WhatsApp-Gorsel-2025-09-01-saat-21.52.58_4997c009-1024x682.jpg 1024w, https:\/\/www.basarreklam.com\/wp-content\/uploads\/2025\/09\/WhatsApp-Gorsel-2025-09-01-saat-21.52.58_4997c009-300x200.jpg 300w, https:\/\/www.basarreklam.com\/wp-content\/uploads\/2025\/09\/WhatsApp-Gorsel-2025-09-01-saat-21.52.58_4997c009-768x512.jpg 768w, https:\/\/www.basarreklam.com\/wp-content\/uploads\/2025\/09\/WhatsApp-Gorsel-2025-09-01-saat-21.52.58_4997c009-1536x1023.jpg 1536w, https:\/\/www.basarreklam.com\/wp-content\/uploads\/2025\/09\/WhatsApp-Gorsel-2025-09-01-saat-21.52.58_4997c009-600x400.jpg 600w, https:\/\/www.basarreklam.com\/wp-content\/uploads\/2025\/09\/WhatsApp-Gorsel-2025-09-01-saat-21.52.58_4997c009.jpg 1600w\" sizes=\"(max-width: 1024px) 100vw, 1024px\" \/>\t\t\t<\/div>\r\n\t\t\t<div class=\"txbdsi boxtexrelative  iconsabsconpd sselect\">\r\n\t\t\t\t<!-- overlay icon -->\r\n\t\t\t\t\t\t\t\t<!-- image icon -->\r\n\t\t\t\t\t\t\t\t\r\n\t\t\t\t<div class=\"txbdcon\">\r\n\t\t\t\t\t\t\t\t\t<h2 class=\"txbdsvtitle txstcolor hlight\">\u0130\u00e7 Mekan Slim G\u00fc\u00e7 Kaynaklar\u0131<\/h2>\r\n\t\t\t\t\t\t\t\t\t<p>Her amperde mevcut olan ve dar alanlar i\u00e7in vazge\u00e7ilmez\u00a0adapt\u00f6rler <\/p>\r\n\t\t\t\t\t\t\r\n\t\t\t\t\t<div class=\"txbdsvbtn txbdbtnicon\">\r\n\t\t\t\t\t<!-- button -->\t\r\n\t\t\t\t\t\t\t\t\t\t\r\n\t\t\t\t\t<\/div>\r\n\t\t\t\t<\/div>\t\t\t\t\r\n\t\t\t<\/div>\r\n\t\t\r\n\t\t<\/div>\t\t\t\t<\/div>\n\t\t\t\t<\/div>\n\t\t\t\t\t<\/div>\n\t\t<\/div>\n\t\t\t\t<div class=\"elementor-column elementor-col-33 elementor-inner-column elementor-element elementor-element-06fd2a7\" data-id=\"06fd2a7\" data-element_type=\"column\">\n\t\t\t<div class=\"elementor-widget-wrap elementor-element-populated\">\n\t\t\t\t\t\t<div class=\"elementor-element elementor-element-d2f9a46 elementor-widget elementor-widget-witrservice\" data-id=\"d2f9a46\" data-element_type=\"widget\" data-widget_type=\"witrservice.default\">\n\t\t\t\t<div class=\"elementor-widget-container\">\n\t\t\t\t\t\t\t<div class=\"txbdsva allcostyle boxsh txbdmb30 text-left  \">\r\n\t\t\t<div class=\"thbdsvthumb\">\r\n\t\t\t\t<img decoding=\"async\" width=\"1024\" height=\"682\" src=\"https:\/\/www.basarreklam.com\/wp-content\/uploads\/2025\/09\/WhatsApp-Gorsel-2025-09-01-saat-21.55.17_ef83602e-1024x682.jpg\" class=\"attachment-large size-large wp-image-25986\" alt=\"\" srcset=\"https:\/\/www.basarreklam.com\/wp-content\/uploads\/2025\/09\/WhatsApp-Gorsel-2025-09-01-saat-21.55.17_ef83602e-1024x682.jpg 1024w, https:\/\/www.basarreklam.com\/wp-content\/uploads\/2025\/09\/WhatsApp-Gorsel-2025-09-01-saat-21.55.17_ef83602e-300x200.jpg 300w, https:\/\/www.basarreklam.com\/wp-content\/uploads\/2025\/09\/WhatsApp-Gorsel-2025-09-01-saat-21.55.17_ef83602e-768x512.jpg 768w, https:\/\/www.basarreklam.com\/wp-content\/uploads\/2025\/09\/WhatsApp-Gorsel-2025-09-01-saat-21.55.17_ef83602e-1536x1023.jpg 1536w, https:\/\/www.basarreklam.com\/wp-content\/uploads\/2025\/09\/WhatsApp-Gorsel-2025-09-01-saat-21.55.17_ef83602e-600x400.jpg 600w, https:\/\/www.basarreklam.com\/wp-content\/uploads\/2025\/09\/WhatsApp-Gorsel-2025-09-01-saat-21.55.17_ef83602e.jpg 1600w\" sizes=\"(max-width: 1024px) 100vw, 1024px\" \/>\t\t\t<\/div>\r\n\t\t\t<div class=\"txbdsi boxtexrelative  iconsabsconpd sselect\">\r\n\t\t\t\t<!-- overlay icon -->\r\n\t\t\t\t\t\t\t\t<!-- image icon -->\r\n\t\t\t\t\t\t\t\t\r\n\t\t\t\t<div class=\"txbdcon\">\r\n\t\t\t\t\t\t\t\t\t<h2 class=\"txbdsvtitle txstcolor hlight\">D\u0131\u015f Mekan Adapt\u00f6r<\/h2>\r\n\t\t\t\t\t\t\t\t\t<p>Her t\u00fcrl\u00fc hava \u015fart\u0131na uyum sa\u011flayan, her amperde mevcut olan d\u0131\u015f mekan\u00a0adapt\u00f6rler <\/p>\r\n\t\t\t\t\t\t\r\n\t\t\t\t\t<div class=\"txbdsvbtn txbdbtnicon\">\r\n\t\t\t\t\t<!-- button -->\t\r\n\t\t\t\t\t\t\t\t\t\t\r\n\t\t\t\t\t<\/div>\r\n\t\t\t\t<\/div>\t\t\t\t\r\n\t\t\t<\/div>\r\n\t\t\r\n\t\t<\/div>\t\t\t\t<\/div>\n\t\t\t\t<\/div>\n\t\t\t\t\t<\/div>\n\t\t<\/div>\n\t\t\t\t\t<\/div>\n\t\t<\/section>\n\t\t\t\t<section class=\"elementor-section elementor-inner-section elementor-element elementor-element-604aa07 elementor-section-boxed elementor-section-height-default elementor-section-height-default\" data-id=\"604aa07\" data-element_type=\"section\">\n\t\t\t\t\t\t<div class=\"elementor-container elementor-column-gap-default\">\n\t\t\t\t\t<div class=\"elementor-column elementor-col-33 elementor-inner-column elementor-element elementor-element-bb3f6b7\" data-id=\"bb3f6b7\" data-element_type=\"column\">\n\t\t\t<div class=\"elementor-widget-wrap elementor-element-populated\">\n\t\t\t\t\t\t<div class=\"elementor-element elementor-element-d417541 elementor-widget elementor-widget-witrservice\" data-id=\"d417541\" data-element_type=\"widget\" data-widget_type=\"witrservice.default\">\n\t\t\t\t<div class=\"elementor-widget-container\">\n\t\t\t\t\t\t\t<div class=\"txbdsva allcostyle boxsh txbdmb30 text-left  \">\r\n\t\t\t<div class=\"thbdsvthumb\">\r\n\t\t\t\t<img loading=\"lazy\" decoding=\"async\" width=\"1024\" height=\"1024\" src=\"https:\/\/www.basarreklam.com\/wp-content\/uploads\/2025\/09\/WhatsApp-Gorsel-2025-08-31-saat-12.35.40_606a981f-1-1024x1024.jpg\" class=\"attachment-large size-large wp-image-26125\" alt=\"\" srcset=\"https:\/\/www.basarreklam.com\/wp-content\/uploads\/2025\/09\/WhatsApp-Gorsel-2025-08-31-saat-12.35.40_606a981f-1-1024x1024.jpg 1024w, https:\/\/www.basarreklam.com\/wp-content\/uploads\/2025\/09\/WhatsApp-Gorsel-2025-08-31-saat-12.35.40_606a981f-1-300x300.jpg 300w, https:\/\/www.basarreklam.com\/wp-content\/uploads\/2025\/09\/WhatsApp-Gorsel-2025-08-31-saat-12.35.40_606a981f-1-150x150.jpg 150w, https:\/\/www.basarreklam.com\/wp-content\/uploads\/2025\/09\/WhatsApp-Gorsel-2025-08-31-saat-12.35.40_606a981f-1-768x768.jpg 768w, https:\/\/www.basarreklam.com\/wp-content\/uploads\/2025\/09\/WhatsApp-Gorsel-2025-08-31-saat-12.35.40_606a981f-1-70x70.jpg 70w, https:\/\/www.basarreklam.com\/wp-content\/uploads\/2025\/09\/WhatsApp-Gorsel-2025-08-31-saat-12.35.40_606a981f-1-600x600.jpg 600w, https:\/\/www.basarreklam.com\/wp-content\/uploads\/2025\/09\/WhatsApp-Gorsel-2025-08-31-saat-12.35.40_606a981f-1-100x100.jpg 100w, https:\/\/www.basarreklam.com\/wp-content\/uploads\/2025\/09\/WhatsApp-Gorsel-2025-08-31-saat-12.35.40_606a981f-1.jpg 1080w\" sizes=\"(max-width: 1024px) 100vw, 1024px\" \/>\t\t\t<\/div>\r\n\t\t\t<div class=\"txbdsi boxtexrelative  iconsabsconpd sselect\">\r\n\t\t\t\t<!-- overlay icon -->\r\n\t\t\t\t\t\t\t\t<!-- image icon -->\r\n\t\t\t\t\t\t\t\t\r\n\t\t\t\t<div class=\"txbdcon\">\r\n\t\t\t\t\t\t\t\t\t<h2 class=\"txbdsvtitle txstcolor hlight\">1,5 Watt Epistar Mod\u00fcl Led<\/h2>\r\n\t\t\t\t\t\t\t\t\t<p>T\u00fcm Ana Renkler Mevcuttur <\/p>\r\n\t\t\t\t\t\t\r\n\t\t\t\t\t<div class=\"txbdsvbtn txbdbtnicon\">\r\n\t\t\t\t\t<!-- button -->\t\r\n\t\t\t\t\t\t\t\t\t\t\r\n\t\t\t\t\t<\/div>\r\n\t\t\t\t<\/div>\t\t\t\t\r\n\t\t\t<\/div>\r\n\t\t\r\n\t\t<\/div>\t\t\t\t<\/div>\n\t\t\t\t<\/div>\n\t\t\t\t\t<\/div>\n\t\t<\/div>\n\t\t\t\t<div class=\"elementor-column elementor-col-33 elementor-inner-column elementor-element elementor-element-16783cf\" data-id=\"16783cf\" data-element_type=\"column\">\n\t\t\t<div class=\"elementor-widget-wrap elementor-element-populated\">\n\t\t\t\t\t\t<div class=\"elementor-element elementor-element-71b3ff6 elementor-widget elementor-widget-witrservice\" data-id=\"71b3ff6\" data-element_type=\"widget\" data-widget_type=\"witrservice.default\">\n\t\t\t\t<div class=\"elementor-widget-container\">\n\t\t\t\t\t\t\t<div class=\"txbdsva allcostyle boxsh txbdmb30 text-left  \">\r\n\t\t\t<div class=\"thbdsvthumb\">\r\n\t\t\t\t<img loading=\"lazy\" decoding=\"async\" width=\"1024\" height=\"1024\" src=\"https:\/\/www.basarreklam.com\/wp-content\/uploads\/2025\/09\/150w-logo-projektor-1024x1024.jpg\" class=\"attachment-large size-large wp-image-26132\" alt=\"\" srcset=\"https:\/\/www.basarreklam.com\/wp-content\/uploads\/2025\/09\/150w-logo-projektor-1024x1024.jpg 1024w, https:\/\/www.basarreklam.com\/wp-content\/uploads\/2025\/09\/150w-logo-projektor-300x300.jpg 300w, https:\/\/www.basarreklam.com\/wp-content\/uploads\/2025\/09\/150w-logo-projektor-150x150.jpg 150w, https:\/\/www.basarreklam.com\/wp-content\/uploads\/2025\/09\/150w-logo-projektor-768x768.jpg 768w, https:\/\/www.basarreklam.com\/wp-content\/uploads\/2025\/09\/150w-logo-projektor-70x70.jpg 70w, https:\/\/www.basarreklam.com\/wp-content\/uploads\/2025\/09\/150w-logo-projektor-600x600.jpg 600w, https:\/\/www.basarreklam.com\/wp-content\/uploads\/2025\/09\/150w-logo-projektor-100x100.jpg 100w, https:\/\/www.basarreklam.com\/wp-content\/uploads\/2025\/09\/150w-logo-projektor.jpg 1500w\" sizes=\"(max-width: 1024px) 100vw, 1024px\" \/>\t\t\t<\/div>\r\n\t\t\t<div class=\"txbdsi boxtexrelative  iconsabsconpd sselect\">\r\n\t\t\t\t<!-- overlay icon -->\r\n\t\t\t\t\t\t\t\t<!-- image icon -->\r\n\t\t\t\t\t\t\t\t\r\n\t\t\t\t<div class=\"txbdcon\">\r\n\t\t\t\t\t\t\t\t\t<h2 class=\"txbdsvtitle txstcolor hlight\">100 Watt Logo Projekt\u00f6r\u00fc<\/h2>\r\n\t\t\t\t\t\t\t\t\t<p>Sizde \u015fimdi logonuzu istedi\u011finiz zemine yans\u0131t\u0131n <\/p>\r\n\t\t\t\t\t\t\r\n\t\t\t\t\t<div class=\"txbdsvbtn txbdbtnicon\">\r\n\t\t\t\t\t<!-- button -->\t\r\n\t\t\t\t\t\t\t\t\t\t\r\n\t\t\t\t\t<\/div>\r\n\t\t\t\t<\/div>\t\t\t\t\r\n\t\t\t<\/div>\r\n\t\t\r\n\t\t<\/div>\t\t\t\t<\/div>\n\t\t\t\t<\/div>\n\t\t\t\t\t<\/div>\n\t\t<\/div>\n\t\t\t\t<div class=\"elementor-column elementor-col-33 elementor-inner-column elementor-element elementor-element-7657162\" data-id=\"7657162\" data-element_type=\"column\">\n\t\t\t<div class=\"elementor-widget-wrap elementor-element-populated\">\n\t\t\t\t\t\t<div class=\"elementor-element elementor-element-14b9926 elementor-widget elementor-widget-witrservice\" data-id=\"14b9926\" data-element_type=\"widget\" data-widget_type=\"witrservice.default\">\n\t\t\t\t<div class=\"elementor-widget-container\">\n\t\t\t\t\t\t\t<div class=\"txbdsva allcostyle boxsh txbdmb30 text-left  \">\r\n\t\t\t<div class=\"thbdsvthumb\">\r\n\t\t\t\t<img loading=\"lazy\" decoding=\"async\" width=\"300\" height=\"300\" src=\"https:\/\/www.basarreklam.com\/wp-content\/uploads\/2025\/09\/WhatsApp-Gorsel-2025-08-31-saat-23.28.10_411bfe7f.jpg\" class=\"attachment-large size-large wp-image-26142\" alt=\"\" srcset=\"https:\/\/www.basarreklam.com\/wp-content\/uploads\/2025\/09\/WhatsApp-Gorsel-2025-08-31-saat-23.28.10_411bfe7f.jpg 300w, https:\/\/www.basarreklam.com\/wp-content\/uploads\/2025\/09\/WhatsApp-Gorsel-2025-08-31-saat-23.28.10_411bfe7f-150x150.jpg 150w, https:\/\/www.basarreklam.com\/wp-content\/uploads\/2025\/09\/WhatsApp-Gorsel-2025-08-31-saat-23.28.10_411bfe7f-70x70.jpg 70w, https:\/\/www.basarreklam.com\/wp-content\/uploads\/2025\/09\/WhatsApp-Gorsel-2025-08-31-saat-23.28.10_411bfe7f-100x100.jpg 100w\" sizes=\"(max-width: 300px) 100vw, 300px\" \/>\t\t\t<\/div>\r\n\t\t\t<div class=\"txbdsi boxtexrelative  iconsabsconpd sselect\">\r\n\t\t\t\t<!-- overlay icon -->\r\n\t\t\t\t\t\t\t\t<!-- image icon -->\r\n\t\t\t\t\t\t\t\t\r\n\t\t\t\t<div class=\"txbdcon\">\r\n\t\t\t\t\t\t\t\t\t<h2 class=\"txbdsvtitle txstcolor hlight\">6500K  Bar Led<\/h2>\r\n\t\t\t\t\t\t\t\t\t<p>Light Box Ledi <\/p>\r\n\t\t\t\t\t\t\r\n\t\t\t\t\t<div class=\"txbdsvbtn txbdbtnicon\">\r\n\t\t\t\t\t<!-- button -->\t\r\n\t\t\t\t\t\t\t\t\t\t\r\n\t\t\t\t\t<\/div>\r\n\t\t\t\t<\/div>\t\t\t\t\r\n\t\t\t<\/div>\r\n\t\t\r\n\t\t<\/div>\t\t\t\t<\/div>\n\t\t\t\t<\/div>\n\t\t\t\t\t<\/div>\n\t\t<\/div>\n\t\t\t\t\t<\/div>\n\t\t<\/section>\n\t\t\t\t\t<\/div>\n\t\t<\/div>\n\t\t\t\t\t<\/div>\n\t\t<\/section>\n\t\t\t\t<\/div>\n\t\t","protected":false},"excerpt":{"rendered":"<p>Led Grubu Ya\u011fmur Korumal\u0131 G\u00fc\u00e7 Kaynaklar\u0131 Suyla temas\u0131ndan endi\u015fe ettirmeyen, her amperde mevcut olan\u00a0adapt\u00f6r. \u0130\u00e7 Mekan Slim G\u00fc\u00e7 Kaynaklar\u0131 Her amperde mevcut olan ve dar alanlar i\u00e7in vazge\u00e7ilmez\u00a0adapt\u00f6rler D\u0131\u015f Mekan Adapt\u00f6r Her t\u00fcrl\u00fc hava \u015fart\u0131na uyum sa\u011flayan, her amperde mevcut olan d\u0131\u015f mekan\u00a0adapt\u00f6rler 1,5 Watt Epistar Mod\u00fcl Led T\u00fcm Ana Renkler Mevcuttur 100 Watt Logo [&hellip;]<\/p>\n","protected":false},"author":1,"featured_media":0,"parent":0,"menu_order":0,"comment_status":"closed","ping_status":"closed","template":"","meta":{"footnotes":""},"class_list":["post-24299","page","type-page","status-publish","hentry"],"_links":{"self":[{"href":"https:\/\/www.basarreklam.com\/index.php\/wp-json\/wp\/v2\/pages\/24299","targetHints":{"allow":["GET"]}}],"collection":[{"href":"https:\/\/www.basarreklam.com\/index.php\/wp-json\/wp\/v2\/pages"}],"about":[{"href":"https:\/\/www.basarreklam.com\/index.php\/wp-json\/wp\/v2\/types\/page"}],"author":[{"embeddable":true,"href":"https:\/\/www.basarreklam.com\/index.php\/wp-json\/wp\/v2\/users\/1"}],"replies":[{"embeddable":true,"href":"https:\/\/www.basarreklam.com\/index.php\/wp-json\/wp\/v2\/comments?post=24299"}],"version-history":[{"count":0,"href":"https:\/\/www.basarreklam.com\/index.php\/wp-json\/wp\/v2\/pages\/24299\/revisions"}],"wp:attachment":[{"href":"https:\/\/www.basarreklam.com\/index.php\/wp-json\/wp\/v2\/media?parent=24299"}],"curies":[{"name":"wp","href":"https:\/\/api.w.org\/{rel}","templated":true}]}}