{"id":25448,"date":"2025-09-01T16:31:31","date_gmt":"2025-09-01T13:31:31","guid":{"rendered":"https:\/\/www.basarreklam.com\/?page_id=25448"},"modified":"2025-09-01T21:02:15","modified_gmt":"2025-09-01T18:02:15","slug":"dijital-baski-ve-laminasyon","status":"publish","type":"page","link":"https:\/\/www.basarreklam.com\/index.php\/dijital-baski-ve-laminasyon\/","title":{"rendered":"Dijital Bask\u0131 ve Laminasyon"},"content":{"rendered":"\t\t<div data-elementor-type=\"wp-page\" data-elementor-id=\"25448\" class=\"elementor elementor-25448\" data-elementor-post-type=\"page\">\n\t\t\t\t<div class=\"elementor-element elementor-element-188b42b e-flex e-con-boxed e-con e-parent\" data-id=\"188b42b\" data-element_type=\"container\">\n\t\t\t\t\t<div class=\"e-con-inner\">\n\t\t\t\t<div class=\"elementor-element elementor-element-61721cf elementor-widget elementor-widget-tts\" data-id=\"61721cf\" data-element_type=\"widget\" data-widget_type=\"tts.default\">\n\t\t\t\t<div class=\"elementor-widget-container\">\n\t\t\t\t\t\t\t\t\t\t<!-- title center -->\n\t\t\t\t\t<div class=\"tts text-center\">\n\t\t\t\t\t\t<div class=\"ttin\">\n\n\t\t\t\t\t\t\t<!-- icon position -->\n\t\t\t\t\t\t\t\t\t\t\t\t\t\t\n\t\t\t\t\t\t\t<!-- image -->\n\t\t\t\t\t\t\t\t\t\t\t\t\t\t<!-- icon -->\n\t\t\t\t\t\t\t\t\t\t\t\t\t\t\n\t\t\t\t\t\t\t<!-- bar -->\n\t\t\t\t\t\t\t\t\t\t\t\t\t\t<!-- circle bar -->\n\t\t\t\t\t\t\t\n\t\t\t\t\t\t\t\t\n\t\t\t\t\t\t\t<!-- end icon position -->\n\t\t\t\t\t\t\t\t\t\t\t\t\t\n\t\t\t\t\t\t\t<!-- title top -->\n\t\t\t\t\t\t\t\n\n\t\t\t\t\t\t\t<!-- icon position -->\n\t\t\t\t\t\t\t\t\n\t\t\t\t\t\t\t<!-- end icon position -->\n\t\t\t\t\t\t\t\n\t\t\t\t\t\t\t<!-- title middle -->\n\t\t\t\t\t\t\t\t\t\t\t\t\t\t\t<h2 class=\"txbdstitle sttwo hlight\">Dijital Bask\u0131 ve Laminasyon<\/h2>\n\t\t\t\t\t\t\t\t\t\t\t\t\t\t<!-- title bottom -->\n\t\t\t\t\t\t\t\n\t\t\t\t\t\t\t\t\n\t\t\t\t\t\t\t\n\t\t\t\t\t\t\t<!-- content -->\n\t\t\t\t\t\t\t\t\t\t\t\t\t\t\n\t\t\t\t\t\t<\/div>\n\t\t\t\t\t\t\t<!-- inner title -->\n\t\t\t\t\t\t\t\t\t\t\t\t\t\n\t\t\t\t\t<\/div>\n\n\t\t\t\t\t\t\t\t<\/div>\n\t\t\t\t<\/div>\n\t\t\t\t\t<\/div>\n\t\t\t\t<\/div>\n\t\t\t\t<section class=\"elementor-section elementor-top-section elementor-element elementor-element-f03687a elementor-section-boxed elementor-section-height-default elementor-section-height-default\" data-id=\"f03687a\" data-element_type=\"section\">\n\t\t\t\t\t\t<div class=\"elementor-container elementor-column-gap-default\">\n\t\t\t\t\t<div class=\"elementor-column elementor-col-100 elementor-top-column elementor-element elementor-element-5fe3dd8\" data-id=\"5fe3dd8\" data-element_type=\"column\">\n\t\t\t<div class=\"elementor-widget-wrap elementor-element-populated\">\n\t\t\t\t\t\t<section class=\"elementor-section elementor-inner-section elementor-element elementor-element-f46f40b elementor-section-boxed elementor-section-height-default elementor-section-height-default\" data-id=\"f46f40b\" data-element_type=\"section\">\n\t\t\t\t\t\t<div class=\"elementor-container elementor-column-gap-default\">\n\t\t\t\t\t<div class=\"elementor-column elementor-col-33 elementor-inner-column elementor-element elementor-element-dd91ff2\" data-id=\"dd91ff2\" data-element_type=\"column\">\n\t\t\t<div class=\"elementor-widget-wrap elementor-element-populated\">\n\t\t\t\t\t\t<div class=\"elementor-element elementor-element-e0650b3 elementor-widget elementor-widget-witrservice\" data-id=\"e0650b3\" data-element_type=\"widget\" data-widget_type=\"witrservice.default\">\n\t\t\t\t<div class=\"elementor-widget-container\">\n\t\t\t\t\t\t\t<div class=\"txbdsva allcostyle boxsh txbdmb30 text-left  \">\r\n\t\t\t<div class=\"thbdsvthumb\">\r\n\t\t\t\t<img fetchpriority=\"high\" decoding=\"async\" width=\"500\" height=\"500\" src=\"https:\/\/www.basarreklam.com\/wp-content\/uploads\/2025\/09\/folyo.jpg\" class=\"attachment-large size-large wp-image-25453\" alt=\"\" srcset=\"https:\/\/www.basarreklam.com\/wp-content\/uploads\/2025\/09\/folyo.jpg 500w, https:\/\/www.basarreklam.com\/wp-content\/uploads\/2025\/09\/folyo-300x300.jpg 300w, https:\/\/www.basarreklam.com\/wp-content\/uploads\/2025\/09\/folyo-150x150.jpg 150w, https:\/\/www.basarreklam.com\/wp-content\/uploads\/2025\/09\/folyo-70x70.jpg 70w, https:\/\/www.basarreklam.com\/wp-content\/uploads\/2025\/09\/folyo-100x100.jpg 100w\" sizes=\"(max-width: 500px) 100vw, 500px\" \/>\t\t\t<\/div>\r\n\t\t\t<div class=\"txbdsi boxtexrelative  iconsabsconpd sselect\">\r\n\t\t\t\t<!-- overlay icon -->\r\n\t\t\t\t\t\t\t\t<!-- image icon -->\r\n\t\t\t\t\t\t\t\t\r\n\t\t\t\t<div class=\"txbdcon\">\r\n\t\t\t\t\t\t\t\t\t<h2 class=\"txbdsvtitle txstcolor hlight\">Monomerik Bask\u0131 Folyolar\u0131<\/h2>\r\n\t\t\t\t\t\t\t\t\t<p> <\/p>\r\n\t\t\t\t\t\t\r\n\t\t\t\t\t<div class=\"txbdsvbtn txbdbtnicon\">\r\n\t\t\t\t\t<!-- button -->\t\r\n\t\t\t\t\t\t\t\t\t\t\t<a class=\"btnallt btnall 1\" href=\"https:\/\/www.basarreklam.com\/index.php\/monomerik-baski-folyolari\/\" >\u0130ncele <i class=\"icofont icofont-double-right\"><\/i> <\/a>\r\n\t\t\t\t\t\t\t\t\t\t\r\n\t\t\t\t\t<\/div>\r\n\t\t\t\t<\/div>\t\t\t\t\r\n\t\t\t<\/div>\r\n\t\t\r\n\t\t<\/div>\t\t\t\t<\/div>\n\t\t\t\t<\/div>\n\t\t\t\t\t<\/div>\n\t\t<\/div>\n\t\t\t\t<div class=\"elementor-column elementor-col-33 elementor-inner-column elementor-element elementor-element-06fd2a7\" data-id=\"06fd2a7\" data-element_type=\"column\">\n\t\t\t<div class=\"elementor-widget-wrap elementor-element-populated\">\n\t\t\t\t\t\t<div class=\"elementor-element elementor-element-d2f9a46 elementor-widget elementor-widget-witrservice\" data-id=\"d2f9a46\" data-element_type=\"widget\" data-widget_type=\"witrservice.default\">\n\t\t\t\t<div class=\"elementor-widget-container\">\n\t\t\t\t\t\t\t<div class=\"txbdsva allcostyle boxsh txbdmb30 text-left  \">\r\n\t\t\t<div class=\"thbdsvthumb\">\r\n\t\t\t\t<img fetchpriority=\"high\" decoding=\"async\" width=\"500\" height=\"500\" src=\"https:\/\/www.basarreklam.com\/wp-content\/uploads\/2025\/09\/folyo.jpg\" class=\"attachment-large size-large wp-image-25453\" alt=\"\" srcset=\"https:\/\/www.basarreklam.com\/wp-content\/uploads\/2025\/09\/folyo.jpg 500w, https:\/\/www.basarreklam.com\/wp-content\/uploads\/2025\/09\/folyo-300x300.jpg 300w, https:\/\/www.basarreklam.com\/wp-content\/uploads\/2025\/09\/folyo-150x150.jpg 150w, https:\/\/www.basarreklam.com\/wp-content\/uploads\/2025\/09\/folyo-70x70.jpg 70w, https:\/\/www.basarreklam.com\/wp-content\/uploads\/2025\/09\/folyo-100x100.jpg 100w\" sizes=\"(max-width: 500px) 100vw, 500px\" \/>\t\t\t<\/div>\r\n\t\t\t<div class=\"txbdsi boxtexrelative  iconsabsconpd sselect\">\r\n\t\t\t\t<!-- overlay icon -->\r\n\t\t\t\t\t\t\t\t<!-- image icon -->\r\n\t\t\t\t\t\t\t\t\r\n\t\t\t\t<div class=\"txbdcon\">\r\n\t\t\t\t\t\t\t\t\t<h2 class=\"txbdsvtitle txstcolor hlight\">\nCast Bask\u0131 Folyolar\u0131<\/h2>\r\n\t\t\t\t\t\t\t\t\t<p> <\/p>\r\n\t\t\t\t\t\t\r\n\t\t\t\t\t<div class=\"txbdsvbtn txbdbtnicon\">\r\n\t\t\t\t\t<!-- button -->\t\r\n\t\t\t\t\t\t\t\t\t\t\t<a class=\"btnallt btnall 1\" href=\"https:\/\/www.basarreklam.com\/index.php\/cast-baski-folyolari\/\" >\u0130ncele <i class=\"icofont icofont-double-right\"><\/i> <\/a>\r\n\t\t\t\t\t\t\t\t\t\t\r\n\t\t\t\t\t<\/div>\r\n\t\t\t\t<\/div>\t\t\t\t\r\n\t\t\t<\/div>\r\n\t\t\r\n\t\t<\/div>\t\t\t\t<\/div>\n\t\t\t\t<\/div>\n\t\t\t\t\t<\/div>\n\t\t<\/div>\n\t\t\t\t<div class=\"elementor-column elementor-col-33 elementor-inner-column elementor-element elementor-element-ef2fc48\" data-id=\"ef2fc48\" data-element_type=\"column\">\n\t\t\t<div class=\"elementor-widget-wrap\">\n\t\t\t\t\t\t\t<\/div>\n\t\t<\/div>\n\t\t\t\t\t<\/div>\n\t\t<\/section>\n\t\t\t\t\t<\/div>\n\t\t<\/div>\n\t\t\t\t\t<\/div>\n\t\t<\/section>\n\t\t\t\t<\/div>\n\t\t","protected":false},"excerpt":{"rendered":"<p>Dijital Bask\u0131 ve Laminasyon Monomerik Bask\u0131 Folyolar\u0131 \u0130ncele Cast Bask\u0131 Folyolar\u0131 \u0130ncele<\/p>\n","protected":false},"author":1,"featured_media":0,"parent":0,"menu_order":0,"comment_status":"closed","ping_status":"closed","template":"","meta":{"footnotes":""},"class_list":["post-25448","page","type-page","status-publish","hentry"],"_links":{"self":[{"href":"https:\/\/www.basarreklam.com\/index.php\/wp-json\/wp\/v2\/pages\/25448","targetHints":{"allow":["GET"]}}],"collection":[{"href":"https:\/\/www.basarreklam.com\/index.php\/wp-json\/wp\/v2\/pages"}],"about":[{"href":"https:\/\/www.basarreklam.com\/index.php\/wp-json\/wp\/v2\/types\/page"}],"author":[{"embeddable":true,"href":"https:\/\/www.basarreklam.com\/index.php\/wp-json\/wp\/v2\/users\/1"}],"replies":[{"embeddable":true,"href":"https:\/\/www.basarreklam.com\/index.php\/wp-json\/wp\/v2\/comments?post=25448"}],"version-history":[{"count":0,"href":"https:\/\/www.basarreklam.com\/index.php\/wp-json\/wp\/v2\/pages\/25448\/revisions"}],"wp:attachment":[{"href":"https:\/\/www.basarreklam.com\/index.php\/wp-json\/wp\/v2\/media?parent=25448"}],"curies":[{"name":"wp","href":"https:\/\/api.w.org\/{rel}","templated":true}]}}