{"id":25562,"date":"2025-09-01T17:15:12","date_gmt":"2025-09-01T14:15:12","guid":{"rendered":"https:\/\/www.basarreklam.com\/?page_id=25562"},"modified":"2025-09-01T17:32:47","modified_gmt":"2025-09-01T14:32:47","slug":"reflektif-folyolar","status":"publish","type":"page","link":"https:\/\/www.basarreklam.com\/index.php\/reflektif-folyolar\/","title":{"rendered":"Reflektif Folyolar"},"content":{"rendered":"\t\t<div data-elementor-type=\"wp-page\" data-elementor-id=\"25562\" class=\"elementor elementor-25562\" data-elementor-post-type=\"page\">\n\t\t\t\t<div class=\"elementor-element elementor-element-188b42b e-flex e-con-boxed e-con e-parent\" data-id=\"188b42b\" data-element_type=\"container\">\n\t\t\t\t\t<div class=\"e-con-inner\">\n\t\t\t\t<div class=\"elementor-element elementor-element-61721cf elementor-widget elementor-widget-tts\" data-id=\"61721cf\" data-element_type=\"widget\" data-widget_type=\"tts.default\">\n\t\t\t\t<div class=\"elementor-widget-container\">\n\t\t\t\t\t\t\t\t\t\t<!-- title center -->\n\t\t\t\t\t<div class=\"tts text-center\">\n\t\t\t\t\t\t<div class=\"ttin\">\n\n\t\t\t\t\t\t\t<!-- icon position -->\n\t\t\t\t\t\t\t\t\t\t\t\t\t\t\n\t\t\t\t\t\t\t<!-- image -->\n\t\t\t\t\t\t\t\t\t\t\t\t\t\t<!-- icon -->\n\t\t\t\t\t\t\t\t\t\t\t\t\t\t\n\t\t\t\t\t\t\t<!-- bar -->\n\t\t\t\t\t\t\t\t\t\t\t\t\t\t<!-- circle bar -->\n\t\t\t\t\t\t\t\n\t\t\t\t\t\t\t\t\n\t\t\t\t\t\t\t<!-- end icon position -->\n\t\t\t\t\t\t\t\t\t\t\t\t\t\n\t\t\t\t\t\t\t<!-- title top -->\n\t\t\t\t\t\t\t\n\n\t\t\t\t\t\t\t<!-- icon position -->\n\t\t\t\t\t\t\t\t\n\t\t\t\t\t\t\t<!-- end icon position -->\n\t\t\t\t\t\t\t\n\t\t\t\t\t\t\t<!-- title middle -->\n\t\t\t\t\t\t\t\t\t\t\t\t\t\t\t<h2 class=\"txbdstitle sttwo hlight\">Reflektif Folyolar<\/h2>\n\t\t\t\t\t\t\t\t\t\t\t\t\t\t<!-- title bottom -->\n\t\t\t\t\t\t\t\n\t\t\t\t\t\t\t\t\n\t\t\t\t\t\t\t\n\t\t\t\t\t\t\t<!-- content -->\n\t\t\t\t\t\t\t\t\t\t\t\t\t\t\n\t\t\t\t\t\t<\/div>\n\t\t\t\t\t\t\t<!-- inner title -->\n\t\t\t\t\t\t\t\t\t\t\t\t\t\n\t\t\t\t\t<\/div>\n\n\t\t\t\t\t\t\t\t<\/div>\n\t\t\t\t<\/div>\n\t\t\t\t\t<\/div>\n\t\t\t\t<\/div>\n\t\t\t\t<section class=\"elementor-section elementor-top-section elementor-element elementor-element-f03687a elementor-section-boxed elementor-section-height-default elementor-section-height-default\" data-id=\"f03687a\" data-element_type=\"section\">\n\t\t\t\t\t\t<div class=\"elementor-container elementor-column-gap-default\">\n\t\t\t\t\t<div class=\"elementor-column elementor-col-100 elementor-top-column elementor-element elementor-element-5fe3dd8\" data-id=\"5fe3dd8\" data-element_type=\"column\">\n\t\t\t<div class=\"elementor-widget-wrap elementor-element-populated\">\n\t\t\t\t\t\t<section class=\"elementor-section elementor-inner-section elementor-element elementor-element-f46f40b elementor-section-boxed elementor-section-height-default elementor-section-height-default\" data-id=\"f46f40b\" data-element_type=\"section\">\n\t\t\t\t\t\t<div class=\"elementor-container elementor-column-gap-default\">\n\t\t\t\t\t<div class=\"elementor-column elementor-col-33 elementor-inner-column elementor-element elementor-element-ef2fc48\" data-id=\"ef2fc48\" data-element_type=\"column\">\n\t\t\t<div class=\"elementor-widget-wrap elementor-element-populated\">\n\t\t\t\t\t\t<div class=\"elementor-element elementor-element-a096d97 elementor-widget elementor-widget-witrservice\" data-id=\"a096d97\" data-element_type=\"widget\" data-widget_type=\"witrservice.default\">\n\t\t\t\t<div class=\"elementor-widget-container\">\n\t\t\t\t\t\t\t<div class=\"txbdsva allcostyle boxsh txbdmb30 text-left  \">\r\n\t\t\t<div class=\"thbdsvthumb\">\r\n\t\t\t\t<img fetchpriority=\"high\" decoding=\"async\" width=\"450\" height=\"450\" src=\"https:\/\/www.basarreklam.com\/wp-content\/uploads\/2025\/09\/dmreflektif3100_1.jpg\" class=\"attachment-large size-large wp-image-25581\" alt=\"\" srcset=\"https:\/\/www.basarreklam.com\/wp-content\/uploads\/2025\/09\/dmreflektif3100_1.jpg 450w, https:\/\/www.basarreklam.com\/wp-content\/uploads\/2025\/09\/dmreflektif3100_1-300x300.jpg 300w, https:\/\/www.basarreklam.com\/wp-content\/uploads\/2025\/09\/dmreflektif3100_1-150x150.jpg 150w, https:\/\/www.basarreklam.com\/wp-content\/uploads\/2025\/09\/dmreflektif3100_1-70x70.jpg 70w, https:\/\/www.basarreklam.com\/wp-content\/uploads\/2025\/09\/dmreflektif3100_1-100x100.jpg 100w\" sizes=\"(max-width: 450px) 100vw, 450px\" \/>\t\t\t<\/div>\r\n\t\t\t<div class=\"txbdsi boxtexrelative  iconsabsconpd sselect\">\r\n\t\t\t\t<!-- overlay icon -->\r\n\t\t\t\t\t\t\t\t<!-- image icon -->\r\n\t\t\t\t\t\t\t\t\r\n\t\t\t\t<div class=\"txbdcon\">\r\n\t\t\t\t\t\t\t\t\t<h2 class=\"txbdsvtitle txstcolor hlight\">DM Lite 3100 Serisi Reflektif Folyolar<\/h2>\r\n\t\t\t\t\t\t\t\t\t<p> <\/p>\r\n\t\t\t\t\t\t\r\n\t\t\t\t\t<div class=\"txbdsvbtn txbdbtnicon\">\r\n\t\t\t\t\t<!-- button -->\t\r\n\t\t\t\t\t\t\t\t\t\t\t<a class=\"btnallt btnall 1\" href=\"#\" >\u0130ncele <i class=\"icofont icofont-double-right\"><\/i> <\/a>\r\n\t\t\t\t\t\t\t\t\t\t\r\n\t\t\t\t\t<\/div>\r\n\t\t\t\t<\/div>\t\t\t\t\r\n\t\t\t<\/div>\r\n\t\t\r\n\t\t<\/div>\t\t\t\t<\/div>\n\t\t\t\t<\/div>\n\t\t\t\t\t<\/div>\n\t\t<\/div>\n\t\t\t\t<div class=\"elementor-column elementor-col-33 elementor-inner-column elementor-element elementor-element-dd91ff2\" data-id=\"dd91ff2\" data-element_type=\"column\">\n\t\t\t<div class=\"elementor-widget-wrap elementor-element-populated\">\n\t\t\t\t\t\t<div class=\"elementor-element elementor-element-e0650b3 elementor-widget elementor-widget-witrservice\" data-id=\"e0650b3\" data-element_type=\"widget\" data-widget_type=\"witrservice.default\">\n\t\t\t\t<div class=\"elementor-widget-container\">\n\t\t\t\t\t\t\t<div class=\"txbdsva allcostyle boxsh txbdmb30 text-left  \">\r\n\t\t\t<div class=\"thbdsvthumb\">\r\n\t\t\t\t<img decoding=\"async\" width=\"600\" height=\"600\" src=\"https:\/\/www.basarreklam.com\/wp-content\/uploads\/2025\/09\/oralite_5200_reflective_sheeting_y.jpg\" class=\"attachment-large size-large wp-image-25582\" alt=\"\" srcset=\"https:\/\/www.basarreklam.com\/wp-content\/uploads\/2025\/09\/oralite_5200_reflective_sheeting_y.jpg 600w, https:\/\/www.basarreklam.com\/wp-content\/uploads\/2025\/09\/oralite_5200_reflective_sheeting_y-300x300.jpg 300w, https:\/\/www.basarreklam.com\/wp-content\/uploads\/2025\/09\/oralite_5200_reflective_sheeting_y-150x150.jpg 150w, https:\/\/www.basarreklam.com\/wp-content\/uploads\/2025\/09\/oralite_5200_reflective_sheeting_y-70x70.jpg 70w, https:\/\/www.basarreklam.com\/wp-content\/uploads\/2025\/09\/oralite_5200_reflective_sheeting_y-100x100.jpg 100w\" sizes=\"(max-width: 600px) 100vw, 600px\" \/>\t\t\t<\/div>\r\n\t\t\t<div class=\"txbdsi boxtexrelative  iconsabsconpd sselect\">\r\n\t\t\t\t<!-- overlay icon -->\r\n\t\t\t\t\t\t\t\t<!-- image icon -->\r\n\t\t\t\t\t\t\t\t\r\n\t\t\t\t<div class=\"txbdcon\">\r\n\t\t\t\t\t\t\t\t\t<h2 class=\"txbdsvtitle txstcolor hlight\">ORAFOL 5200 Reflektif Folyo\n<\/h2>\r\n\t\t\t\t\t\t\t\t\t<p> <\/p>\r\n\t\t\t\t\t\t\r\n\t\t\t\t\t<div class=\"txbdsvbtn txbdbtnicon\">\r\n\t\t\t\t\t<!-- button -->\t\r\n\t\t\t\t\t\t\t\t\t\t\t<a class=\"btnallt btnall 1\" href=\"https:\/\/www.basarreklam.com\/index.php\/kesimfolyolari\/\" >\u0130ncele <i class=\"icofont icofont-double-right\"><\/i> <\/a>\r\n\t\t\t\t\t\t\t\t\t\t\r\n\t\t\t\t\t<\/div>\r\n\t\t\t\t<\/div>\t\t\t\t\r\n\t\t\t<\/div>\r\n\t\t\r\n\t\t<\/div>\t\t\t\t<\/div>\n\t\t\t\t<\/div>\n\t\t\t\t\t<\/div>\n\t\t<\/div>\n\t\t\t\t<div class=\"elementor-column elementor-col-33 elementor-inner-column elementor-element elementor-element-06fd2a7\" data-id=\"06fd2a7\" data-element_type=\"column\">\n\t\t\t<div class=\"elementor-widget-wrap elementor-element-populated\">\n\t\t\t\t\t\t<div class=\"elementor-element elementor-element-d2f9a46 elementor-widget elementor-widget-witrservice\" data-id=\"d2f9a46\" data-element_type=\"widget\" data-widget_type=\"witrservice.default\">\n\t\t\t\t<div class=\"elementor-widget-container\">\n\t\t\t\t\t\t\t<div class=\"txbdsva allcostyle boxsh txbdmb30 text-left  \">\r\n\t\t\t<div class=\"thbdsvthumb\">\r\n\t\t\t\t<img decoding=\"async\" width=\"1000\" height=\"1000\" src=\"https:\/\/www.basarreklam.com\/wp-content\/uploads\/2025\/09\/5300_15.jpg\" class=\"attachment-large size-large wp-image-25583\" alt=\"\" srcset=\"https:\/\/www.basarreklam.com\/wp-content\/uploads\/2025\/09\/5300_15.jpg 1000w, https:\/\/www.basarreklam.com\/wp-content\/uploads\/2025\/09\/5300_15-300x300.jpg 300w, https:\/\/www.basarreklam.com\/wp-content\/uploads\/2025\/09\/5300_15-150x150.jpg 150w, https:\/\/www.basarreklam.com\/wp-content\/uploads\/2025\/09\/5300_15-768x768.jpg 768w, https:\/\/www.basarreklam.com\/wp-content\/uploads\/2025\/09\/5300_15-70x70.jpg 70w, https:\/\/www.basarreklam.com\/wp-content\/uploads\/2025\/09\/5300_15-600x600.jpg 600w, https:\/\/www.basarreklam.com\/wp-content\/uploads\/2025\/09\/5300_15-100x100.jpg 100w\" sizes=\"(max-width: 1000px) 100vw, 1000px\" \/>\t\t\t<\/div>\r\n\t\t\t<div class=\"txbdsi boxtexrelative  iconsabsconpd sselect\">\r\n\t\t\t\t<!-- overlay icon -->\r\n\t\t\t\t\t\t\t\t<!-- image icon -->\r\n\t\t\t\t\t\t\t\t\r\n\t\t\t\t<div class=\"txbdcon\">\r\n\t\t\t\t\t\t\t\t\t<h2 class=\"txbdsvtitle txstcolor hlight\">ORAFOL 5300 Reflektif Folyo<\/h2>\r\n\t\t\t\t\t\t\t\t\t<p> <\/p>\r\n\t\t\t\t\t\t\r\n\t\t\t\t\t<div class=\"txbdsvbtn txbdbtnicon\">\r\n\t\t\t\t\t<!-- button -->\t\r\n\t\t\t\t\t\t\t\t\t\t\t<a class=\"btnallt btnall 1\" href=\"#\" >\u0130ncele <i class=\"icofont icofont-double-right\"><\/i> <\/a>\r\n\t\t\t\t\t\t\t\t\t\t\r\n\t\t\t\t\t<\/div>\r\n\t\t\t\t<\/div>\t\t\t\t\r\n\t\t\t<\/div>\r\n\t\t\r\n\t\t<\/div>\t\t\t\t<\/div>\n\t\t\t\t<\/div>\n\t\t\t\t\t<\/div>\n\t\t<\/div>\n\t\t\t\t\t<\/div>\n\t\t<\/section>\n\t\t\t\t\t<\/div>\n\t\t<\/div>\n\t\t\t\t\t<\/div>\n\t\t<\/section>\n\t\t\t\t<section class=\"elementor-section elementor-top-section elementor-element elementor-element-8995edd elementor-section-boxed elementor-section-height-default elementor-section-height-default\" data-id=\"8995edd\" data-element_type=\"section\">\n\t\t\t\t\t\t<div class=\"elementor-container elementor-column-gap-default\">\n\t\t\t\t\t<div class=\"elementor-column elementor-col-100 elementor-top-column elementor-element elementor-element-daa09e5\" data-id=\"daa09e5\" data-element_type=\"column\">\n\t\t\t<div class=\"elementor-widget-wrap elementor-element-populated\">\n\t\t\t\t\t\t<section class=\"elementor-section elementor-inner-section elementor-element elementor-element-e4d9b96 elementor-section-boxed elementor-section-height-default elementor-section-height-default\" data-id=\"e4d9b96\" data-element_type=\"section\">\n\t\t\t\t\t\t<div class=\"elementor-container elementor-column-gap-default\">\n\t\t\t\t\t<div class=\"elementor-column elementor-col-33 elementor-inner-column elementor-element elementor-element-e073dfb\" data-id=\"e073dfb\" data-element_type=\"column\">\n\t\t\t<div class=\"elementor-widget-wrap elementor-element-populated\">\n\t\t\t\t\t\t<div class=\"elementor-element elementor-element-18a1b43 elementor-widget elementor-widget-witrservice\" data-id=\"18a1b43\" data-element_type=\"widget\" data-widget_type=\"witrservice.default\">\n\t\t\t\t<div class=\"elementor-widget-container\">\n\t\t\t\t\t\t\t<div class=\"txbdsva allcostyle boxsh txbdmb30 text-left  \">\r\n\t\t\t<div class=\"thbdsvthumb\">\r\n\t\t\t\t<img loading=\"lazy\" decoding=\"async\" width=\"1024\" height=\"1019\" src=\"https:\/\/www.basarreklam.com\/wp-content\/uploads\/2025\/09\/oralite5400-1024x1019.png\" class=\"attachment-large size-large wp-image-25588\" alt=\"\" srcset=\"https:\/\/www.basarreklam.com\/wp-content\/uploads\/2025\/09\/oralite5400-1024x1019.png 1024w, https:\/\/www.basarreklam.com\/wp-content\/uploads\/2025\/09\/oralite5400-300x300.png 300w, https:\/\/www.basarreklam.com\/wp-content\/uploads\/2025\/09\/oralite5400-150x150.png 150w, https:\/\/www.basarreklam.com\/wp-content\/uploads\/2025\/09\/oralite5400-768x764.png 768w, https:\/\/www.basarreklam.com\/wp-content\/uploads\/2025\/09\/oralite5400-1536x1528.png 1536w, https:\/\/www.basarreklam.com\/wp-content\/uploads\/2025\/09\/oralite5400-70x70.png 70w, https:\/\/www.basarreklam.com\/wp-content\/uploads\/2025\/09\/oralite5400-600x597.png 600w, https:\/\/www.basarreklam.com\/wp-content\/uploads\/2025\/09\/oralite5400-100x100.png 100w, https:\/\/www.basarreklam.com\/wp-content\/uploads\/2025\/09\/oralite5400.png 1558w\" sizes=\"(max-width: 1024px) 100vw, 1024px\" \/>\t\t\t<\/div>\r\n\t\t\t<div class=\"txbdsi boxtexrelative  iconsabsconpd sselect\">\r\n\t\t\t\t<!-- overlay icon -->\r\n\t\t\t\t\t\t\t\t<!-- image icon -->\r\n\t\t\t\t\t\t\t\t\r\n\t\t\t\t<div class=\"txbdcon\">\r\n\t\t\t\t\t\t\t\t\t<h2 class=\"txbdsvtitle txstcolor hlight\">ORAFOL 5400 Reflektif Folyo<\/h2>\r\n\t\t\t\t\t\t\t\t\t<p> <\/p>\r\n\t\t\t\t\t\t\r\n\t\t\t\t\t<div class=\"txbdsvbtn txbdbtnicon\">\r\n\t\t\t\t\t<!-- button -->\t\r\n\t\t\t\t\t\t\t\t\t\t\t<a class=\"btnallt btnall 1\" href=\"#\" >\u0130ncele <i class=\"icofont icofont-double-right\"><\/i> <\/a>\r\n\t\t\t\t\t\t\t\t\t\t\r\n\t\t\t\t\t<\/div>\r\n\t\t\t\t<\/div>\t\t\t\t\r\n\t\t\t<\/div>\r\n\t\t\r\n\t\t<\/div>\t\t\t\t<\/div>\n\t\t\t\t<\/div>\n\t\t\t\t\t<\/div>\n\t\t<\/div>\n\t\t\t\t<div class=\"elementor-column elementor-col-33 elementor-inner-column elementor-element elementor-element-aa71aca\" data-id=\"aa71aca\" data-element_type=\"column\">\n\t\t\t<div class=\"elementor-widget-wrap elementor-element-populated\">\n\t\t\t\t\t\t<div class=\"elementor-element elementor-element-5620f8c elementor-widget elementor-widget-witrservice\" data-id=\"5620f8c\" data-element_type=\"widget\" data-widget_type=\"witrservice.default\">\n\t\t\t\t<div class=\"elementor-widget-container\">\n\t\t\t\t\t\t\t<div class=\"txbdsva allcostyle boxsh txbdmb30 text-left  \">\r\n\t\t\t<div class=\"thbdsvthumb\">\r\n\t\t\t\t<img loading=\"lazy\" decoding=\"async\" width=\"520\" height=\"260\" src=\"https:\/\/www.basarreklam.com\/wp-content\/uploads\/2025\/09\/oralite_5500_sl.jpg\" class=\"attachment-large size-large wp-image-25592\" alt=\"\" srcset=\"https:\/\/www.basarreklam.com\/wp-content\/uploads\/2025\/09\/oralite_5500_sl.jpg 520w, https:\/\/www.basarreklam.com\/wp-content\/uploads\/2025\/09\/oralite_5500_sl-300x150.jpg 300w\" sizes=\"(max-width: 520px) 100vw, 520px\" \/>\t\t\t<\/div>\r\n\t\t\t<div class=\"txbdsi boxtexrelative  iconsabsconpd sselect\">\r\n\t\t\t\t<!-- overlay icon -->\r\n\t\t\t\t\t\t\t\t<!-- image icon -->\r\n\t\t\t\t\t\t\t\t\r\n\t\t\t\t<div class=\"txbdcon\">\r\n\t\t\t\t\t\t\t\t\t<h2 class=\"txbdsvtitle txstcolor hlight\">ORAFOL 5500 Reflektif Folyo<\/h2>\r\n\t\t\t\t\t\t\t\t\t<p> <\/p>\r\n\t\t\t\t\t\t\r\n\t\t\t\t\t<div class=\"txbdsvbtn txbdbtnicon\">\r\n\t\t\t\t\t<!-- button -->\t\r\n\t\t\t\t\t\t\t\t\t\t\t<a class=\"btnallt btnall 1\" href=\"#\" >\u0130ncele <i class=\"icofont icofont-double-right\"><\/i> <\/a>\r\n\t\t\t\t\t\t\t\t\t\t\r\n\t\t\t\t\t<\/div>\r\n\t\t\t\t<\/div>\t\t\t\t\r\n\t\t\t<\/div>\r\n\t\t\r\n\t\t<\/div>\t\t\t\t<\/div>\n\t\t\t\t<\/div>\n\t\t\t\t\t<\/div>\n\t\t<\/div>\n\t\t\t\t<div class=\"elementor-column elementor-col-33 elementor-inner-column elementor-element elementor-element-5c8956f\" data-id=\"5c8956f\" data-element_type=\"column\">\n\t\t\t<div class=\"elementor-widget-wrap elementor-element-populated\">\n\t\t\t\t\t\t<div class=\"elementor-element elementor-element-f8f6a6b elementor-widget elementor-widget-witrservice\" data-id=\"f8f6a6b\" data-element_type=\"widget\" data-widget_type=\"witrservice.default\">\n\t\t\t\t<div class=\"elementor-widget-container\">\n\t\t\t\t\t\t\t<div class=\"txbdsva allcostyle boxsh txbdmb30 text-left  \">\r\n\t\t\t<div class=\"thbdsvthumb\">\r\n\t\t\t\t<img loading=\"lazy\" decoding=\"async\" width=\"400\" height=\"400\" src=\"https:\/\/www.basarreklam.com\/wp-content\/uploads\/2025\/09\/680resim5.jpg\" class=\"attachment-large size-large wp-image-25606\" alt=\"\" srcset=\"https:\/\/www.basarreklam.com\/wp-content\/uploads\/2025\/09\/680resim5.jpg 400w, https:\/\/www.basarreklam.com\/wp-content\/uploads\/2025\/09\/680resim5-300x300.jpg 300w, https:\/\/www.basarreklam.com\/wp-content\/uploads\/2025\/09\/680resim5-150x150.jpg 150w, https:\/\/www.basarreklam.com\/wp-content\/uploads\/2025\/09\/680resim5-70x70.jpg 70w, https:\/\/www.basarreklam.com\/wp-content\/uploads\/2025\/09\/680resim5-100x100.jpg 100w\" sizes=\"(max-width: 400px) 100vw, 400px\" \/>\t\t\t<\/div>\r\n\t\t\t<div class=\"txbdsi boxtexrelative  iconsabsconpd sselect\">\r\n\t\t\t\t<!-- overlay icon -->\r\n\t\t\t\t\t\t\t\t<!-- image icon -->\r\n\t\t\t\t\t\t\t\t\r\n\t\t\t\t<div class=\"txbdcon\">\r\n\t\t\t\t\t\t\t\t\t<h2 class=\"txbdsvtitle txstcolor hlight\">3M 610 Reflektif Folyo<\/h2>\r\n\t\t\t\t\t\t\t\t\t<p> <\/p>\r\n\t\t\t\t\t\t\r\n\t\t\t\t\t<div class=\"txbdsvbtn txbdbtnicon\">\r\n\t\t\t\t\t<!-- button -->\t\r\n\t\t\t\t\t\t\t\t\t\t\t<a class=\"btnallt btnall 1\" href=\"#\" >\u0130ncele <i class=\"icofont icofont-double-right\"><\/i> <\/a>\r\n\t\t\t\t\t\t\t\t\t\t\r\n\t\t\t\t\t<\/div>\r\n\t\t\t\t<\/div>\t\t\t\t\r\n\t\t\t<\/div>\r\n\t\t\r\n\t\t<\/div>\t\t\t\t<\/div>\n\t\t\t\t<\/div>\n\t\t\t\t\t<\/div>\n\t\t<\/div>\n\t\t\t\t\t<\/div>\n\t\t<\/section>\n\t\t\t\t\t<\/div>\n\t\t<\/div>\n\t\t\t\t\t<\/div>\n\t\t<\/section>\n\t\t\t\t<section class=\"elementor-section elementor-top-section elementor-element elementor-element-ee38bd0 elementor-section-boxed elementor-section-height-default elementor-section-height-default\" data-id=\"ee38bd0\" data-element_type=\"section\">\n\t\t\t\t\t\t<div class=\"elementor-container elementor-column-gap-default\">\n\t\t\t\t\t<div class=\"elementor-column elementor-col-100 elementor-top-column elementor-element elementor-element-ac1dbfe\" data-id=\"ac1dbfe\" data-element_type=\"column\">\n\t\t\t<div class=\"elementor-widget-wrap elementor-element-populated\">\n\t\t\t\t\t\t<section class=\"elementor-section elementor-inner-section elementor-element elementor-element-043c6c8 elementor-section-boxed elementor-section-height-default elementor-section-height-default\" data-id=\"043c6c8\" data-element_type=\"section\">\n\t\t\t\t\t\t<div class=\"elementor-container elementor-column-gap-default\">\n\t\t\t\t\t<div class=\"elementor-column elementor-col-33 elementor-inner-column elementor-element elementor-element-31b9633\" data-id=\"31b9633\" data-element_type=\"column\">\n\t\t\t<div class=\"elementor-widget-wrap elementor-element-populated\">\n\t\t\t\t\t\t<div class=\"elementor-element elementor-element-0d194e7 elementor-widget elementor-widget-witrservice\" data-id=\"0d194e7\" data-element_type=\"widget\" data-widget_type=\"witrservice.default\">\n\t\t\t\t<div class=\"elementor-widget-container\">\n\t\t\t\t\t\t\t<div class=\"txbdsva allcostyle boxsh txbdmb30 text-left  \">\r\n\t\t\t<div class=\"thbdsvthumb\">\r\n\t\t\t\t<img loading=\"lazy\" decoding=\"async\" width=\"400\" height=\"400\" src=\"https:\/\/www.basarreklam.com\/wp-content\/uploads\/2025\/09\/680resim3.jpg\" class=\"attachment-large size-large wp-image-25603\" alt=\"\" srcset=\"https:\/\/www.basarreklam.com\/wp-content\/uploads\/2025\/09\/680resim3.jpg 400w, https:\/\/www.basarreklam.com\/wp-content\/uploads\/2025\/09\/680resim3-300x300.jpg 300w, https:\/\/www.basarreklam.com\/wp-content\/uploads\/2025\/09\/680resim3-150x150.jpg 150w, https:\/\/www.basarreklam.com\/wp-content\/uploads\/2025\/09\/680resim3-70x70.jpg 70w, https:\/\/www.basarreklam.com\/wp-content\/uploads\/2025\/09\/680resim3-100x100.jpg 100w\" sizes=\"(max-width: 400px) 100vw, 400px\" \/>\t\t\t<\/div>\r\n\t\t\t<div class=\"txbdsi boxtexrelative  iconsabsconpd sselect\">\r\n\t\t\t\t<!-- overlay icon -->\r\n\t\t\t\t\t\t\t\t<!-- image icon -->\r\n\t\t\t\t\t\t\t\t\r\n\t\t\t\t<div class=\"txbdcon\">\r\n\t\t\t\t\t\t\t\t\t<h2 class=\"txbdsvtitle txstcolor hlight\">ORAFOL 5400 Reflektif Folyo<\/h2>\r\n\t\t\t\t\t\t\t\t\t<p> <\/p>\r\n\t\t\t\t\t\t\r\n\t\t\t\t\t<div class=\"txbdsvbtn txbdbtnicon\">\r\n\t\t\t\t\t<!-- button -->\t\r\n\t\t\t\t\t\t\t\t\t\t\t<a class=\"btnallt btnall 1\" href=\"#\" >\u0130ncele <i class=\"icofont icofont-double-right\"><\/i> <\/a>\r\n\t\t\t\t\t\t\t\t\t\t\r\n\t\t\t\t\t<\/div>\r\n\t\t\t\t<\/div>\t\t\t\t\r\n\t\t\t<\/div>\r\n\t\t\r\n\t\t<\/div>\t\t\t\t<\/div>\n\t\t\t\t<\/div>\n\t\t\t\t\t<\/div>\n\t\t<\/div>\n\t\t\t\t<div class=\"elementor-column elementor-col-33 elementor-inner-column elementor-element elementor-element-dd4321c\" data-id=\"dd4321c\" data-element_type=\"column\">\n\t\t\t<div class=\"elementor-widget-wrap elementor-element-populated\">\n\t\t\t\t\t\t<div class=\"elementor-element elementor-element-e4a6806 elementor-widget elementor-widget-witrservice\" data-id=\"e4a6806\" data-element_type=\"widget\" data-widget_type=\"witrservice.default\">\n\t\t\t\t<div class=\"elementor-widget-container\">\n\t\t\t\t\t\t\t<div class=\"txbdsva allcostyle boxsh txbdmb30 text-left  \">\r\n\t\t\t<div class=\"thbdsvthumb\">\r\n\t\t\t\t<img loading=\"lazy\" decoding=\"async\" width=\"400\" height=\"400\" src=\"https:\/\/www.basarreklam.com\/wp-content\/uploads\/2025\/09\/3mtm_graphic_film.jpg\" class=\"attachment-large size-large wp-image-25604\" alt=\"\" srcset=\"https:\/\/www.basarreklam.com\/wp-content\/uploads\/2025\/09\/3mtm_graphic_film.jpg 400w, https:\/\/www.basarreklam.com\/wp-content\/uploads\/2025\/09\/3mtm_graphic_film-300x300.jpg 300w, https:\/\/www.basarreklam.com\/wp-content\/uploads\/2025\/09\/3mtm_graphic_film-150x150.jpg 150w, https:\/\/www.basarreklam.com\/wp-content\/uploads\/2025\/09\/3mtm_graphic_film-70x70.jpg 70w, https:\/\/www.basarreklam.com\/wp-content\/uploads\/2025\/09\/3mtm_graphic_film-100x100.jpg 100w\" sizes=\"(max-width: 400px) 100vw, 400px\" \/>\t\t\t<\/div>\r\n\t\t\t<div class=\"txbdsi boxtexrelative  iconsabsconpd sselect\">\r\n\t\t\t\t<!-- overlay icon -->\r\n\t\t\t\t\t\t\t\t<!-- image icon -->\r\n\t\t\t\t\t\t\t\t\r\n\t\t\t\t<div class=\"txbdcon\">\r\n\t\t\t\t\t\t\t\t\t<h2 class=\"txbdsvtitle txstcolor hlight\">ORAFOL 5500 Reflektif Folyo<\/h2>\r\n\t\t\t\t\t\t\t\t\t<p> <\/p>\r\n\t\t\t\t\t\t\r\n\t\t\t\t\t<div class=\"txbdsvbtn txbdbtnicon\">\r\n\t\t\t\t\t<!-- button -->\t\r\n\t\t\t\t\t\t\t\t\t\t\t<a class=\"btnallt btnall 1\" href=\"#\" >\u0130ncele <i class=\"icofont icofont-double-right\"><\/i> <\/a>\r\n\t\t\t\t\t\t\t\t\t\t\r\n\t\t\t\t\t<\/div>\r\n\t\t\t\t<\/div>\t\t\t\t\r\n\t\t\t<\/div>\r\n\t\t\r\n\t\t<\/div>\t\t\t\t<\/div>\n\t\t\t\t<\/div>\n\t\t\t\t\t<\/div>\n\t\t<\/div>\n\t\t\t\t<div class=\"elementor-column elementor-col-33 elementor-inner-column elementor-element elementor-element-3f7b600\" data-id=\"3f7b600\" data-element_type=\"column\">\n\t\t\t<div class=\"elementor-widget-wrap\">\n\t\t\t\t\t\t\t<\/div>\n\t\t<\/div>\n\t\t\t\t\t<\/div>\n\t\t<\/section>\n\t\t\t\t\t<\/div>\n\t\t<\/div>\n\t\t\t\t\t<\/div>\n\t\t<\/section>\n\t\t\t\t<\/div>\n\t\t","protected":false},"excerpt":{"rendered":"<p>Reflektif Folyolar DM Lite 3100 Serisi Reflektif Folyolar \u0130ncele ORAFOL 5200 Reflektif Folyo \u0130ncele ORAFOL 5300 Reflektif Folyo \u0130ncele ORAFOL 5400 Reflektif Folyo \u0130ncele ORAFOL 5500 Reflektif Folyo \u0130ncele 3M 610 Reflektif Folyo \u0130ncele ORAFOL 5400 Reflektif Folyo \u0130ncele ORAFOL 5500 Reflektif Folyo \u0130ncele<\/p>\n","protected":false},"author":1,"featured_media":0,"parent":0,"menu_order":0,"comment_status":"closed","ping_status":"closed","template":"","meta":{"footnotes":""},"class_list":["post-25562","page","type-page","status-publish","hentry"],"_links":{"self":[{"href":"https:\/\/www.basarreklam.com\/index.php\/wp-json\/wp\/v2\/pages\/25562","targetHints":{"allow":["GET"]}}],"collection":[{"href":"https:\/\/www.basarreklam.com\/index.php\/wp-json\/wp\/v2\/pages"}],"about":[{"href":"https:\/\/www.basarreklam.com\/index.php\/wp-json\/wp\/v2\/types\/page"}],"author":[{"embeddable":true,"href":"https:\/\/www.basarreklam.com\/index.php\/wp-json\/wp\/v2\/users\/1"}],"replies":[{"embeddable":true,"href":"https:\/\/www.basarreklam.com\/index.php\/wp-json\/wp\/v2\/comments?post=25562"}],"version-history":[{"count":0,"href":"https:\/\/www.basarreklam.com\/index.php\/wp-json\/wp\/v2\/pages\/25562\/revisions"}],"wp:attachment":[{"href":"https:\/\/www.basarreklam.com\/index.php\/wp-json\/wp\/v2\/media?parent=25562"}],"curies":[{"name":"wp","href":"https:\/\/api.w.org\/{rel}","templated":true}]}}