{"id":26092,"date":"2025-09-02T20:41:10","date_gmt":"2025-09-02T17:41:10","guid":{"rendered":"https:\/\/www.basarreklam.com\/?page_id=26092"},"modified":"2025-09-02T21:21:31","modified_gmt":"2025-09-02T18:21:31","slug":"yardimciurunler","status":"publish","type":"page","link":"https:\/\/www.basarreklam.com\/index.php\/yardimciurunler\/","title":{"rendered":"Yard\u0131mc\u0131 \u00dcr\u00fcnler"},"content":{"rendered":"\t\t<div data-elementor-type=\"wp-page\" data-elementor-id=\"26092\" class=\"elementor elementor-26092\" data-elementor-post-type=\"page\">\n\t\t\t\t<div class=\"elementor-element elementor-element-188b42b e-flex e-con-boxed e-con e-parent\" data-id=\"188b42b\" data-element_type=\"container\">\n\t\t\t\t\t<div class=\"e-con-inner\">\n\t\t\t\t<div class=\"elementor-element elementor-element-61721cf elementor-widget elementor-widget-tts\" data-id=\"61721cf\" data-element_type=\"widget\" data-widget_type=\"tts.default\">\n\t\t\t\t<div class=\"elementor-widget-container\">\n\t\t\t\t\t\t\t\t\t\t<!-- title center -->\n\t\t\t\t\t<div class=\"tts text-center\">\n\t\t\t\t\t\t<div class=\"ttin\">\n\n\t\t\t\t\t\t\t<!-- icon position -->\n\t\t\t\t\t\t\t\t\t\t\t\t\t\t\n\t\t\t\t\t\t\t<!-- image -->\n\t\t\t\t\t\t\t\t\t\t\t\t\t\t<!-- icon -->\n\t\t\t\t\t\t\t\t\t\t\t\t\t\t\n\t\t\t\t\t\t\t<!-- bar -->\n\t\t\t\t\t\t\t\t\t\t\t\t\t\t<!-- circle bar -->\n\t\t\t\t\t\t\t\n\t\t\t\t\t\t\t\t\n\t\t\t\t\t\t\t<!-- end icon position -->\n\t\t\t\t\t\t\t\t\t\t\t\t\t\n\t\t\t\t\t\t\t<!-- title top -->\n\t\t\t\t\t\t\t\n\n\t\t\t\t\t\t\t<!-- icon position -->\n\t\t\t\t\t\t\t\t\n\t\t\t\t\t\t\t<!-- end icon position -->\n\t\t\t\t\t\t\t\n\t\t\t\t\t\t\t<!-- title middle -->\n\t\t\t\t\t\t\t\t\t\t\t\t\t\t\t<h2 class=\"txbdstitle sttwo hlight\">Yard\u0131mc\u0131 \u00dcr\u00fcnler<\/h2>\n\t\t\t\t\t\t\t\t\t\t\t\t\t\t<!-- title bottom -->\n\t\t\t\t\t\t\t\n\t\t\t\t\t\t\t\t\n\t\t\t\t\t\t\t\n\t\t\t\t\t\t\t<!-- content -->\n\t\t\t\t\t\t\t\t\t\t\t\t\t\t\n\t\t\t\t\t\t<\/div>\n\t\t\t\t\t\t\t<!-- inner title -->\n\t\t\t\t\t\t\t\t\t\t\t\t\t\n\t\t\t\t\t<\/div>\n\n\t\t\t\t\t\t\t\t<\/div>\n\t\t\t\t<\/div>\n\t\t\t\t\t<\/div>\n\t\t\t\t<\/div>\n\t\t\t\t<section class=\"elementor-section elementor-top-section elementor-element elementor-element-f03687a elementor-section-boxed elementor-section-height-default elementor-section-height-default\" data-id=\"f03687a\" data-element_type=\"section\">\n\t\t\t\t\t\t<div class=\"elementor-container elementor-column-gap-default\">\n\t\t\t\t\t<div class=\"elementor-column elementor-col-100 elementor-top-column elementor-element elementor-element-5fe3dd8\" data-id=\"5fe3dd8\" data-element_type=\"column\">\n\t\t\t<div class=\"elementor-widget-wrap elementor-element-populated\">\n\t\t\t\t\t\t<section class=\"elementor-section elementor-inner-section elementor-element elementor-element-f46f40b elementor-section-boxed elementor-section-height-default elementor-section-height-default\" data-id=\"f46f40b\" data-element_type=\"section\">\n\t\t\t\t\t\t<div class=\"elementor-container elementor-column-gap-default\">\n\t\t\t\t\t<div class=\"elementor-column elementor-col-25 elementor-inner-column elementor-element elementor-element-ef2fc48\" data-id=\"ef2fc48\" data-element_type=\"column\">\n\t\t\t<div class=\"elementor-widget-wrap elementor-element-populated\">\n\t\t\t\t\t\t<div class=\"elementor-element elementor-element-a096d97 elementor-widget elementor-widget-witrservice\" data-id=\"a096d97\" data-element_type=\"widget\" data-widget_type=\"witrservice.default\">\n\t\t\t\t<div class=\"elementor-widget-container\">\n\t\t\t\t\t\t\t<div class=\"txbdsva allcostyle boxsh txbdmb30 text-left  \">\r\n\t\t\t<div class=\"thbdsvthumb\">\r\n\t\t\t\t<img fetchpriority=\"high\" decoding=\"async\" width=\"800\" height=\"800\" src=\"https:\/\/www.basarreklam.com\/wp-content\/uploads\/2025\/08\/14304-KECELI-0-1-500x500-1-1.jpg\" class=\"attachment-large size-large wp-image-25063\" alt=\"\" srcset=\"https:\/\/www.basarreklam.com\/wp-content\/uploads\/2025\/08\/14304-KECELI-0-1-500x500-1-1.jpg 800w, https:\/\/www.basarreklam.com\/wp-content\/uploads\/2025\/08\/14304-KECELI-0-1-500x500-1-1-300x300.jpg 300w, https:\/\/www.basarreklam.com\/wp-content\/uploads\/2025\/08\/14304-KECELI-0-1-500x500-1-1-150x150.jpg 150w, https:\/\/www.basarreklam.com\/wp-content\/uploads\/2025\/08\/14304-KECELI-0-1-500x500-1-1-768x768.jpg 768w, https:\/\/www.basarreklam.com\/wp-content\/uploads\/2025\/08\/14304-KECELI-0-1-500x500-1-1-70x70.jpg 70w, https:\/\/www.basarreklam.com\/wp-content\/uploads\/2025\/08\/14304-KECELI-0-1-500x500-1-1-600x600.jpg 600w, https:\/\/www.basarreklam.com\/wp-content\/uploads\/2025\/08\/14304-KECELI-0-1-500x500-1-1-100x100.jpg 100w\" sizes=\"(max-width: 800px) 100vw, 800px\" \/>\t\t\t<\/div>\r\n\t\t\t<div class=\"txbdsi boxtexrelative  iconsabsconpd sselect\">\r\n\t\t\t\t<!-- overlay icon -->\r\n\t\t\t\t\t\t\t\t<!-- image icon -->\r\n\t\t\t\t\t\t\t\t\r\n\t\t\t\t<div class=\"txbdcon\">\r\n\t\t\t\t\t\t\t\t\t<h2 class=\"txbdsvtitle txstcolor hlight\">Ragle<\/h2>\r\n\t\t\t\t\t\t\t\t\t<p> <\/p>\r\n\t\t\t\t\t\t\r\n\t\t\t\t\t<div class=\"txbdsvbtn txbdbtnicon\">\r\n\t\t\t\t\t<!-- button -->\t\r\n\t\t\t\t\t\t\t\t\t\t\r\n\t\t\t\t\t<\/div>\r\n\t\t\t\t<\/div>\t\t\t\t\r\n\t\t\t<\/div>\r\n\t\t\r\n\t\t<\/div>\t\t\t\t<\/div>\n\t\t\t\t<\/div>\n\t\t\t\t\t<\/div>\n\t\t<\/div>\n\t\t\t\t<div class=\"elementor-column elementor-col-25 elementor-inner-column elementor-element elementor-element-dd91ff2\" data-id=\"dd91ff2\" data-element_type=\"column\">\n\t\t\t<div class=\"elementor-widget-wrap elementor-element-populated\">\n\t\t\t\t\t\t<div class=\"elementor-element elementor-element-3350554 elementor-widget elementor-widget-witrservice\" data-id=\"3350554\" data-element_type=\"widget\" data-widget_type=\"witrservice.default\">\n\t\t\t\t<div class=\"elementor-widget-container\">\n\t\t\t\t\t\t\t<div class=\"txbdsva allcostyle boxsh txbdmb30 text-left  \">\r\n\t\t\t<div class=\"thbdsvthumb\">\r\n\t\t\t\t<img decoding=\"async\" width=\"1024\" height=\"1024\" src=\"https:\/\/www.basarreklam.com\/wp-content\/uploads\/2025\/09\/1000-1500-TEP-1-1024x1024.jpg\" class=\"attachment-large size-large wp-image-26164\" alt=\"\" srcset=\"https:\/\/www.basarreklam.com\/wp-content\/uploads\/2025\/09\/1000-1500-TEP-1-1024x1024.jpg 1024w, https:\/\/www.basarreklam.com\/wp-content\/uploads\/2025\/09\/1000-1500-TEP-1-300x300.jpg 300w, https:\/\/www.basarreklam.com\/wp-content\/uploads\/2025\/09\/1000-1500-TEP-1-150x150.jpg 150w, https:\/\/www.basarreklam.com\/wp-content\/uploads\/2025\/09\/1000-1500-TEP-1-768x768.jpg 768w, https:\/\/www.basarreklam.com\/wp-content\/uploads\/2025\/09\/1000-1500-TEP-1-70x70.jpg 70w, https:\/\/www.basarreklam.com\/wp-content\/uploads\/2025\/09\/1000-1500-TEP-1-600x600.jpg 600w, https:\/\/www.basarreklam.com\/wp-content\/uploads\/2025\/09\/1000-1500-TEP-1-100x100.jpg 100w, https:\/\/www.basarreklam.com\/wp-content\/uploads\/2025\/09\/1000-1500-TEP-1.jpg 1500w\" sizes=\"(max-width: 1024px) 100vw, 1024px\" \/>\t\t\t<\/div>\r\n\t\t\t<div class=\"txbdsi boxtexrelative  iconsabsconpd sselect\">\r\n\t\t\t\t<!-- overlay icon -->\r\n\t\t\t\t\t\t\t\t<!-- image icon -->\r\n\t\t\t\t\t\t\t\t\r\n\t\t\t\t<div class=\"txbdcon\">\r\n\t\t\t\t\t\t\t\t\t<h2 class=\"txbdsvtitle txstcolor hlight\">Ku\u015f G\u00f6z\u00fc Makinas\u0131<\/h2>\r\n\t\t\t\t\t\t\t\t\t<p> <\/p>\r\n\t\t\t\t\t\t\r\n\t\t\t\t\t<div class=\"txbdsvbtn txbdbtnicon\">\r\n\t\t\t\t\t<!-- button -->\t\r\n\t\t\t\t\t\t\t\t\t\t\r\n\t\t\t\t\t<\/div>\r\n\t\t\t\t<\/div>\t\t\t\t\r\n\t\t\t<\/div>\r\n\t\t\r\n\t\t<\/div>\t\t\t\t<\/div>\n\t\t\t\t<\/div>\n\t\t\t\t\t<\/div>\n\t\t<\/div>\n\t\t\t\t<div class=\"elementor-column elementor-col-25 elementor-inner-column elementor-element elementor-element-06fd2a7\" data-id=\"06fd2a7\" data-element_type=\"column\">\n\t\t\t<div class=\"elementor-widget-wrap elementor-element-populated\">\n\t\t\t\t\t\t<div class=\"elementor-element elementor-element-ecea977 elementor-widget elementor-widget-witrservice\" data-id=\"ecea977\" data-element_type=\"widget\" data-widget_type=\"witrservice.default\">\n\t\t\t\t<div class=\"elementor-widget-container\">\n\t\t\t\t\t\t\t<div class=\"txbdsva allcostyle boxsh txbdmb30 text-left  \">\r\n\t\t\t<div class=\"thbdsvthumb\">\r\n\t\t\t\t<img decoding=\"async\" width=\"375\" height=\"375\" src=\"https:\/\/www.basarreklam.com\/wp-content\/uploads\/2025\/09\/110000111999066.jpg\" class=\"attachment-large size-large wp-image-26174\" alt=\"\" srcset=\"https:\/\/www.basarreklam.com\/wp-content\/uploads\/2025\/09\/110000111999066.jpg 375w, https:\/\/www.basarreklam.com\/wp-content\/uploads\/2025\/09\/110000111999066-300x300.jpg 300w, https:\/\/www.basarreklam.com\/wp-content\/uploads\/2025\/09\/110000111999066-150x150.jpg 150w, https:\/\/www.basarreklam.com\/wp-content\/uploads\/2025\/09\/110000111999066-70x70.jpg 70w, https:\/\/www.basarreklam.com\/wp-content\/uploads\/2025\/09\/110000111999066-100x100.jpg 100w\" sizes=\"(max-width: 375px) 100vw, 375px\" \/>\t\t\t<\/div>\r\n\t\t\t<div class=\"txbdsi boxtexrelative  iconsabsconpd sselect\">\r\n\t\t\t\t<!-- overlay icon -->\r\n\t\t\t\t\t\t\t\t<!-- image icon -->\r\n\t\t\t\t\t\t\t\t\r\n\t\t\t\t<div class=\"txbdcon\">\r\n\t\t\t\t\t\t\t\t\t<h2 class=\"txbdsvtitle txstcolor hlight\">Germe Pensesi<\/h2>\r\n\t\t\t\t\t\t\t\t\t<p> <\/p>\r\n\t\t\t\t\t\t\r\n\t\t\t\t\t<div class=\"txbdsvbtn txbdbtnicon\">\r\n\t\t\t\t\t<!-- button -->\t\r\n\t\t\t\t\t\t\t\t\t\t\r\n\t\t\t\t\t<\/div>\r\n\t\t\t\t<\/div>\t\t\t\t\r\n\t\t\t<\/div>\r\n\t\t\r\n\t\t<\/div>\t\t\t\t<\/div>\n\t\t\t\t<\/div>\n\t\t\t\t\t<\/div>\n\t\t<\/div>\n\t\t\t\t<div class=\"elementor-column elementor-col-25 elementor-inner-column elementor-element elementor-element-e4b0ec6\" data-id=\"e4b0ec6\" data-element_type=\"column\">\n\t\t\t<div class=\"elementor-widget-wrap elementor-element-populated\">\n\t\t\t\t\t\t<div class=\"elementor-element elementor-element-5f0d720 elementor-widget elementor-widget-witrservice\" data-id=\"5f0d720\" data-element_type=\"widget\" data-widget_type=\"witrservice.default\">\n\t\t\t\t<div class=\"elementor-widget-container\">\n\t\t\t\t\t\t\t<div class=\"txbdsva allcostyle boxsh txbdmb30 text-left  \">\r\n\t\t\t<div class=\"thbdsvthumb\">\r\n\t\t\t\t<img loading=\"lazy\" decoding=\"async\" width=\"375\" height=\"375\" src=\"https:\/\/www.basarreklam.com\/wp-content\/uploads\/2025\/09\/WhatsApp-Gorsel-2025-09-02-saat-21.21.12_9fd162ee.jpg\" class=\"attachment-large size-large wp-image-26181\" alt=\"\" srcset=\"https:\/\/www.basarreklam.com\/wp-content\/uploads\/2025\/09\/WhatsApp-Gorsel-2025-09-02-saat-21.21.12_9fd162ee.jpg 375w, https:\/\/www.basarreklam.com\/wp-content\/uploads\/2025\/09\/WhatsApp-Gorsel-2025-09-02-saat-21.21.12_9fd162ee-300x300.jpg 300w, https:\/\/www.basarreklam.com\/wp-content\/uploads\/2025\/09\/WhatsApp-Gorsel-2025-09-02-saat-21.21.12_9fd162ee-150x150.jpg 150w, https:\/\/www.basarreklam.com\/wp-content\/uploads\/2025\/09\/WhatsApp-Gorsel-2025-09-02-saat-21.21.12_9fd162ee-70x70.jpg 70w, https:\/\/www.basarreklam.com\/wp-content\/uploads\/2025\/09\/WhatsApp-Gorsel-2025-09-02-saat-21.21.12_9fd162ee-100x100.jpg 100w\" sizes=\"(max-width: 375px) 100vw, 375px\" \/>\t\t\t<\/div>\r\n\t\t\t<div class=\"txbdsi boxtexrelative  iconsabsconpd sselect\">\r\n\t\t\t\t<!-- overlay icon -->\r\n\t\t\t\t\t\t\t\t<!-- image icon -->\r\n\t\t\t\t\t\t\t\t\r\n\t\t\t\t<div class=\"txbdcon\">\r\n\t\t\t\t\t\t\t\t\t<h2 class=\"txbdsvtitle txstcolor hlight\">Ku\u015f G\u00f6z\u00fc<\/h2>\r\n\t\t\t\t\t\t\t\t\t<p> <\/p>\r\n\t\t\t\t\t\t\r\n\t\t\t\t\t<div class=\"txbdsvbtn txbdbtnicon\">\r\n\t\t\t\t\t<!-- button -->\t\r\n\t\t\t\t\t\t\t\t\t\t\r\n\t\t\t\t\t<\/div>\r\n\t\t\t\t<\/div>\t\t\t\t\r\n\t\t\t<\/div>\r\n\t\t\r\n\t\t<\/div>\t\t\t\t<\/div>\n\t\t\t\t<\/div>\n\t\t\t\t\t<\/div>\n\t\t<\/div>\n\t\t\t\t\t<\/div>\n\t\t<\/section>\n\t\t\t\t\t<\/div>\n\t\t<\/div>\n\t\t\t\t\t<\/div>\n\t\t<\/section>\n\t\t\t\t<\/div>\n\t\t","protected":false},"excerpt":{"rendered":"<p>Yard\u0131mc\u0131 \u00dcr\u00fcnler Ragle Ku\u015f G\u00f6z\u00fc Makinas\u0131 Germe Pensesi Ku\u015f G\u00f6z\u00fc<\/p>\n","protected":false},"author":1,"featured_media":0,"parent":0,"menu_order":0,"comment_status":"closed","ping_status":"closed","template":"","meta":{"footnotes":""},"class_list":["post-26092","page","type-page","status-publish","hentry"],"_links":{"self":[{"href":"https:\/\/www.basarreklam.com\/index.php\/wp-json\/wp\/v2\/pages\/26092","targetHints":{"allow":["GET"]}}],"collection":[{"href":"https:\/\/www.basarreklam.com\/index.php\/wp-json\/wp\/v2\/pages"}],"about":[{"href":"https:\/\/www.basarreklam.com\/index.php\/wp-json\/wp\/v2\/types\/page"}],"author":[{"embeddable":true,"href":"https:\/\/www.basarreklam.com\/index.php\/wp-json\/wp\/v2\/users\/1"}],"replies":[{"embeddable":true,"href":"https:\/\/www.basarreklam.com\/index.php\/wp-json\/wp\/v2\/comments?post=26092"}],"version-history":[{"count":0,"href":"https:\/\/www.basarreklam.com\/index.php\/wp-json\/wp\/v2\/pages\/26092\/revisions"}],"wp:attachment":[{"href":"https:\/\/www.basarreklam.com\/index.php\/wp-json\/wp\/v2\/media?parent=26092"}],"curies":[{"name":"wp","href":"https:\/\/api.w.org\/{rel}","templated":true}]}}