{"id":360,"date":"2023-08-04T11:50:41","date_gmt":"2023-08-04T11:50:41","guid":{"rendered":"http:\/\/localhost\/context\/?page_id=360"},"modified":"2025-09-03T02:25:49","modified_gmt":"2025-09-02T23:25:49","slug":"hakkimizda","status":"publish","type":"page","link":"https:\/\/www.basarreklam.com\/index.php\/hakkimizda\/","title":{"rendered":"Hakk\u0131m\u0131zda"},"content":{"rendered":"\t\t<div data-elementor-type=\"wp-page\" data-elementor-id=\"360\" class=\"elementor elementor-360\" data-elementor-post-type=\"page\">\n\t\t\t\t\t\t<section class=\"elementor-section elementor-top-section elementor-element elementor-element-ce9545a elementor-section-boxed elementor-section-height-default elementor-section-height-default\" data-id=\"ce9545a\" data-element_type=\"section\">\n\t\t\t\t\t\t<div class=\"elementor-container elementor-column-gap-default\">\n\t\t\t\t\t<div class=\"elementor-column elementor-col-50 elementor-top-column elementor-element elementor-element-029564e\" data-id=\"029564e\" data-element_type=\"column\">\n\t\t\t<div class=\"elementor-widget-wrap elementor-element-populated\">\n\t\t\t\t\t\t<div class=\"elementor-element elementor-element-62eaf55 elementor-widget elementor-widget-witrsimage\" data-id=\"62eaf55\" data-element_type=\"widget\" data-widget_type=\"witrsimage.default\">\n\t\t\t\t<div class=\"elementor-widget-container\">\n\t\t\t\t\t\t\n\t\t<div class=\"single_image_area\">\n\t\t\t<div class=\"single_image single_line_option  \">\n\t\t\t\t<!-- image -->\n\t\t\t\t<img fetchpriority=\"high\" decoding=\"async\" width=\"1024\" height=\"768\" src=\"https:\/\/www.basarreklam.com\/wp-content\/uploads\/2025\/08\/WhatsApp-Gorsel-2025-08-20-saat-14.12.14_39fc8695-1024x768.jpg\" class=\"attachment-large size-large wp-image-23744\" alt=\"\" srcset=\"https:\/\/www.basarreklam.com\/wp-content\/uploads\/2025\/08\/WhatsApp-Gorsel-2025-08-20-saat-14.12.14_39fc8695-1024x768.jpg 1024w, https:\/\/www.basarreklam.com\/wp-content\/uploads\/2025\/08\/WhatsApp-Gorsel-2025-08-20-saat-14.12.14_39fc8695-300x225.jpg 300w, https:\/\/www.basarreklam.com\/wp-content\/uploads\/2025\/08\/WhatsApp-Gorsel-2025-08-20-saat-14.12.14_39fc8695-768x576.jpg 768w, https:\/\/www.basarreklam.com\/wp-content\/uploads\/2025\/08\/WhatsApp-Gorsel-2025-08-20-saat-14.12.14_39fc8695-1536x1152.jpg 1536w, https:\/\/www.basarreklam.com\/wp-content\/uploads\/2025\/08\/WhatsApp-Gorsel-2025-08-20-saat-14.12.14_39fc8695-600x450.jpg 600w, https:\/\/www.basarreklam.com\/wp-content\/uploads\/2025\/08\/WhatsApp-Gorsel-2025-08-20-saat-14.12.14_39fc8695.jpg 1600w\" sizes=\"(max-width: 1024px) 100vw, 1024px\" \/>\t\t\n\t\t\t\t\t\t\t\t\t\t\t<\/div>\n\t\t<\/div>\n\t\t\t\n\t\t\t\n\t\t\n\t\t\t\n\t\t\t\t\t\t<\/div>\n\t\t\t\t<\/div>\n\t\t\t\t\t<\/div>\n\t\t<\/div>\n\t\t\t\t<div class=\"elementor-column elementor-col-50 elementor-top-column elementor-element elementor-element-3f4840b\" data-id=\"3f4840b\" data-element_type=\"column\">\n\t\t\t<div class=\"elementor-widget-wrap elementor-element-populated\">\n\t\t\t\t\t\t<div class=\"elementor-element elementor-element-f6de8f5 elementor-widget elementor-widget-tts\" data-id=\"f6de8f5\" data-element_type=\"widget\" data-widget_type=\"tts.default\">\n\t\t\t\t<div class=\"elementor-widget-container\">\n\t\t\t\t\t\t\t\t\t\t<!-- title left -->\n\t\t\t\t\t<div class=\"tts text-left\">\n\t\t\t\t\t\t<div class=\"ttin\">\n\t\t\t\t\t\t\n\t\t\t\t\t\t\t<!-- icon position -->\n\t\t\t\t\t\t\t\t\n\t\t\t\t\t\t\t<!-- end icon position -->\n\t\t\t\t\t\t\t\n\t\t\t\t\t\t\t<!-- title top -->\n\t\t\t\t\t\t\t\n\n\t\t\t\t\t\t\t<!-- icon position -->\n\t\t\t\t\t\t\t\t\n\t\t\t\t\t\t\t<!-- end icon position -->\n\n\t\t\t\t\t\t\t<!-- title middle -->\n\t\t\t\t\t\t\t\t\t\t\t\t\t\t\t<h2 class=\"txbdstitle sttwo hlight\">Hakk\u0131m\u0131zda<\/h2>\n\t\t\t\t\t\t\t\t\t\t\t\t\t\t<!-- title bottom -->\n\t\t\t\t\t\t\t\n\t\t\t\t\t\t\t\t\t\t\t\t\t\t\n\t\t\t\t\t\t\t<!-- image -->\n\t\t\t\t\t\t\t\t\t\t\t\t\t\t<!-- icon -->\n\t\t\t\t\t\t\t\t\t\t\t\t\t\t\n\t\t\t\t\t\t\t<!-- bar -->\n\t\t\t\t\t\t\t\t\t\t\t\t\t\t<!-- circle bar -->\n\t\t\t\t\t\t\t\t\t\t\t\t\t\t\n\t\t\t\t\t\t\t\t\n\t\t\t\t\t\t\t\n\t\t\t\t\t\t\t<!-- content -->\n\t\t\t\t\t\t\t\t\t\t\t\t\t\t\t<p>15.04.2008 TAR\u0130H\u0130NDE KURULAN BA\u015eAR REKLAM \u00dcR\u00dcNLER\u0130 KERESTE \u0130N\u015eAAT.LTD.\u015eT\u0130 \n\n\u00d6NCEL\u0130\u011e\u0130 M\u00dc\u015eTER\u0130 MEMNUN\u0130YET\u0130 VE D\u00dcR\u00dcST H\u0130ZMET ANLAYI\u015eIYLA \u00c7ALI\u015eMALARINA DEVAM ETMEKTED\u0130R.\n\n\u00c7\u00d6Z\u00dcM ORTAKLARIMIZLA M\u00dc\u015eTER\u0130LER\u0130M\u0130Z\u0130N \u0130STEKLER\u0130 DO\u011eRULTUSUNDA KAL\u0130TEY\u0130 UYGUN F\u0130YATLARA SUNAN \u015e\u0130RKET\u0130M\u0130Z DO\u011eU VE G\u00dcNEYDO\u011eUDA B\u0130R \u00c7OK \u0130LLERE SAHA SATI\u015e EK\u0130B\u0130M\u0130Z M\u00dc\u015eTER\u0130LER\u0130M\u0130ZE H\u0130ZMET ULA\u015eTIRMAKTADIR.\n\n\u015e\u0130RKET\u0130M\u0130Z ORACAL,ASA\u015e,B\u0130RLE\u015e\u0130K AKR\u0130L\u0130K G\u0130B\u0130 FABR\u0130KALARIN B\u00d6LGE BAY\u0130S\u0130D\u0130R.\n\nV\u0130N\u0130L \u00dcR\u00dcN GURUBU \u015e\u0130RKET\u0130M\u0130Z TARAFINDAN \u0130THAL ED\u0130LMEKTED\u0130R.\n\nM\u00dc\u015eTER\u0130LER\u0130M\u0130Z\u0130N KAZANCI B\u0130Z\u0130M KAZANCIMIZDIR ANLAYI\u015eIYLA \u015e\u0130RKET\u0130M\u0130Z, \u00c7ALI\u015eMALARINA HIZ KESMEDEN HER GE\u00c7EN G\u00dcN M\u00dc\u015eTER\u0130LER\u0130YLE B\u0130RL\u0130KTE B\u00dcY\u00dcMEKTED\u0130R.T\u00dcM T\u00dcRK\u0130YE'YE H\u0130ZMET VERMEKTED\u0130R <\/p>\t\t\n\t\t\t\t\t\t\t\t\n\t\t\t\t\t\t<\/div>\n\t\t\t\t\t\t\t<!-- inner title -->\n\t\t\t\t\t\t\t\t\t\t\t\t\t\n\t\t\t\t\t<\/div>\t\t\t\t\n\t\t\t\t\t\t\t\t<\/div>\n\t\t\t\t<\/div>\n\t\t\t\t\t<\/div>\n\t\t<\/div>\n\t\t\t\t\t<\/div>\n\t\t<\/section>\n\t\t\t\t<\/div>\n\t\t","protected":false},"excerpt":{"rendered":"<p>Hakk\u0131m\u0131zda 15.04.2008 TAR\u0130H\u0130NDE KURULAN BA\u015eAR REKLAM \u00dcR\u00dcNLER\u0130 KERESTE \u0130N\u015eAAT.LTD.\u015eT\u0130 \u00d6NCEL\u0130\u011e\u0130 M\u00dc\u015eTER\u0130 MEMNUN\u0130YET\u0130 VE D\u00dcR\u00dcST H\u0130ZMET ANLAYI\u015eIYLA \u00c7ALI\u015eMALARINA DEVAM ETMEKTED\u0130R. \u00c7\u00d6Z\u00dcM ORTAKLARIMIZLA M\u00dc\u015eTER\u0130LER\u0130M\u0130Z\u0130N \u0130STEKLER\u0130 DO\u011eRULTUSUNDA KAL\u0130TEY\u0130 UYGUN F\u0130YATLARA SUNAN \u015e\u0130RKET\u0130M\u0130Z DO\u011eU VE G\u00dcNEYDO\u011eUDA B\u0130R \u00c7OK \u0130LLERE SAHA SATI\u015e EK\u0130B\u0130M\u0130Z M\u00dc\u015eTER\u0130LER\u0130M\u0130ZE H\u0130ZMET ULA\u015eTIRMAKTADIR. \u015e\u0130RKET\u0130M\u0130Z ORACAL,ASA\u015e,B\u0130RLE\u015e\u0130K AKR\u0130L\u0130K G\u0130B\u0130 FABR\u0130KALARIN B\u00d6LGE BAY\u0130S\u0130D\u0130R. V\u0130N\u0130L \u00dcR\u00dcN GURUBU \u015e\u0130RKET\u0130M\u0130Z TARAFINDAN \u0130THAL ED\u0130LMEKTED\u0130R. [&hellip;]<\/p>\n","protected":false},"author":1,"featured_media":0,"parent":0,"menu_order":0,"comment_status":"closed","ping_status":"closed","template":"template-home.php","meta":{"footnotes":""},"class_list":["post-360","page","type-page","status-publish","hentry"],"_links":{"self":[{"href":"https:\/\/www.basarreklam.com\/index.php\/wp-json\/wp\/v2\/pages\/360","targetHints":{"allow":["GET"]}}],"collection":[{"href":"https:\/\/www.basarreklam.com\/index.php\/wp-json\/wp\/v2\/pages"}],"about":[{"href":"https:\/\/www.basarreklam.com\/index.php\/wp-json\/wp\/v2\/types\/page"}],"author":[{"embeddable":true,"href":"https:\/\/www.basarreklam.com\/index.php\/wp-json\/wp\/v2\/users\/1"}],"replies":[{"embeddable":true,"href":"https:\/\/www.basarreklam.com\/index.php\/wp-json\/wp\/v2\/comments?post=360"}],"version-history":[{"count":0,"href":"https:\/\/www.basarreklam.com\/index.php\/wp-json\/wp\/v2\/pages\/360\/revisions"}],"wp:attachment":[{"href":"https:\/\/www.basarreklam.com\/index.php\/wp-json\/wp\/v2\/media?parent=360"}],"curies":[{"name":"wp","href":"https:\/\/api.w.org\/{rel}","templated":true}]}}