{"id":26471,"date":"2025-09-03T03:06:44","date_gmt":"2025-09-03T00:06:44","guid":{"rendered":"https:\/\/www.basarreklam.com\/?post_type=product&#038;p=26471"},"modified":"2025-09-03T03:06:44","modified_gmt":"2025-09-03T00:06:44","slug":"3m-ij20-dijital-baski-folyosu","status":"publish","type":"product","link":"https:\/\/www.basarreklam.com\/index.php\/product\/3m-ij20-dijital-baski-folyosu\/","title":{"rendered":"3M\u2122 IJ20 Dijital Bask\u0131 Folyosu"},"content":{"rendered":"<div class=\"vTabWrapper\">\n<div class=\"hidden-xs\">\n<ul role=\"tablist\" data-select=\"1\">\n<li class=\"active\" role=\"presentation\">Genel \u00d6zellikler<\/li>\n<\/ul>\n<\/div>\n<\/div>\n<div class=\"tab-content\">\n<div id=\"genel-ozellikler\" class=\"tab-pane fade in active\" role=\"tabpanel\">\n<div class=\"panelContent\">\n<div class=\"cnt vPadding\" data-prop=\"text\">\n<ul class=\"MMM--pdpList SNAPS--bullets\">\n<li>D\u00fcz y\u00fczeylere k\u0131sa s\u00fcreli promosyonel uygulamalar i\u00e7in uygundur. 2 y\u0131la kadar dayan\u0131kl\u0131d\u0131r. Tavsiye edilen laminasyonlar: 8008G\/8010M, IJ20-114\/IJ20-124<\/li>\n<li>Gri yap\u0131\u015fkan.<\/li>\n<li>Kolay s\u00f6k\u00fclebilirlik.<\/li>\n<li>\n<div class=\"extensions\">\n<div id=\"teknik-ozellikler\" class=\"extensionsContent teknik-ozellikler\">\n<h3>Teknik \u00d6zellikler<\/h3>\n<div class=\"cnt vPadding\" data-prop=\"text\">\n<div class=\"table-responsive\">\n<table class=\"MMM--dat MMM--pdpTabVr SNAPS--SpecTbl-Mt15 table table-bordered table-hover table-striped\">\n<tbody>\n<tr class=\"MMM--dat-row\">\n<td>\n<div class=\"MMM--dat-cell SNAPS-specAdjust\"><span class=\"MMM--txt_bold\">Adeziv Tipi<\/span><\/div>\n<\/td>\n<td>\n<div class=\"MMM--dat-cell dat-cell_specDefinition SNAPS-specAdjust SNAPS--SpecTbl-RowCols SNAPS--SpecTbl-Overflow\"><span class=\"MMM--txt_bold\">Bas\u0131n\u00e7 duyarl\u0131<\/span><\/div>\n<\/td>\n<\/tr>\n<tr class=\"MMM--dat-row\">\n<td>\n<div class=\"MMM--dat-cell SNAPS-specAdjust\"><span class=\"MMM--txt_bold\">Aile<\/span><\/div>\n<\/td>\n<td>\n<div class=\"MMM--dat-cell dat-cell_specDefinition SNAPS-specAdjust SNAPS--SpecTbl-RowCols SNAPS--SpecTbl-Overflow\"><span class=\"MMM--txt_bold\">Dijital Bask\u0131 Filmleri<\/span><\/div>\n<\/td>\n<\/tr>\n<tr class=\"MMM--dat-row\">\n<td>\n<div class=\"MMM--dat-cell SNAPS-specAdjust\"><span class=\"MMM--txt_bold\">Bask\u0131 Uyumlulu\u011fu<\/span><\/div>\n<\/td>\n<td>\n<div class=\"MMM--dat-cell dat-cell_specDefinition SNAPS-specAdjust SNAPS--SpecTbl-RowCols SNAPS--SpecTbl-Overflow\"><span class=\"MMM--txt_bold\">Latex<\/span><span class=\"MMM--txt_bold\">, \u00c7\u00f6z\u00fcc\u00fc<\/span><span class=\"MMM--txt_bold\">, UV<\/span><\/div>\n<\/td>\n<\/tr>\n<tr class=\"MMM--dat-row\">\n<td>\n<div class=\"MMM--dat-cell SNAPS-specAdjust\"><span class=\"MMM--txt_bold\">Folyo Tipi<\/span><\/div>\n<\/td>\n<td>\n<div class=\"MMM--dat-cell dat-cell_specDefinition SNAPS-specAdjust SNAPS--SpecTbl-RowCols SNAPS--SpecTbl-Overflow\"><span class=\"MMM--txt_bold\">Polimerik kalenderik<\/span><\/div>\n<\/td>\n<\/tr>\n<tr class=\"MMM--dat-row\">\n<td>\n<div class=\"MMM--dat-cell SNAPS-specAdjust\"><span class=\"MMM--txt_bold\">Geni\u015flik<\/span><\/div>\n<\/td>\n<td>\n<div class=\"MMM--dat-cell dat-cell_specDefinition SNAPS-specAdjust SNAPS--SpecTbl-RowCols SNAPS--SpecTbl-Overflow\"><span class=\"MMM--txt_bold\">1,37 m<\/span><\/div>\n<\/td>\n<\/tr>\n<tr class=\"MMM--dat-row\">\n<td>\n<div class=\"MMM--dat-cell SNAPS-specAdjust\"><span class=\"MMM--txt_bold\">Hat<\/span><\/div>\n<\/td>\n<td>\n<div class=\"MMM--dat-cell dat-cell_specDefinition SNAPS-specAdjust SNAPS--SpecTbl-RowCols SNAPS--SpecTbl-Overflow\"><span class=\"MMM--txt_bold\">Dijital Bask\u0131 Filmleri, Laminasyon ve M\u00fcrekkepler<\/span><\/div>\n<\/td>\n<\/tr>\n<tr class=\"MMM--dat-row\">\n<td>\n<div class=\"MMM--dat-cell SNAPS-specAdjust\"><span class=\"MMM--txt_bold\">Opakl\u0131k Seviyesi<\/span><\/div>\n<\/td>\n<td>\n<div class=\"MMM--dat-cell dat-cell_specDefinition SNAPS-specAdjust SNAPS--SpecTbl-RowCols SNAPS--SpecTbl-Overflow\"><span class=\"MMM--txt_bold\">Opak<\/span><\/div>\n<\/td>\n<\/tr>\n<tr class=\"MMM--dat-row\">\n<td>\n<div class=\"MMM--dat-cell SNAPS-specAdjust\"><span class=\"MMM--txt_bold\">Performans D\u00fczeyi<\/span><\/div>\n<\/td>\n<td>\n<div class=\"MMM--dat-cell dat-cell_specDefinition SNAPS-specAdjust SNAPS--SpecTbl-RowCols SNAPS--SpecTbl-Overflow\"><span class=\"MMM--txt_bold\">Promosyonel<\/span><\/div>\n<\/td>\n<\/tr>\n<tr class=\"MMM--dat-row\">\n<td>\n<div class=\"MMM--dat-cell SNAPS-specAdjust\"><span class=\"MMM--txt_bold\">Renk<\/span><\/div>\n<\/td>\n<td>\n<div class=\"MMM--dat-cell dat-cell_specDefinition SNAPS-specAdjust SNAPS--SpecTbl-RowCols SNAPS--SpecTbl-Overflow\"><span class=\"MMM--txt_bold\">Beyaz<\/span><\/div>\n<\/td>\n<\/tr>\n<tr class=\"MMM--dat-row\">\n<td>\n<div class=\"MMM--dat-cell SNAPS-specAdjust\"><span class=\"MMM--txt_bold\">Renk Paleti<\/span><\/div>\n<\/td>\n<td>\n<div class=\"MMM--dat-cell dat-cell_specDefinition SNAPS-specAdjust SNAPS--SpecTbl-RowCols SNAPS--SpecTbl-Overflow\"><span class=\"MMM--txt_bold\">Beyaz<\/span><\/div>\n<\/td>\n<\/tr>\n<tr class=\"MMM--dat-row\">\n<td>\n<div class=\"MMM--dat-cell SNAPS-specAdjust\"><span class=\"MMM--txt_bold\">Servis S\u0131cakl\u0131\u011f\u0131<\/span><\/div>\n<\/td>\n<td>\n<div class=\"MMM--dat-cell dat-cell_specDefinition SNAPS-specAdjust SNAPS--SpecTbl-RowCols SNAPS--SpecTbl-Overflow\"><span class=\"MMM--txt_bold\">-50\u00b0C &#8212; +90\u00b0C<\/span><\/div>\n<\/td>\n<\/tr>\n<tr class=\"MMM--dat-row\">\n<td>\n<div class=\"MMM--dat-cell SNAPS-specAdjust\"><span class=\"MMM--txt_bold\">S\u00f6k\u00fclebilirlik<\/span><\/div>\n<\/td>\n<td>\n<div class=\"MMM--dat-cell dat-cell_specDefinition SNAPS-specAdjust SNAPS--SpecTbl-RowCols SNAPS--SpecTbl-Overflow\"><span class=\"MMM--txt_bold\">Is\u0131 olmadan s\u00f6k\u00fclebilir<\/span><\/div>\n<\/td>\n<\/tr>\n<tr class=\"MMM--dat-row\">\n<td>\n<div class=\"MMM--dat-cell SNAPS-specAdjust\"><span class=\"MMM--txt_bold\">Uygulamalar<\/span><\/div>\n<\/td>\n<td>\n<div class=\"MMM--dat-cell dat-cell_specDefinition SNAPS-specAdjust SNAPS--SpecTbl-RowCols SNAPS--SpecTbl-Overflow\"><span class=\"MMM--txt_bold\">Bina<\/span><span class=\"MMM--txt_bold\">, Araba &amp; Ticari Ara\u00e7<\/span><span class=\"MMM--txt_bold\">, Te\u015fhir\/ Vitrin<\/span><span class=\"MMM--txt_bold\">, Opak Tabela<\/span><span class=\"MMM--txt_bold\">, B\u00f6l\u00fcm<\/span><span class=\"MMM--txt_bold\">, Toplu Ta\u015f\u0131ma<\/span><span class=\"MMM--txt_bold\">, Duvar<\/span><\/div>\n<\/td>\n<\/tr>\n<tr class=\"MMM--dat-row\">\n<td>\n<div class=\"MMM--dat-cell SNAPS-specAdjust\"><span class=\"MMM--txt_bold\">Uygulama Metodu<\/span><\/div>\n<\/td>\n<td>\n<div class=\"MMM--dat-cell dat-cell_specDefinition SNAPS-specAdjust SNAPS--SpecTbl-RowCols SNAPS--SpecTbl-Overflow\"><span class=\"MMM--txt_bold\">Kuru<\/span><\/div>\n<\/td>\n<\/tr>\n<tr class=\"MMM--dat-row\">\n<td>\n<div class=\"MMM--dat-cell SNAPS-specAdjust\"><span class=\"MMM--txt_bold\">Uygulama S\u0131cakl\u0131\u011f\u0131 (C)<\/span><\/div>\n<\/td>\n<td>\n<div class=\"MMM--dat-cell dat-cell_specDefinition SNAPS-specAdjust SNAPS--SpecTbl-RowCols SNAPS--SpecTbl-Overflow\"><span class=\"MMM--txt_bold\">+10\u00b0C minimum (ortam ve y\u00fczey s\u0131cakl\u0131\u011f\u0131)<\/span><\/div>\n<\/td>\n<\/tr>\n<tr class=\"MMM--dat-row\">\n<td>\n<div class=\"MMM--dat-cell SNAPS-specAdjust\"><span class=\"MMM--txt_bold\">Uzunluk<\/span><\/div>\n<\/td>\n<td>\n<div class=\"MMM--dat-cell dat-cell_specDefinition SNAPS-specAdjust SNAPS--SpecTbl-RowCols SNAPS--SpecTbl-Overflow\"><span class=\"MMM--txt_bold\">50 m<\/span><\/div>\n<\/td>\n<\/tr>\n<tr class=\"MMM--dat-row\">\n<td>\n<div class=\"MMM--dat-cell SNAPS-specAdjust\"><span class=\"MMM--txt_bold\">Yap\u0131\u015fkan \u0130\u00e7eri\u011fi<\/span><\/div>\n<\/td>\n<td>\n<div class=\"MMM--dat-cell dat-cell_specDefinition SNAPS-specAdjust SNAPS--SpecTbl-RowCols SNAPS--SpecTbl-Overflow\"><span class=\"MMM--txt_bold\">Su Bazl\u0131 Akrilik<\/span><\/div>\n<\/td>\n<\/tr>\n<tr class=\"MMM--dat-row\">\n<td>\n<div class=\"MMM--dat-cell SNAPS-specAdjust\"><span class=\"MMM--txt_bold\">Yap\u0131\u015fkan Rengi<\/span><\/div>\n<\/td>\n<td>\n<div class=\"MMM--dat-cell dat-cell_specDefinition SNAPS-specAdjust SNAPS--SpecTbl-RowCols SNAPS--SpecTbl-Overflow\"><span class=\"MMM--txt_bold\">Gri<\/span><\/div>\n<\/td>\n<\/tr>\n<tr class=\"MMM--dat-row\">\n<td>\n<div class=\"MMM--dat-cell SNAPS-specAdjust\"><span class=\"MMM--txt_bold\">Y\u00fczey \u00c7e\u015fitleri<\/span><\/div>\n<\/td>\n<td>\n<div class=\"MMM--dat-cell dat-cell_specDefinition SNAPS-specAdjust SNAPS--SpecTbl-RowCols SNAPS--SpecTbl-Overflow\"><span class=\"MMM--txt_bold\">Al\u00fcminyum<\/span><span class=\"MMM--txt_bold\">, Cam<\/span><span class=\"MMM--txt_bold\">, Boya<\/span><span class=\"MMM--txt_bold\">, PMMA (Pleksiglas)<\/span><span class=\"MMM--txt_bold\">, Polikarbon<\/span><\/div>\n<\/td>\n<\/tr>\n<tr class=\"MMM--dat-row\">\n<td>\n<div class=\"MMM--dat-cell SNAPS-specAdjust\"><span class=\"MMM--txt_bold\">Y\u00fczey Tipi<\/span><\/div>\n<\/td>\n<td>\n<div class=\"MMM--dat-cell dat-cell_specDefinition SNAPS-specAdjust SNAPS--SpecTbl-RowCols SNAPS--SpecTbl-Overflow\"><span class=\"MMM--txt_bold\">D\u00fcz<\/span><\/div>\n<\/td>\n<\/tr>\n<tr class=\"MMM--dat-row\">\n<td>\n<div class=\"MMM--dat-cell SNAPS-specAdjust\"><span class=\"MMM--txt_bold\">Y\u00fczey Yap\u0131s\u0131<\/span><\/div>\n<\/td>\n<td>\n<div class=\"MMM--dat-cell dat-cell_specDefinition SNAPS-specAdjust SNAPS--SpecTbl-RowCols SNAPS--SpecTbl-Overflow\"><span class=\"MMM--txt_bold\">Parlak<\/span><\/div>\n<div><span class=\"MMM--txt_bold\">\u00a0<\/span><\/div>\n<\/td>\n<\/tr>\n<\/tbody>\n<\/table>\n<\/div>\n<\/div>\n<\/div>\n<\/div>\n<div id=\"files\"><\/div>\n<\/li>\n<\/ul>\n<\/div>\n<\/div>\n<\/div>\n<\/div>\n","protected":false},"excerpt":{"rendered":"<p class=\"SNAPS--pdpTabDes\">Piezo m\u00fcrekkep p\u00fcsk\u00fcrtmeli bask\u0131 i\u00e7in monomerik kalenderik film (70 \u00b5m) \u00fcr\u00fcn grubu.<\/p>\n<p class=\"SNAPS--pdpTabDes\">M\u00fckemmel gizleme g\u00fcc\u00fc i\u00e7in \u00e7\u0131kar\u0131labilir, gri pigmentli,<\/p>\n<p class=\"SNAPS--pdpTabDes\">bas\u0131nca duyarl\u0131 yap\u0131\u015ft\u0131r\u0131c\u0131yla parlak ve mat beyaz laminasyon ve \u00e7\u0131kar\u0131labilir,<\/p>\n<p class=\"SNAPS--pdpTabDes\">\u015feffaf, bas\u0131nca duyarl\u0131 yap\u0131\u015ft\u0131r\u0131c\u0131yla parlak beyaz ve \u015feffaf parlak ve mat olarak mevcuttur.<\/p>\n<h3>Renk Se\u00e7enekleri<\/h3>\n<div class=\"item\" title=\"\" data-toggle=\"tooltip\" data-placement=\"top\" data-original-title=\"Beyaz Renk\"><img decoding=\"async\" class=\"img-responsive\" src=\"https:\/\/kurumsal.sds.com.tr\/files\/etiketler\/beyaz.png\" \/><\/div>\n<div title=\"\" data-toggle=\"tooltip\" data-placement=\"top\" data-original-title=\"Beyaz Renk\">\n<h3>Ebatlar<\/h3>\n<p><img decoding=\"async\" class=\"img-responsive\" src=\"https:\/\/kurumsal.sds.com.tr\/files\/etiketler\/1_05x50m.png\" \/> <img decoding=\"async\" class=\"img-responsive\" src=\"https:\/\/kurumsal.sds.com.tr\/files\/etiketler\/1_26x50m.png\" \/> <img decoding=\"async\" class=\"img-responsive\" src=\"https:\/\/kurumsal.sds.com.tr\/files\/etiketler\/1_37x50m.png\" \/> <img decoding=\"async\" class=\"img-responsive\" src=\"https:\/\/kurumsal.sds.com.tr\/files\/etiketler\/1_52x50m.png\" \/><\/p>\n<div class=\"item\" title=\"\" data-toggle=\"tooltip\" data-placement=\"top\" data-original-title=\"Bir rulo 1,37m x 50m ebat\u0131ndad\u0131r.\"><\/div>\n<\/div>\n","protected":false},"featured_media":26472,"comment_status":"closed","ping_status":"closed","template":"","meta":[],"product_brand":[],"product_cat":[26],"product_tag":[],"class_list":{"0":"post-26471","1":"product","2":"type-product","3":"status-publish","4":"has-post-thumbnail","6":"product_cat-monomerik-baski-folyolari","8":"first","9":"instock","10":"shipping-taxable","11":"product-type-simple"},"_links":{"self":[{"href":"https:\/\/www.basarreklam.com\/index.php\/wp-json\/wp\/v2\/product\/26471","targetHints":{"allow":["GET"]}}],"collection":[{"href":"https:\/\/www.basarreklam.com\/index.php\/wp-json\/wp\/v2\/product"}],"about":[{"href":"https:\/\/www.basarreklam.com\/index.php\/wp-json\/wp\/v2\/types\/product"}],"replies":[{"embeddable":true,"href":"https:\/\/www.basarreklam.com\/index.php\/wp-json\/wp\/v2\/comments?post=26471"}],"version-history":[{"count":0,"href":"https:\/\/www.basarreklam.com\/index.php\/wp-json\/wp\/v2\/product\/26471\/revisions"}],"wp:featuredmedia":[{"embeddable":true,"href":"https:\/\/www.basarreklam.com\/index.php\/wp-json\/wp\/v2\/media\/26472"}],"wp:attachment":[{"href":"https:\/\/www.basarreklam.com\/index.php\/wp-json\/wp\/v2\/media?parent=26471"}],"wp:term":[{"taxonomy":"product_brand","embeddable":true,"href":"https:\/\/www.basarreklam.com\/index.php\/wp-json\/wp\/v2\/product_brand?post=26471"},{"taxonomy":"product_cat","embeddable":true,"href":"https:\/\/www.basarreklam.com\/index.php\/wp-json\/wp\/v2\/product_cat?post=26471"},{"taxonomy":"product_tag","embeddable":true,"href":"https:\/\/www.basarreklam.com\/index.php\/wp-json\/wp\/v2\/product_tag?post=26471"}],"curies":[{"name":"wp","href":"https:\/\/api.w.org\/{rel}","templated":true}]}}